{"id":9794,"date":"2023-11-14T11:19:04","date_gmt":"2023-11-14T11:19:04","guid":{"rendered":"https:\/\/sitandheat.com\/?post_type=product&#038;p=9794"},"modified":"2025-07-22T10:13:55","modified_gmt":"2025-07-22T10:13:55","slug":"transformator-300-watt","status":"publish","type":"product","link":"https:\/\/sitandheat.com\/se\/product\/transformer-300-watt\/","title":{"rendered":"Transformator 300 watt"},"content":{"rendered":"<p>Anv\u00e4nd en v\u00e4xelriktare f\u00f6r att ansluta v\u00e5ra dynor till eln\u00e4tet. Plug &amp; Play: plugga in i v\u00e4gguttaget, koppla in i dynan och njut! Invertern p\u00e5 300 watt kan anv\u00e4ndas f\u00f6r att v\u00e4rma flera soffor samtidigt.<\/p>","protected":false},"excerpt":{"rendered":"<p>Watt ett kraftpaket: Transformer 300 kan v\u00e4rma upp totalt sex rygg- och sittytor eller 12 enskilda sittytor.<\/p>","protected":false},"featured_media":13597,"comment_status":"open","ping_status":"closed","template":"","meta":{"_acf_changed":false,"content-type":"","inline_featured_image":false},"product_brand":[],"product_cat":[31],"product_tag":[46],"class_list":{"0":"post-9794","1":"product","2":"type-product","3":"status-publish","4":"has-post-thumbnail","6":"product_cat-power","7":"product_tag-vandaag-besteld-morgen-in-huis","9":"first","10":"instock","11":"taxable","12":"shipping-taxable","13":"purchasable","14":"product-type-simple"},"acf":[],"yoast_head":"<!-- This site is optimized with the Yoast SEO plugin v27.3 - https:\/\/yoast.com\/product\/yoast-seo-wordpress\/ -->\n<title>Sit &amp; Heat | Omvormer 300W<\/title>\n<meta name=\"description\" content=\"Voorzie meerdere zitplaatsen van stroom met de Sit &amp; Heat Omvormer 300W. Voorzie uw ruimte van stroom met Sit &amp; Heat.\" \/>\n<meta name=\"robots\" content=\"index, follow, max-snippet:-1, max-image-preview:large, max-video-preview:-1\" \/>\n<link rel=\"canonical\" href=\"https:\/\/sitandheat.com\/se\/produkt\/transformator-300-watt\/\" \/>\n<meta property=\"og:locale\" content=\"sv_SE\" \/>\n<meta property=\"og:type\" content=\"article\" \/>\n<meta property=\"og:title\" content=\"Sit &amp; Heat | Omvormer 300W\" \/>\n<meta property=\"og:description\" content=\"Voorzie meerdere zitplaatsen van stroom met de Sit &amp; Heat Omvormer 300W. Voorzie uw ruimte van stroom met Sit &amp; Heat.\" \/>\n<meta property=\"og:url\" content=\"https:\/\/sitandheat.com\/se\/produkt\/transformator-300-watt\/\" \/>\n<meta property=\"og:site_name\" content=\"Sit &amp; Heat\" \/>\n<meta property=\"article:publisher\" content=\"https:\/\/www.facebook.com\/SitandHeat\" \/>\n<meta property=\"article:modified_time\" content=\"2025-07-22T10:13:55+00:00\" \/>\n<meta property=\"og:image\" content=\"https:\/\/sitandheat.com\/wp-content\/uploads\/2023\/11\/300W.jpg\" \/>\n\t<meta property=\"og:image:width\" content=\"800\" \/>\n\t<meta property=\"og:image:height\" content=\"800\" \/>\n\t<meta property=\"og:image:type\" content=\"image\/jpeg\" \/>\n<meta name=\"twitter:card\" content=\"summary_large_image\" \/>\n<meta name=\"twitter:label1\" content=\"Ber\u00e4knad l\u00e4stid\" \/>\n\t<meta name=\"twitter:data1\" content=\"1 minut\" \/>\n<script type=\"application\/ld+json\" class=\"yoast-schema-graph\">{\"@context\":\"https:\\\/\\\/schema.org\",\"@graph\":[{\"@type\":\"WebPage\",\"@id\":\"https:\\\/\\\/sitandheat.com\\\/product\\\/transformer-300-watt\\\/\",\"url\":\"https:\\\/\\\/sitandheat.com\\\/product\\\/transformer-300-watt\\\/\",\"name\":\"Sit & Heat | Omvormer 300W\",\"isPartOf\":{\"@id\":\"https:\\\/\\\/sitandheat.com\\\/#website\"},\"primaryImageOfPage\":{\"@id\":\"https:\\\/\\\/sitandheat.com\\\/product\\\/transformer-300-watt\\\/#primaryimage\"},\"image\":{\"@id\":\"https:\\\/\\\/sitandheat.com\\\/product\\\/transformer-300-watt\\\/#primaryimage\"},\"thumbnailUrl\":\"https:\\\/\\\/sitandheat.com\\\/wp-content\\\/uploads\\\/2023\\\/11\\\/300W.jpg\",\"datePublished\":\"2023-11-14T11:19:04+00:00\",\"dateModified\":\"2025-07-22T10:13:55+00:00\",\"description\":\"Voorzie meerdere zitplaatsen van stroom met de Sit & Heat Omvormer 300W. Voorzie uw ruimte van stroom met Sit & Heat.\",\"breadcrumb\":{\"@id\":\"https:\\\/\\\/sitandheat.com\\\/product\\\/transformer-300-watt\\\/#breadcrumb\"},\"inLanguage\":\"sv-SE\",\"potentialAction\":[{\"@type\":\"ReadAction\",\"target\":[\"https:\\\/\\\/sitandheat.com\\\/product\\\/transformer-300-watt\\\/\"]}]},{\"@type\":\"ImageObject\",\"inLanguage\":\"sv-SE\",\"@id\":\"https:\\\/\\\/sitandheat.com\\\/product\\\/transformer-300-watt\\\/#primaryimage\",\"url\":\"https:\\\/\\\/sitandheat.com\\\/wp-content\\\/uploads\\\/2023\\\/11\\\/300W.jpg\",\"contentUrl\":\"https:\\\/\\\/sitandheat.com\\\/wp-content\\\/uploads\\\/2023\\\/11\\\/300W.jpg\",\"width\":800,\"height\":800},{\"@type\":\"BreadcrumbList\",\"@id\":\"https:\\\/\\\/sitandheat.com\\\/product\\\/transformer-300-watt\\\/#breadcrumb\",\"itemListElement\":[{\"@type\":\"ListItem\",\"position\":1,\"name\":\"Home\",\"item\":\"https:\\\/\\\/sitandheat.com\\\/\"},{\"@type\":\"ListItem\",\"position\":2,\"name\":\"Shop\",\"item\":\"https:\\\/\\\/sitandheat.com\\\/shop\\\/\"},{\"@type\":\"ListItem\",\"position\":3,\"name\":\"Transformer 300 Watt\"}]},{\"@type\":\"WebSite\",\"@id\":\"https:\\\/\\\/sitandheat.com\\\/#website\",\"url\":\"https:\\\/\\\/sitandheat.com\\\/\",\"name\":\"Sit &amp; Heat\",\"description\":\"Slimme warmtekussens in jouw stijl\",\"publisher\":{\"@id\":\"https:\\\/\\\/sitandheat.com\\\/#organization\"},\"potentialAction\":[{\"@type\":\"SearchAction\",\"target\":{\"@type\":\"EntryPoint\",\"urlTemplate\":\"https:\\\/\\\/sitandheat.com\\\/?s={search_term_string}\"},\"query-input\":{\"@type\":\"PropertyValueSpecification\",\"valueRequired\":true,\"valueName\":\"search_term_string\"}}],\"inLanguage\":\"sv-SE\"},{\"@type\":\"Organization\",\"@id\":\"https:\\\/\\\/sitandheat.com\\\/#organization\",\"name\":\"Sit &amp; Heat\",\"url\":\"https:\\\/\\\/sitandheat.com\\\/\",\"logo\":{\"@type\":\"ImageObject\",\"inLanguage\":\"sv-SE\",\"@id\":\"https:\\\/\\\/sitandheat.com\\\/#\\\/schema\\\/logo\\\/image\\\/\",\"url\":\"https:\\\/\\\/sitandheat.com\\\/wp-content\\\/uploads\\\/2023\\\/11\\\/SH_LogoWit-1.svg\",\"contentUrl\":\"https:\\\/\\\/sitandheat.com\\\/wp-content\\\/uploads\\\/2023\\\/11\\\/SH_LogoWit-1.svg\",\"width\":\"1024\",\"height\":\"1024\",\"caption\":\"Sit &amp; Heat\"},\"image\":{\"@id\":\"https:\\\/\\\/sitandheat.com\\\/#\\\/schema\\\/logo\\\/image\\\/\"},\"sameAs\":[\"https:\\\/\\\/www.facebook.com\\\/SitandHeat\"]}]}<\/script>\n<!-- \/ Yoast SEO plugin. -->","yoast_head_json":{"title":"Sit &amp; Heat | Inverter 300W","description":"F\u00f6rs\u00f6rj flera sittplatser med str\u00f6m med Sit &amp; Heat Inverter 300W. F\u00f6rs\u00f6rj ditt utrymme med str\u00f6m med Sit &amp; Heat.","robots":{"index":"index","follow":"follow","max-snippet":"max-snippet:-1","max-image-preview":"max-image-preview:large","max-video-preview":"max-video-preview:-1"},"canonical":"https:\/\/sitandheat.com\/se\/produkt\/transformator-300-watt\/","og_locale":"sv_SE","og_type":"article","og_title":"Sit & Heat | Omvormer 300W","og_description":"Voorzie meerdere zitplaatsen van stroom met de Sit & Heat Omvormer 300W. Voorzie uw ruimte van stroom met Sit & Heat.","og_url":"https:\/\/sitandheat.com\/se\/produkt\/transformator-300-watt\/","og_site_name":"Sit &amp; Heat","article_publisher":"https:\/\/www.facebook.com\/SitandHeat","article_modified_time":"2025-07-22T10:13:55+00:00","og_image":[{"width":800,"height":800,"url":"https:\/\/sitandheat.com\/wp-content\/uploads\/2023\/11\/300W.jpg","type":"image\/jpeg"}],"twitter_card":"summary_large_image","twitter_misc":{"Ber\u00e4knad l\u00e4stid":"1 minut"},"schema":{"@context":"https:\/\/schema.org","@graph":[{"@type":"WebPage","@id":"https:\/\/sitandheat.com\/product\/transformer-300-watt\/","url":"https:\/\/sitandheat.com\/product\/transformer-300-watt\/","name":"Sit &amp; Heat | Inverter 300W","isPartOf":{"@id":"https:\/\/sitandheat.com\/#website"},"primaryImageOfPage":{"@id":"https:\/\/sitandheat.com\/product\/transformer-300-watt\/#primaryimage"},"image":{"@id":"https:\/\/sitandheat.com\/product\/transformer-300-watt\/#primaryimage"},"thumbnailUrl":"https:\/\/sitandheat.com\/wp-content\/uploads\/2023\/11\/300W.jpg","datePublished":"2023-11-14T11:19:04+00:00","dateModified":"2025-07-22T10:13:55+00:00","description":"F\u00f6rs\u00f6rj flera sittplatser med str\u00f6m med Sit &amp; Heat Inverter 300W. F\u00f6rs\u00f6rj ditt utrymme med str\u00f6m med Sit &amp; Heat.","breadcrumb":{"@id":"https:\/\/sitandheat.com\/product\/transformer-300-watt\/#breadcrumb"},"inLanguage":"sv-SE","potentialAction":[{"@type":"ReadAction","target":["https:\/\/sitandheat.com\/product\/transformer-300-watt\/"]}]},{"@type":"ImageObject","inLanguage":"sv-SE","@id":"https:\/\/sitandheat.com\/product\/transformer-300-watt\/#primaryimage","url":"https:\/\/sitandheat.com\/wp-content\/uploads\/2023\/11\/300W.jpg","contentUrl":"https:\/\/sitandheat.com\/wp-content\/uploads\/2023\/11\/300W.jpg","width":800,"height":800},{"@type":"BreadcrumbList","@id":"https:\/\/sitandheat.com\/product\/transformer-300-watt\/#breadcrumb","itemListElement":[{"@type":"ListItem","position":1,"name":"Home","item":"https:\/\/sitandheat.com\/"},{"@type":"ListItem","position":2,"name":"Shop","item":"https:\/\/sitandheat.com\/shop\/"},{"@type":"ListItem","position":3,"name":"Transformer 300 Watt"}]},{"@type":"WebSite","@id":"https:\/\/sitandheat.com\/#website","url":"https:\/\/sitandheat.com\/","name":"Sitt och v\u00e4rm","description":"Smarta v\u00e4rmedynor i din stil","publisher":{"@id":"https:\/\/sitandheat.com\/#organization"},"potentialAction":[{"@type":"SearchAction","target":{"@type":"EntryPoint","urlTemplate":"https:\/\/sitandheat.com\/?s={search_term_string}"},"query-input":{"@type":"PropertyValueSpecification","valueRequired":true,"valueName":"search_term_string"}}],"inLanguage":"sv-SE"},{"@type":"Organization","@id":"https:\/\/sitandheat.com\/#organization","name":"Sitt och v\u00e4rm","url":"https:\/\/sitandheat.com\/","logo":{"@type":"ImageObject","inLanguage":"sv-SE","@id":"https:\/\/sitandheat.com\/#\/schema\/logo\/image\/","url":"https:\/\/sitandheat.com\/wp-content\/uploads\/2023\/11\/SH_LogoWit-1.svg","contentUrl":"https:\/\/sitandheat.com\/wp-content\/uploads\/2023\/11\/SH_LogoWit-1.svg","width":"1024","height":"1024","caption":"Sit &amp; Heat"},"image":{"@id":"https:\/\/sitandheat.com\/#\/schema\/logo\/image\/"},"sameAs":["https:\/\/www.facebook.com\/SitandHeat"]}]}},"jetpack_sharing_enabled":true,"_links":{"self":[{"href":"https:\/\/sitandheat.com\/se\/wp-json\/wp\/v2\/product\/9794","targetHints":{"allow":["GET"]}}],"collection":[{"href":"https:\/\/sitandheat.com\/se\/wp-json\/wp\/v2\/product"}],"about":[{"href":"https:\/\/sitandheat.com\/se\/wp-json\/wp\/v2\/types\/product"}],"replies":[{"embeddable":true,"href":"https:\/\/sitandheat.com\/se\/wp-json\/wp\/v2\/comments?post=9794"}],"wp:featuredmedia":[{"embeddable":true,"href":"https:\/\/sitandheat.com\/se\/wp-json\/wp\/v2\/media\/13597"}],"wp:attachment":[{"href":"https:\/\/sitandheat.com\/se\/wp-json\/wp\/v2\/media?parent=9794"}],"wp:term":[{"taxonomy":"product_brand","embeddable":true,"href":"https:\/\/sitandheat.com\/se\/wp-json\/wp\/v2\/product_brand?post=9794"},{"taxonomy":"product_cat","embeddable":true,"href":"https:\/\/sitandheat.com\/se\/wp-json\/wp\/v2\/product_cat?post=9794"},{"taxonomy":"product_tag","embeddable":true,"href":"https:\/\/sitandheat.com\/se\/wp-json\/wp\/v2\/product_tag?post=9794"}],"curies":[{"name":"wp","href":"https:\/\/api.w.org\/{rel}","templated":true}]}}