{"id":9789,"date":"2023-11-14T11:14:33","date_gmt":"2023-11-14T11:14:33","guid":{"rendered":"https:\/\/sitandheat.com\/?post_type=product&#038;p=9789"},"modified":"2024-05-23T16:26:56","modified_gmt":"2024-05-23T16:26:56","slug":"botten","status":"publish","type":"product","link":"https:\/\/sitandheat.com\/se\/product\/bottom\/","title":{"rendered":"Botten"},"content":{"rendered":"<p>V\u00e5r skr\u00e4ddarsydda, energieffektiva v\u00e4rmedyna Lounge Bottom tar dina utomhussoffor till en ny niv\u00e5. Premiumv\u00e4rme och komfort i din tr\u00e4dg\u00e5rd utan utsl\u00e4pp. V\u00e4lj din stil i v\u00e5r konfigurator och l\u00e4gg till din konst eller ditt varum\u00e4rke f\u00f6r att g\u00f6ra den till din. Uppgradera din utomhusupplevelse och g\u00f6r den \u00e4nnu roligare med familj och v\u00e4nner med v\u00e5ra uppv\u00e4rmda loungedynor. Komfort n\u00e4r den \u00e4r som b\u00e4st med Sit &amp; Heat.<\/p>","protected":false},"excerpt":{"rendered":"<p>F\u00f6rvandla din uteplats till en mysig och varm oas med v\u00e5r skr\u00e4ddarsydda v\u00e4rmedyna Lounge Bottom. V\u00e4lj din stil i v\u00e5r konfigurator och l\u00e4gg till en personlig touch. Njut av f\u00f6rstklassig v\u00e4rme och komfort samtidigt som du s\u00e4nker dina energikostnader p\u00e5 ett milj\u00f6v\u00e4nligt s\u00e4tt.<\/p>","protected":false},"featured_media":13270,"comment_status":"open","ping_status":"closed","template":"","meta":{"_acf_changed":false,"content-type":"","inline_featured_image":false},"product_brand":[],"product_cat":[30],"product_tag":[52,54,50],"class_list":{"0":"post-9789","1":"product","2":"type-product","3":"status-publish","4":"has-post-thumbnail","6":"product_cat-outdoor","7":"product_tag-horeca","8":"product_tag-kerken","9":"product_tag-op-maat-gemaakt","11":"first","12":"instock","13":"taxable","14":"shipping-taxable","15":"purchasable","16":"product-type-simple"},"acf":[],"yoast_head":"<!-- This site is optimized with the Yoast SEO plugin v27.4 - https:\/\/yoast.com\/product\/yoast-seo-wordpress\/ -->\n<title>Sit &amp; Heat | Warmtekussen Lounge Bottom<\/title>\n<meta name=\"description\" content=\"Geniet van een heerlijk warmtekussen Lounge Bottom voor op jouw bank. Voor thuis, in de tuin of op het terras. Om echt persoonlijk te verwarmen.\" \/>\n<meta name=\"robots\" content=\"index, follow, max-snippet:-1, max-image-preview:large, max-video-preview:-1\" \/>\n<link rel=\"canonical\" href=\"https:\/\/sitandheat.com\/se\/produkt\/botten\/\" \/>\n<meta property=\"og:locale\" content=\"sv_SE\" \/>\n<meta property=\"og:type\" content=\"article\" \/>\n<meta property=\"og:title\" content=\"Sit &amp; Heat | Warmtekussen Lounge Bottom\" \/>\n<meta property=\"og:description\" content=\"Geniet van een heerlijk warmtekussen Lounge Bottom voor op jouw bank. Voor thuis, in de tuin of op het terras. Om echt persoonlijk te verwarmen.\" \/>\n<meta property=\"og:url\" content=\"https:\/\/sitandheat.com\/se\/produkt\/botten\/\" \/>\n<meta property=\"og:site_name\" content=\"Sit &amp; Heat\" \/>\n<meta property=\"article:publisher\" content=\"https:\/\/www.facebook.com\/SitandHeat\" \/>\n<meta property=\"article:modified_time\" content=\"2024-05-23T16:26:56+00:00\" \/>\n<meta property=\"og:image\" content=\"https:\/\/sitandheat.com\/wp-content\/uploads\/2023\/11\/Loungebottom2.jpg\" \/>\n\t<meta property=\"og:image:width\" content=\"800\" \/>\n\t<meta property=\"og:image:height\" content=\"800\" \/>\n\t<meta property=\"og:image:type\" content=\"image\/jpeg\" \/>\n<meta name=\"twitter:card\" content=\"summary_large_image\" \/>\n<meta name=\"twitter:label1\" content=\"Ber\u00e4knad l\u00e4stid\" \/>\n\t<meta name=\"twitter:data1\" content=\"1 minut\" \/>\n<script type=\"application\/ld+json\" class=\"yoast-schema-graph\">{\"@context\":\"https:\\\/\\\/schema.org\",\"@graph\":[{\"@type\":\"WebPage\",\"@id\":\"https:\\\/\\\/sitandheat.com\\\/product\\\/bottom\\\/\",\"url\":\"https:\\\/\\\/sitandheat.com\\\/product\\\/bottom\\\/\",\"name\":\"Sit & Heat | Warmtekussen Lounge Bottom\",\"isPartOf\":{\"@id\":\"https:\\\/\\\/sitandheat.com\\\/#website\"},\"primaryImageOfPage\":{\"@id\":\"https:\\\/\\\/sitandheat.com\\\/product\\\/bottom\\\/#primaryimage\"},\"image\":{\"@id\":\"https:\\\/\\\/sitandheat.com\\\/product\\\/bottom\\\/#primaryimage\"},\"thumbnailUrl\":\"https:\\\/\\\/sitandheat.com\\\/wp-content\\\/uploads\\\/2023\\\/11\\\/Loungebottom2.jpg\",\"datePublished\":\"2023-11-14T11:14:33+00:00\",\"dateModified\":\"2024-05-23T16:26:56+00:00\",\"description\":\"Geniet van een heerlijk warmtekussen Lounge Bottom voor op jouw bank. Voor thuis, in de tuin of op het terras. Om echt persoonlijk te verwarmen.\",\"breadcrumb\":{\"@id\":\"https:\\\/\\\/sitandheat.com\\\/product\\\/bottom\\\/#breadcrumb\"},\"inLanguage\":\"sv-SE\",\"potentialAction\":[{\"@type\":\"ReadAction\",\"target\":[\"https:\\\/\\\/sitandheat.com\\\/product\\\/bottom\\\/\"]}]},{\"@type\":\"ImageObject\",\"inLanguage\":\"sv-SE\",\"@id\":\"https:\\\/\\\/sitandheat.com\\\/product\\\/bottom\\\/#primaryimage\",\"url\":\"https:\\\/\\\/sitandheat.com\\\/wp-content\\\/uploads\\\/2023\\\/11\\\/Loungebottom2.jpg\",\"contentUrl\":\"https:\\\/\\\/sitandheat.com\\\/wp-content\\\/uploads\\\/2023\\\/11\\\/Loungebottom2.jpg\",\"width\":800,\"height\":800},{\"@type\":\"BreadcrumbList\",\"@id\":\"https:\\\/\\\/sitandheat.com\\\/product\\\/bottom\\\/#breadcrumb\",\"itemListElement\":[{\"@type\":\"ListItem\",\"position\":1,\"name\":\"Home\",\"item\":\"https:\\\/\\\/sitandheat.com\\\/\"},{\"@type\":\"ListItem\",\"position\":2,\"name\":\"Shop\",\"item\":\"https:\\\/\\\/sitandheat.com\\\/shop\\\/\"},{\"@type\":\"ListItem\",\"position\":3,\"name\":\"Bottom\"}]},{\"@type\":\"WebSite\",\"@id\":\"https:\\\/\\\/sitandheat.com\\\/#website\",\"url\":\"https:\\\/\\\/sitandheat.com\\\/\",\"name\":\"Sit &amp; Heat\",\"description\":\"Slimme warmtekussens in jouw stijl\",\"publisher\":{\"@id\":\"https:\\\/\\\/sitandheat.com\\\/#organization\"},\"potentialAction\":[{\"@type\":\"SearchAction\",\"target\":{\"@type\":\"EntryPoint\",\"urlTemplate\":\"https:\\\/\\\/sitandheat.com\\\/?s={search_term_string}\"},\"query-input\":{\"@type\":\"PropertyValueSpecification\",\"valueRequired\":true,\"valueName\":\"search_term_string\"}}],\"inLanguage\":\"sv-SE\"},{\"@type\":\"Organization\",\"@id\":\"https:\\\/\\\/sitandheat.com\\\/#organization\",\"name\":\"Sit &amp; Heat\",\"url\":\"https:\\\/\\\/sitandheat.com\\\/\",\"logo\":{\"@type\":\"ImageObject\",\"inLanguage\":\"sv-SE\",\"@id\":\"https:\\\/\\\/sitandheat.com\\\/#\\\/schema\\\/logo\\\/image\\\/\",\"url\":\"https:\\\/\\\/sitandheat.com\\\/wp-content\\\/uploads\\\/2023\\\/11\\\/SH_LogoWit-1.svg\",\"contentUrl\":\"https:\\\/\\\/sitandheat.com\\\/wp-content\\\/uploads\\\/2023\\\/11\\\/SH_LogoWit-1.svg\",\"width\":\"1024\",\"height\":\"1024\",\"caption\":\"Sit &amp; Heat\"},\"image\":{\"@id\":\"https:\\\/\\\/sitandheat.com\\\/#\\\/schema\\\/logo\\\/image\\\/\"},\"sameAs\":[\"https:\\\/\\\/www.facebook.com\\\/SitandHeat\"]}]}<\/script>\n<!-- \/ Yoast SEO plugin. -->","yoast_head_json":{"title":"Sit &amp; Heat | V\u00e4rmedyna Lounge Bottom","description":"Njut av en h\u00e4rlig v\u00e4rmekudde Lounge Bottom f\u00f6r din soffa. F\u00f6r hemma, i tr\u00e4dg\u00e5rden eller p\u00e5 terrassen. F\u00f6r riktig personlig uppv\u00e4rmning.","robots":{"index":"index","follow":"follow","max-snippet":"max-snippet:-1","max-image-preview":"max-image-preview:large","max-video-preview":"max-video-preview:-1"},"canonical":"https:\/\/sitandheat.com\/se\/produkt\/botten\/","og_locale":"sv_SE","og_type":"article","og_title":"Sit & Heat | Warmtekussen Lounge Bottom","og_description":"Geniet van een heerlijk warmtekussen Lounge Bottom voor op jouw bank. Voor thuis, in de tuin of op het terras. Om echt persoonlijk te verwarmen.","og_url":"https:\/\/sitandheat.com\/se\/produkt\/botten\/","og_site_name":"Sit &amp; Heat","article_publisher":"https:\/\/www.facebook.com\/SitandHeat","article_modified_time":"2024-05-23T16:26:56+00:00","og_image":[{"width":800,"height":800,"url":"https:\/\/sitandheat.com\/wp-content\/uploads\/2023\/11\/Loungebottom2.jpg","type":"image\/jpeg"}],"twitter_card":"summary_large_image","twitter_misc":{"Ber\u00e4knad l\u00e4stid":"1 minut"},"schema":{"@context":"https:\/\/schema.org","@graph":[{"@type":"WebPage","@id":"https:\/\/sitandheat.com\/product\/bottom\/","url":"https:\/\/sitandheat.com\/product\/bottom\/","name":"Sit &amp; Heat | V\u00e4rmedyna Lounge Bottom","isPartOf":{"@id":"https:\/\/sitandheat.com\/#website"},"primaryImageOfPage":{"@id":"https:\/\/sitandheat.com\/product\/bottom\/#primaryimage"},"image":{"@id":"https:\/\/sitandheat.com\/product\/bottom\/#primaryimage"},"thumbnailUrl":"https:\/\/sitandheat.com\/wp-content\/uploads\/2023\/11\/Loungebottom2.jpg","datePublished":"2023-11-14T11:14:33+00:00","dateModified":"2024-05-23T16:26:56+00:00","description":"Njut av en h\u00e4rlig v\u00e4rmekudde Lounge Bottom f\u00f6r din soffa. F\u00f6r hemma, i tr\u00e4dg\u00e5rden eller p\u00e5 terrassen. F\u00f6r riktig personlig uppv\u00e4rmning.","breadcrumb":{"@id":"https:\/\/sitandheat.com\/product\/bottom\/#breadcrumb"},"inLanguage":"sv-SE","potentialAction":[{"@type":"ReadAction","target":["https:\/\/sitandheat.com\/product\/bottom\/"]}]},{"@type":"ImageObject","inLanguage":"sv-SE","@id":"https:\/\/sitandheat.com\/product\/bottom\/#primaryimage","url":"https:\/\/sitandheat.com\/wp-content\/uploads\/2023\/11\/Loungebottom2.jpg","contentUrl":"https:\/\/sitandheat.com\/wp-content\/uploads\/2023\/11\/Loungebottom2.jpg","width":800,"height":800},{"@type":"BreadcrumbList","@id":"https:\/\/sitandheat.com\/product\/bottom\/#breadcrumb","itemListElement":[{"@type":"ListItem","position":1,"name":"Home","item":"https:\/\/sitandheat.com\/"},{"@type":"ListItem","position":2,"name":"Shop","item":"https:\/\/sitandheat.com\/shop\/"},{"@type":"ListItem","position":3,"name":"Bottom"}]},{"@type":"WebSite","@id":"https:\/\/sitandheat.com\/#website","url":"https:\/\/sitandheat.com\/","name":"Sitt och v\u00e4rm","description":"Smarta v\u00e4rmedynor i din stil","publisher":{"@id":"https:\/\/sitandheat.com\/#organization"},"potentialAction":[{"@type":"SearchAction","target":{"@type":"EntryPoint","urlTemplate":"https:\/\/sitandheat.com\/?s={search_term_string}"},"query-input":{"@type":"PropertyValueSpecification","valueRequired":true,"valueName":"search_term_string"}}],"inLanguage":"sv-SE"},{"@type":"Organization","@id":"https:\/\/sitandheat.com\/#organization","name":"Sitt och v\u00e4rm","url":"https:\/\/sitandheat.com\/","logo":{"@type":"ImageObject","inLanguage":"sv-SE","@id":"https:\/\/sitandheat.com\/#\/schema\/logo\/image\/","url":"https:\/\/sitandheat.com\/wp-content\/uploads\/2023\/11\/SH_LogoWit-1.svg","contentUrl":"https:\/\/sitandheat.com\/wp-content\/uploads\/2023\/11\/SH_LogoWit-1.svg","width":"1024","height":"1024","caption":"Sit &amp; Heat"},"image":{"@id":"https:\/\/sitandheat.com\/#\/schema\/logo\/image\/"},"sameAs":["https:\/\/www.facebook.com\/SitandHeat"]}]}},"jetpack_sharing_enabled":true,"_links":{"self":[{"href":"https:\/\/sitandheat.com\/se\/wp-json\/wp\/v2\/product\/9789","targetHints":{"allow":["GET"]}}],"collection":[{"href":"https:\/\/sitandheat.com\/se\/wp-json\/wp\/v2\/product"}],"about":[{"href":"https:\/\/sitandheat.com\/se\/wp-json\/wp\/v2\/types\/product"}],"replies":[{"embeddable":true,"href":"https:\/\/sitandheat.com\/se\/wp-json\/wp\/v2\/comments?post=9789"}],"wp:featuredmedia":[{"embeddable":true,"href":"https:\/\/sitandheat.com\/se\/wp-json\/wp\/v2\/media\/13270"}],"wp:attachment":[{"href":"https:\/\/sitandheat.com\/se\/wp-json\/wp\/v2\/media?parent=9789"}],"wp:term":[{"taxonomy":"product_brand","embeddable":true,"href":"https:\/\/sitandheat.com\/se\/wp-json\/wp\/v2\/product_brand?post=9789"},{"taxonomy":"product_cat","embeddable":true,"href":"https:\/\/sitandheat.com\/se\/wp-json\/wp\/v2\/product_cat?post=9789"},{"taxonomy":"product_tag","embeddable":true,"href":"https:\/\/sitandheat.com\/se\/wp-json\/wp\/v2\/product_tag?post=9789"}],"curies":[{"name":"wp","href":"https:\/\/api.w.org\/{rel}","templated":true}]}}