{"id":9780,"date":"2023-11-14T10:55:55","date_gmt":"2023-11-14T10:55:55","guid":{"rendered":"https:\/\/sitandheat.com\/?post_type=product&#038;p=9780"},"modified":"2024-05-23T10:43:27","modified_gmt":"2024-05-23T10:43:27","slug":"batteri-6800-mah","status":"publish","type":"product","link":"https:\/\/sitandheat.com\/se\/product\/batterij-6800-mah\/","title":{"rendered":"Batteri 6800 mAh"},"content":{"rendered":"<p>Upplev friheten med tr\u00e5dl\u00f6s uppv\u00e4rmning med v\u00e5rt 6 800 mAh-batteri. Detta kraftfulla batteri \u00e4r utformat f\u00f6r att m\u00f6jligg\u00f6ra l\u00e5ngvarig anv\u00e4ndning av v\u00e5ra Nimma-stolsdynor och l\u00e5ter dig njuta av v\u00e4rme och komfort var du \u00e4n vill. Det \u00e4r enkelt att ladda och byta ut och \u00e4r den perfekta l\u00f6sningen f\u00f6r dig som vill h\u00e5lla dig varm utan att vara bunden.<\/p>","protected":false},"excerpt":{"rendered":"<p>V\u00e5rt 6 800 mAh-batteri \u00e4r den perfekta l\u00f6sningen f\u00f6r att h\u00e5lla dig varm under l\u00e4ngre tidsperioder. Det tunna batteriet \u00e4r utformat f\u00f6r att passa s\u00f6ml\u00f6st i v\u00e5r Nimma och ger tillr\u00e4ckligt med str\u00f6m f\u00f6r att h\u00e5lla din kudde uppv\u00e4rmd i flera timmar.<\/p>","protected":false},"featured_media":13574,"comment_status":"open","ping_status":"closed","template":"","meta":{"_acf_changed":false,"content-type":"","inline_featured_image":false},"product_brand":[],"product_cat":[31],"product_tag":[46],"class_list":{"0":"post-9780","1":"product","2":"type-product","3":"status-publish","4":"has-post-thumbnail","6":"product_cat-power","7":"product_tag-vandaag-besteld-morgen-in-huis","9":"first","10":"instock","11":"taxable","12":"shipping-taxable","13":"purchasable","14":"product-type-simple"},"acf":[],"yoast_head":"<!-- This site is optimized with the Yoast SEO plugin v27.4 - https:\/\/yoast.com\/product\/yoast-seo-wordpress\/ -->\n<title>Sit &amp; Heat | Batterij 6800mAh<\/title>\n<meta name=\"description\" content=\"Geniet van langdurig comfort met Sit &amp; Heat&#039;s batterij met hoge capaciteit 6800mAh. Discrete, krachtige warmte. Upgrade je kussen met Sit &amp; Heat.\" \/>\n<meta name=\"robots\" content=\"index, follow, max-snippet:-1, max-image-preview:large, max-video-preview:-1\" \/>\n<link rel=\"canonical\" href=\"https:\/\/sitandheat.com\/se\/produkt\/batteri-6800-mah\/\" \/>\n<meta property=\"og:locale\" content=\"sv_SE\" \/>\n<meta property=\"og:type\" content=\"article\" \/>\n<meta property=\"og:title\" content=\"Sit &amp; Heat | Batterij 6800mAh\" \/>\n<meta property=\"og:description\" content=\"Geniet van langdurig comfort met Sit &amp; Heat&#039;s batterij met hoge capaciteit 6800mAh. Discrete, krachtige warmte. Upgrade je kussen met Sit &amp; Heat.\" \/>\n<meta property=\"og:url\" content=\"https:\/\/sitandheat.com\/se\/produkt\/batteri-6800-mah\/\" \/>\n<meta property=\"og:site_name\" content=\"Sit &amp; Heat\" \/>\n<meta property=\"article:publisher\" content=\"https:\/\/www.facebook.com\/SitandHeat\" \/>\n<meta property=\"article:modified_time\" content=\"2024-05-23T10:43:27+00:00\" \/>\n<meta property=\"og:image\" content=\"https:\/\/sitandheat.com\/wp-content\/uploads\/2023\/11\/Batterij-6800-mAh-Sit-Heat-V2-1.png\" \/>\n\t<meta property=\"og:image:width\" content=\"800\" \/>\n\t<meta property=\"og:image:height\" content=\"800\" \/>\n\t<meta property=\"og:image:type\" content=\"image\/png\" \/>\n<meta name=\"twitter:card\" content=\"summary_large_image\" \/>\n<meta name=\"twitter:label1\" content=\"Ber\u00e4knad l\u00e4stid\" \/>\n\t<meta name=\"twitter:data1\" content=\"1 minut\" \/>\n<script type=\"application\/ld+json\" class=\"yoast-schema-graph\">{\"@context\":\"https:\\\/\\\/schema.org\",\"@graph\":[{\"@type\":\"WebPage\",\"@id\":\"https:\\\/\\\/sitandheat.com\\\/product\\\/batterij-6800-mah\\\/\",\"url\":\"https:\\\/\\\/sitandheat.com\\\/product\\\/batterij-6800-mah\\\/\",\"name\":\"Sit & Heat | Batterij 6800mAh\",\"isPartOf\":{\"@id\":\"https:\\\/\\\/sitandheat.com\\\/#website\"},\"primaryImageOfPage\":{\"@id\":\"https:\\\/\\\/sitandheat.com\\\/product\\\/batterij-6800-mah\\\/#primaryimage\"},\"image\":{\"@id\":\"https:\\\/\\\/sitandheat.com\\\/product\\\/batterij-6800-mah\\\/#primaryimage\"},\"thumbnailUrl\":\"https:\\\/\\\/sitandheat.com\\\/wp-content\\\/uploads\\\/2023\\\/11\\\/Batterij-6800-mAh-Sit-Heat-V2-1.png\",\"datePublished\":\"2023-11-14T10:55:55+00:00\",\"dateModified\":\"2024-05-23T10:43:27+00:00\",\"description\":\"Geniet van langdurig comfort met Sit & Heat's batterij met hoge capaciteit 6800mAh. Discrete, krachtige warmte. Upgrade je kussen met Sit & Heat.\",\"breadcrumb\":{\"@id\":\"https:\\\/\\\/sitandheat.com\\\/product\\\/batterij-6800-mah\\\/#breadcrumb\"},\"inLanguage\":\"sv-SE\",\"potentialAction\":[{\"@type\":\"ReadAction\",\"target\":[\"https:\\\/\\\/sitandheat.com\\\/product\\\/batterij-6800-mah\\\/\"]}]},{\"@type\":\"ImageObject\",\"inLanguage\":\"sv-SE\",\"@id\":\"https:\\\/\\\/sitandheat.com\\\/product\\\/batterij-6800-mah\\\/#primaryimage\",\"url\":\"https:\\\/\\\/sitandheat.com\\\/wp-content\\\/uploads\\\/2023\\\/11\\\/Batterij-6800-mAh-Sit-Heat-V2-1.png\",\"contentUrl\":\"https:\\\/\\\/sitandheat.com\\\/wp-content\\\/uploads\\\/2023\\\/11\\\/Batterij-6800-mAh-Sit-Heat-V2-1.png\",\"width\":800,\"height\":800,\"caption\":\"Batterij 6800 mAh by Sit & Heat V2\"},{\"@type\":\"BreadcrumbList\",\"@id\":\"https:\\\/\\\/sitandheat.com\\\/product\\\/batterij-6800-mah\\\/#breadcrumb\",\"itemListElement\":[{\"@type\":\"ListItem\",\"position\":1,\"name\":\"Home\",\"item\":\"https:\\\/\\\/sitandheat.com\\\/\"},{\"@type\":\"ListItem\",\"position\":2,\"name\":\"Shop\",\"item\":\"https:\\\/\\\/sitandheat.com\\\/shop\\\/\"},{\"@type\":\"ListItem\",\"position\":3,\"name\":\"Batterij 6800 mAh\"}]},{\"@type\":\"WebSite\",\"@id\":\"https:\\\/\\\/sitandheat.com\\\/#website\",\"url\":\"https:\\\/\\\/sitandheat.com\\\/\",\"name\":\"Sit &amp; Heat\",\"description\":\"Slimme warmtekussens in jouw stijl\",\"publisher\":{\"@id\":\"https:\\\/\\\/sitandheat.com\\\/#organization\"},\"potentialAction\":[{\"@type\":\"SearchAction\",\"target\":{\"@type\":\"EntryPoint\",\"urlTemplate\":\"https:\\\/\\\/sitandheat.com\\\/?s={search_term_string}\"},\"query-input\":{\"@type\":\"PropertyValueSpecification\",\"valueRequired\":true,\"valueName\":\"search_term_string\"}}],\"inLanguage\":\"sv-SE\"},{\"@type\":\"Organization\",\"@id\":\"https:\\\/\\\/sitandheat.com\\\/#organization\",\"name\":\"Sit &amp; Heat\",\"url\":\"https:\\\/\\\/sitandheat.com\\\/\",\"logo\":{\"@type\":\"ImageObject\",\"inLanguage\":\"sv-SE\",\"@id\":\"https:\\\/\\\/sitandheat.com\\\/#\\\/schema\\\/logo\\\/image\\\/\",\"url\":\"https:\\\/\\\/sitandheat.com\\\/wp-content\\\/uploads\\\/2023\\\/11\\\/SH_LogoWit-1.svg\",\"contentUrl\":\"https:\\\/\\\/sitandheat.com\\\/wp-content\\\/uploads\\\/2023\\\/11\\\/SH_LogoWit-1.svg\",\"width\":\"1024\",\"height\":\"1024\",\"caption\":\"Sit &amp; Heat\"},\"image\":{\"@id\":\"https:\\\/\\\/sitandheat.com\\\/#\\\/schema\\\/logo\\\/image\\\/\"},\"sameAs\":[\"https:\\\/\\\/www.facebook.com\\\/SitandHeat\"]}]}<\/script>\n<!-- \/ Yoast SEO plugin. -->","yoast_head_json":{"title":"Sitt &amp; V\u00e4rm | Batteri 6800mAh","description":"Njut av l\u00e5ngvarig komfort med Sit &amp; Heats h\u00f6gkapacitetsbatteri p\u00e5 6800 mAh. Diskret, kraftfull v\u00e4rme. Uppgradera din kudde med Sit &amp; Heat.","robots":{"index":"index","follow":"follow","max-snippet":"max-snippet:-1","max-image-preview":"max-image-preview:large","max-video-preview":"max-video-preview:-1"},"canonical":"https:\/\/sitandheat.com\/se\/produkt\/batteri-6800-mah\/","og_locale":"sv_SE","og_type":"article","og_title":"Sit & Heat | Batterij 6800mAh","og_description":"Geniet van langdurig comfort met Sit & Heat's batterij met hoge capaciteit 6800mAh. Discrete, krachtige warmte. Upgrade je kussen met Sit & Heat.","og_url":"https:\/\/sitandheat.com\/se\/produkt\/batteri-6800-mah\/","og_site_name":"Sit &amp; Heat","article_publisher":"https:\/\/www.facebook.com\/SitandHeat","article_modified_time":"2024-05-23T10:43:27+00:00","og_image":[{"width":800,"height":800,"url":"https:\/\/sitandheat.com\/wp-content\/uploads\/2023\/11\/Batterij-6800-mAh-Sit-Heat-V2-1.png","type":"image\/png"}],"twitter_card":"summary_large_image","twitter_misc":{"Ber\u00e4knad l\u00e4stid":"1 minut"},"schema":{"@context":"https:\/\/schema.org","@graph":[{"@type":"WebPage","@id":"https:\/\/sitandheat.com\/product\/batterij-6800-mah\/","url":"https:\/\/sitandheat.com\/product\/batterij-6800-mah\/","name":"Sitt &amp; V\u00e4rm | Batteri 6800mAh","isPartOf":{"@id":"https:\/\/sitandheat.com\/#website"},"primaryImageOfPage":{"@id":"https:\/\/sitandheat.com\/product\/batterij-6800-mah\/#primaryimage"},"image":{"@id":"https:\/\/sitandheat.com\/product\/batterij-6800-mah\/#primaryimage"},"thumbnailUrl":"https:\/\/sitandheat.com\/wp-content\/uploads\/2023\/11\/Batterij-6800-mAh-Sit-Heat-V2-1.png","datePublished":"2023-11-14T10:55:55+00:00","dateModified":"2024-05-23T10:43:27+00:00","description":"Njut av l\u00e5ngvarig komfort med Sit &amp; Heats h\u00f6gkapacitetsbatteri p\u00e5 6800 mAh. Diskret, kraftfull v\u00e4rme. Uppgradera din kudde med Sit &amp; Heat.","breadcrumb":{"@id":"https:\/\/sitandheat.com\/product\/batterij-6800-mah\/#breadcrumb"},"inLanguage":"sv-SE","potentialAction":[{"@type":"ReadAction","target":["https:\/\/sitandheat.com\/product\/batterij-6800-mah\/"]}]},{"@type":"ImageObject","inLanguage":"sv-SE","@id":"https:\/\/sitandheat.com\/product\/batterij-6800-mah\/#primaryimage","url":"https:\/\/sitandheat.com\/wp-content\/uploads\/2023\/11\/Batterij-6800-mAh-Sit-Heat-V2-1.png","contentUrl":"https:\/\/sitandheat.com\/wp-content\/uploads\/2023\/11\/Batterij-6800-mAh-Sit-Heat-V2-1.png","width":800,"height":800,"caption":"Batterij 6800 mAh by Sit & Heat V2"},{"@type":"BreadcrumbList","@id":"https:\/\/sitandheat.com\/product\/batterij-6800-mah\/#breadcrumb","itemListElement":[{"@type":"ListItem","position":1,"name":"Home","item":"https:\/\/sitandheat.com\/"},{"@type":"ListItem","position":2,"name":"Shop","item":"https:\/\/sitandheat.com\/shop\/"},{"@type":"ListItem","position":3,"name":"Batterij 6800 mAh"}]},{"@type":"WebSite","@id":"https:\/\/sitandheat.com\/#website","url":"https:\/\/sitandheat.com\/","name":"Sitt och v\u00e4rm","description":"Smarta v\u00e4rmedynor i din stil","publisher":{"@id":"https:\/\/sitandheat.com\/#organization"},"potentialAction":[{"@type":"SearchAction","target":{"@type":"EntryPoint","urlTemplate":"https:\/\/sitandheat.com\/?s={search_term_string}"},"query-input":{"@type":"PropertyValueSpecification","valueRequired":true,"valueName":"search_term_string"}}],"inLanguage":"sv-SE"},{"@type":"Organization","@id":"https:\/\/sitandheat.com\/#organization","name":"Sitt och v\u00e4rm","url":"https:\/\/sitandheat.com\/","logo":{"@type":"ImageObject","inLanguage":"sv-SE","@id":"https:\/\/sitandheat.com\/#\/schema\/logo\/image\/","url":"https:\/\/sitandheat.com\/wp-content\/uploads\/2023\/11\/SH_LogoWit-1.svg","contentUrl":"https:\/\/sitandheat.com\/wp-content\/uploads\/2023\/11\/SH_LogoWit-1.svg","width":"1024","height":"1024","caption":"Sit &amp; Heat"},"image":{"@id":"https:\/\/sitandheat.com\/#\/schema\/logo\/image\/"},"sameAs":["https:\/\/www.facebook.com\/SitandHeat"]}]}},"jetpack_sharing_enabled":true,"_links":{"self":[{"href":"https:\/\/sitandheat.com\/se\/wp-json\/wp\/v2\/product\/9780","targetHints":{"allow":["GET"]}}],"collection":[{"href":"https:\/\/sitandheat.com\/se\/wp-json\/wp\/v2\/product"}],"about":[{"href":"https:\/\/sitandheat.com\/se\/wp-json\/wp\/v2\/types\/product"}],"replies":[{"embeddable":true,"href":"https:\/\/sitandheat.com\/se\/wp-json\/wp\/v2\/comments?post=9780"}],"wp:featuredmedia":[{"embeddable":true,"href":"https:\/\/sitandheat.com\/se\/wp-json\/wp\/v2\/media\/13574"}],"wp:attachment":[{"href":"https:\/\/sitandheat.com\/se\/wp-json\/wp\/v2\/media?parent=9780"}],"wp:term":[{"taxonomy":"product_brand","embeddable":true,"href":"https:\/\/sitandheat.com\/se\/wp-json\/wp\/v2\/product_brand?post=9780"},{"taxonomy":"product_cat","embeddable":true,"href":"https:\/\/sitandheat.com\/se\/wp-json\/wp\/v2\/product_cat?post=9780"},{"taxonomy":"product_tag","embeddable":true,"href":"https:\/\/sitandheat.com\/se\/wp-json\/wp\/v2\/product_tag?post=9780"}],"curies":[{"name":"wp","href":"https:\/\/api.w.org\/{rel}","templated":true}]}}