{"id":8988,"date":"2023-03-02T09:29:44","date_gmt":"2023-03-02T09:29:44","guid":{"rendered":"https:\/\/sitandheat.com\/?post_type=product&#038;p=8988"},"modified":"2024-03-25T11:51:10","modified_gmt":"2024-03-25T11:51:10","slug":"oslo","status":"publish","type":"product","link":"https:\/\/sitandheat.com\/se\/product\/oslo\/","title":{"rendered":"Oslo"},"content":{"rendered":"","protected":false},"excerpt":{"rendered":"<h2 style=\"font-weight:800;padding-top:25px\">STOLSDYNOR.<\/h2>\n<h1 style=\"font-weight:800;font-size:60px;margin-bottom:-20px\">OSLO.<\/h1>\n<p class=\"price\">\n<p><\/p>","protected":false},"featured_media":13027,"comment_status":"closed","ping_status":"closed","template":"","meta":{"_acf_changed":false,"content-type":"","inline_featured_image":false},"product_brand":[],"product_cat":[69],"product_tag":[],"class_list":{"0":"post-8988","1":"product","2":"type-product","3":"status-publish","4":"has-post-thumbnail","6":"product_cat-stoelkussens","8":"first","9":"instock","10":"taxable","11":"shipping-taxable","12":"purchasable","13":"product-type-simple"},"acf":[],"yoast_head":"<!-- This site is optimized with the Yoast SEO plugin v27.3 - https:\/\/yoast.com\/product\/yoast-seo-wordpress\/ -->\n<title>Sit &amp; Heat | Oslo verwarmd stoelkussen<\/title>\n<meta name=\"description\" content=\"Ontdek het Sit &amp; Heat Cannes-kussen: Ideaal voor een plezierige buitenomgeving. Slimme verwarming, weerbestendig. Shop Sit &amp; Heat voor verfijnd comfort.\" \/>\n<meta name=\"robots\" content=\"index, follow, max-snippet:-1, max-image-preview:large, max-video-preview:-1\" \/>\n<link rel=\"canonical\" href=\"https:\/\/sitandheat.com\/se\/produkt\/oslo\/\" \/>\n<meta property=\"og:locale\" content=\"sv_SE\" \/>\n<meta property=\"og:type\" content=\"article\" \/>\n<meta property=\"og:title\" content=\"Sit &amp; Heat | Oslo verwarmd stoelkussen\" \/>\n<meta property=\"og:description\" content=\"Ontdek het Sit &amp; Heat Cannes-kussen: Ideaal voor een plezierige buitenomgeving. Slimme verwarming, weerbestendig. Shop Sit &amp; Heat voor verfijnd comfort.\" \/>\n<meta property=\"og:url\" content=\"https:\/\/sitandheat.com\/se\/produkt\/oslo\/\" \/>\n<meta property=\"og:site_name\" content=\"Sit &amp; Heat\" \/>\n<meta property=\"article:publisher\" content=\"https:\/\/www.facebook.com\/SitandHeat\" \/>\n<meta property=\"article:modified_time\" content=\"2024-03-25T11:51:10+00:00\" \/>\n<meta property=\"og:image\" content=\"https:\/\/sitandheat.com\/wp-content\/uploads\/2024\/03\/OsloProductInfo-1.png\" \/>\n\t<meta property=\"og:image:width\" content=\"800\" \/>\n\t<meta property=\"og:image:height\" content=\"800\" \/>\n\t<meta property=\"og:image:type\" content=\"image\/png\" \/>\n<meta name=\"twitter:card\" content=\"summary_large_image\" \/>\n<script type=\"application\/ld+json\" class=\"yoast-schema-graph\">{\"@context\":\"https:\\\/\\\/schema.org\",\"@graph\":[{\"@type\":\"WebPage\",\"@id\":\"https:\\\/\\\/sitandheat.com\\\/product\\\/oslo\\\/\",\"url\":\"https:\\\/\\\/sitandheat.com\\\/product\\\/oslo\\\/\",\"name\":\"Sit & Heat | Oslo verwarmd stoelkussen\",\"isPartOf\":{\"@id\":\"https:\\\/\\\/sitandheat.com\\\/#website\"},\"primaryImageOfPage\":{\"@id\":\"https:\\\/\\\/sitandheat.com\\\/product\\\/oslo\\\/#primaryimage\"},\"image\":{\"@id\":\"https:\\\/\\\/sitandheat.com\\\/product\\\/oslo\\\/#primaryimage\"},\"thumbnailUrl\":\"https:\\\/\\\/sitandheat.com\\\/wp-content\\\/uploads\\\/2024\\\/03\\\/OsloProductInfo-1.png\",\"datePublished\":\"2023-03-02T09:29:44+00:00\",\"dateModified\":\"2024-03-25T11:51:10+00:00\",\"description\":\"Ontdek het Sit & Heat Cannes-kussen: Ideaal voor een plezierige buitenomgeving. Slimme verwarming, weerbestendig. Shop Sit & Heat voor verfijnd comfort.\",\"breadcrumb\":{\"@id\":\"https:\\\/\\\/sitandheat.com\\\/product\\\/oslo\\\/#breadcrumb\"},\"inLanguage\":\"sv-SE\",\"potentialAction\":[{\"@type\":\"ReadAction\",\"target\":[\"https:\\\/\\\/sitandheat.com\\\/product\\\/oslo\\\/\"]}]},{\"@type\":\"ImageObject\",\"inLanguage\":\"sv-SE\",\"@id\":\"https:\\\/\\\/sitandheat.com\\\/product\\\/oslo\\\/#primaryimage\",\"url\":\"https:\\\/\\\/sitandheat.com\\\/wp-content\\\/uploads\\\/2024\\\/03\\\/OsloProductInfo-1.png\",\"contentUrl\":\"https:\\\/\\\/sitandheat.com\\\/wp-content\\\/uploads\\\/2024\\\/03\\\/OsloProductInfo-1.png\",\"width\":800,\"height\":800,\"caption\":\"Sit & Heat warmtekussen Oslo\"},{\"@type\":\"BreadcrumbList\",\"@id\":\"https:\\\/\\\/sitandheat.com\\\/product\\\/oslo\\\/#breadcrumb\",\"itemListElement\":[{\"@type\":\"ListItem\",\"position\":1,\"name\":\"Home\",\"item\":\"https:\\\/\\\/sitandheat.com\\\/\"},{\"@type\":\"ListItem\",\"position\":2,\"name\":\"Shop\",\"item\":\"https:\\\/\\\/sitandheat.com\\\/shop\\\/\"},{\"@type\":\"ListItem\",\"position\":3,\"name\":\"Oslo\"}]},{\"@type\":\"WebSite\",\"@id\":\"https:\\\/\\\/sitandheat.com\\\/#website\",\"url\":\"https:\\\/\\\/sitandheat.com\\\/\",\"name\":\"Sit &amp; Heat\",\"description\":\"Slimme warmtekussens in jouw stijl\",\"publisher\":{\"@id\":\"https:\\\/\\\/sitandheat.com\\\/#organization\"},\"potentialAction\":[{\"@type\":\"SearchAction\",\"target\":{\"@type\":\"EntryPoint\",\"urlTemplate\":\"https:\\\/\\\/sitandheat.com\\\/?s={search_term_string}\"},\"query-input\":{\"@type\":\"PropertyValueSpecification\",\"valueRequired\":true,\"valueName\":\"search_term_string\"}}],\"inLanguage\":\"sv-SE\"},{\"@type\":\"Organization\",\"@id\":\"https:\\\/\\\/sitandheat.com\\\/#organization\",\"name\":\"Sit &amp; Heat\",\"url\":\"https:\\\/\\\/sitandheat.com\\\/\",\"logo\":{\"@type\":\"ImageObject\",\"inLanguage\":\"sv-SE\",\"@id\":\"https:\\\/\\\/sitandheat.com\\\/#\\\/schema\\\/logo\\\/image\\\/\",\"url\":\"https:\\\/\\\/sitandheat.com\\\/wp-content\\\/uploads\\\/2023\\\/11\\\/SH_LogoWit-1.svg\",\"contentUrl\":\"https:\\\/\\\/sitandheat.com\\\/wp-content\\\/uploads\\\/2023\\\/11\\\/SH_LogoWit-1.svg\",\"width\":\"1024\",\"height\":\"1024\",\"caption\":\"Sit &amp; Heat\"},\"image\":{\"@id\":\"https:\\\/\\\/sitandheat.com\\\/#\\\/schema\\\/logo\\\/image\\\/\"},\"sameAs\":[\"https:\\\/\\\/www.facebook.com\\\/SitandHeat\"]}]}<\/script>\n<!-- \/ Yoast SEO plugin. -->","yoast_head_json":{"title":"Sit &amp; Heat | Oslo uppv\u00e4rmd sittdyna","description":"Uppt\u00e4ck Sit &amp; Heat Cannes-dynan: Perfekt f\u00f6r en trivsam utomhusmilj\u00f6. Smart uppv\u00e4rmning, v\u00e4derbest\u00e4ndig. Handla Sit &amp; Heat f\u00f6r raffinerad komfort.","robots":{"index":"index","follow":"follow","max-snippet":"max-snippet:-1","max-image-preview":"max-image-preview:large","max-video-preview":"max-video-preview:-1"},"canonical":"https:\/\/sitandheat.com\/se\/produkt\/oslo\/","og_locale":"sv_SE","og_type":"article","og_title":"Sit & Heat | Oslo verwarmd stoelkussen","og_description":"Ontdek het Sit & Heat Cannes-kussen: Ideaal voor een plezierige buitenomgeving. Slimme verwarming, weerbestendig. Shop Sit & Heat voor verfijnd comfort.","og_url":"https:\/\/sitandheat.com\/se\/produkt\/oslo\/","og_site_name":"Sit &amp; Heat","article_publisher":"https:\/\/www.facebook.com\/SitandHeat","article_modified_time":"2024-03-25T11:51:10+00:00","og_image":[{"width":800,"height":800,"url":"https:\/\/sitandheat.com\/wp-content\/uploads\/2024\/03\/OsloProductInfo-1.png","type":"image\/png"}],"twitter_card":"summary_large_image","schema":{"@context":"https:\/\/schema.org","@graph":[{"@type":"WebPage","@id":"https:\/\/sitandheat.com\/product\/oslo\/","url":"https:\/\/sitandheat.com\/product\/oslo\/","name":"Sit &amp; Heat | Oslo uppv\u00e4rmd sittdyna","isPartOf":{"@id":"https:\/\/sitandheat.com\/#website"},"primaryImageOfPage":{"@id":"https:\/\/sitandheat.com\/product\/oslo\/#primaryimage"},"image":{"@id":"https:\/\/sitandheat.com\/product\/oslo\/#primaryimage"},"thumbnailUrl":"https:\/\/sitandheat.com\/wp-content\/uploads\/2024\/03\/OsloProductInfo-1.png","datePublished":"2023-03-02T09:29:44+00:00","dateModified":"2024-03-25T11:51:10+00:00","description":"Uppt\u00e4ck Sit &amp; Heat Cannes-dynan: Perfekt f\u00f6r en trivsam utomhusmilj\u00f6. Smart uppv\u00e4rmning, v\u00e4derbest\u00e4ndig. Handla Sit &amp; Heat f\u00f6r raffinerad komfort.","breadcrumb":{"@id":"https:\/\/sitandheat.com\/product\/oslo\/#breadcrumb"},"inLanguage":"sv-SE","potentialAction":[{"@type":"ReadAction","target":["https:\/\/sitandheat.com\/product\/oslo\/"]}]},{"@type":"ImageObject","inLanguage":"sv-SE","@id":"https:\/\/sitandheat.com\/product\/oslo\/#primaryimage","url":"https:\/\/sitandheat.com\/wp-content\/uploads\/2024\/03\/OsloProductInfo-1.png","contentUrl":"https:\/\/sitandheat.com\/wp-content\/uploads\/2024\/03\/OsloProductInfo-1.png","width":800,"height":800,"caption":"Sit & Heat warmtekussen Oslo"},{"@type":"BreadcrumbList","@id":"https:\/\/sitandheat.com\/product\/oslo\/#breadcrumb","itemListElement":[{"@type":"ListItem","position":1,"name":"Home","item":"https:\/\/sitandheat.com\/"},{"@type":"ListItem","position":2,"name":"Shop","item":"https:\/\/sitandheat.com\/shop\/"},{"@type":"ListItem","position":3,"name":"Oslo"}]},{"@type":"WebSite","@id":"https:\/\/sitandheat.com\/#website","url":"https:\/\/sitandheat.com\/","name":"Sitt och v\u00e4rm","description":"Smarta v\u00e4rmedynor i din stil","publisher":{"@id":"https:\/\/sitandheat.com\/#organization"},"potentialAction":[{"@type":"SearchAction","target":{"@type":"EntryPoint","urlTemplate":"https:\/\/sitandheat.com\/?s={search_term_string}"},"query-input":{"@type":"PropertyValueSpecification","valueRequired":true,"valueName":"search_term_string"}}],"inLanguage":"sv-SE"},{"@type":"Organization","@id":"https:\/\/sitandheat.com\/#organization","name":"Sitt och v\u00e4rm","url":"https:\/\/sitandheat.com\/","logo":{"@type":"ImageObject","inLanguage":"sv-SE","@id":"https:\/\/sitandheat.com\/#\/schema\/logo\/image\/","url":"https:\/\/sitandheat.com\/wp-content\/uploads\/2023\/11\/SH_LogoWit-1.svg","contentUrl":"https:\/\/sitandheat.com\/wp-content\/uploads\/2023\/11\/SH_LogoWit-1.svg","width":"1024","height":"1024","caption":"Sit &amp; Heat"},"image":{"@id":"https:\/\/sitandheat.com\/#\/schema\/logo\/image\/"},"sameAs":["https:\/\/www.facebook.com\/SitandHeat"]}]}},"jetpack_sharing_enabled":true,"_links":{"self":[{"href":"https:\/\/sitandheat.com\/se\/wp-json\/wp\/v2\/product\/8988","targetHints":{"allow":["GET"]}}],"collection":[{"href":"https:\/\/sitandheat.com\/se\/wp-json\/wp\/v2\/product"}],"about":[{"href":"https:\/\/sitandheat.com\/se\/wp-json\/wp\/v2\/types\/product"}],"replies":[{"embeddable":true,"href":"https:\/\/sitandheat.com\/se\/wp-json\/wp\/v2\/comments?post=8988"}],"wp:featuredmedia":[{"embeddable":true,"href":"https:\/\/sitandheat.com\/se\/wp-json\/wp\/v2\/media\/13027"}],"wp:attachment":[{"href":"https:\/\/sitandheat.com\/se\/wp-json\/wp\/v2\/media?parent=8988"}],"wp:term":[{"taxonomy":"product_brand","embeddable":true,"href":"https:\/\/sitandheat.com\/se\/wp-json\/wp\/v2\/product_brand?post=8988"},{"taxonomy":"product_cat","embeddable":true,"href":"https:\/\/sitandheat.com\/se\/wp-json\/wp\/v2\/product_cat?post=8988"},{"taxonomy":"product_tag","embeddable":true,"href":"https:\/\/sitandheat.com\/se\/wp-json\/wp\/v2\/product_tag?post=8988"}],"curies":[{"name":"wp","href":"https:\/\/api.w.org\/{rel}","templated":true}]}}