{"id":10465,"date":"2024-01-10T10:50:28","date_gmt":"2024-01-10T10:50:28","guid":{"rendered":"https:\/\/sitandheat.com\/?post_type=product&#038;p=10465"},"modified":"2024-01-16T12:47:46","modified_gmt":"2024-01-16T12:47:46","slug":"botten-affligem","status":"publish","type":"product","link":"https:\/\/sitandheat.com\/se\/product\/bottom-affligem\/","title":{"rendered":"B\u00e4nkdyna Affligem"},"content":{"rendered":"<p>V\u00e5r skr\u00e4ddarsydda, energieffektiva v\u00e4rmedyna Bottom tar dina utomhussoffor till en ny niv\u00e5. V\u00e4rme och komfort i toppklass, utan smutsiga utsl\u00e4pp. V\u00e4lj din stil i v\u00e5r konfigurator f\u00f6r att g\u00f6ra den till just din. Uppgradera din utomhusupplevelse och g\u00f6r den \u00e4nnu varmare och mysigare med v\u00e5ra uppv\u00e4rmda Lounge-dynor. Komfort n\u00e4r den \u00e4r som b\u00e4st med Sit &amp; Heat.<\/p>","protected":false},"excerpt":{"rendered":"<p>Du befinner dig i visualiseringsmilj\u00f6n. Sit &amp; Heat kommer att kontakta dig s\u00e5 snart ans\u00f6kan om din account manager har skickats in. Sedan g\u00f6r vi tillsammans ett bra val f\u00f6r din verksamhet.<\/p>\n<p>Ploppa ner p\u00e5 botten: denna soffdyna erbjuder upp till tre uppv\u00e4rmda s\u00e4ten. Kudden best\u00e5r av en uppv\u00e4rmd sittyta och \u00e4r skr\u00e4ddarsydd.<\/p>\n<p>Tack vare bidraget fr\u00e5n HEINEKEN \u00e4r varum\u00e4rkets logotyp alltid synlig p\u00e5 soffkudden.<\/p>","protected":false},"featured_media":10470,"comment_status":"open","ping_status":"closed","template":"","meta":{"_acf_changed":false,"content-type":"","inline_featured_image":false},"product_brand":[],"product_cat":[64],"product_tag":[],"class_list":{"0":"post-10465","1":"product","2":"type-product","3":"status-publish","4":"has-post-thumbnail","6":"product_cat-affligem","8":"first","9":"instock","10":"taxable","11":"shipping-taxable","12":"purchasable","13":"product-type-simple"},"acf":[],"yoast_head":"<!-- This site is optimized with the Yoast SEO plugin v27.3 - https:\/\/yoast.com\/product\/yoast-seo-wordpress\/ -->\n<title>Sit &amp; Heat | Warmtekussen Lounge Bottom Affligem<\/title>\n<meta name=\"description\" content=\"Geniet van een heerlijk warmtekussen Lounge Bottom Affligem voor op jouw bank. Voor thuis, in de tuin of op het terras. Om echt persoonlijk te verwarmen.\" \/>\n<meta name=\"robots\" content=\"index, follow, max-snippet:-1, max-image-preview:large, max-video-preview:-1\" \/>\n<link rel=\"canonical\" href=\"https:\/\/sitandheat.com\/se\/produkt\/botten-affligem\/\" \/>\n<meta property=\"og:locale\" content=\"sv_SE\" \/>\n<meta property=\"og:type\" content=\"article\" \/>\n<meta property=\"og:title\" content=\"Sit &amp; Heat | Warmtekussen Lounge Bottom Affligem\" \/>\n<meta property=\"og:description\" content=\"Geniet van een heerlijk warmtekussen Lounge Bottom Affligem voor op jouw bank. Voor thuis, in de tuin of op het terras. Om echt persoonlijk te verwarmen.\" \/>\n<meta property=\"og:url\" content=\"https:\/\/sitandheat.com\/se\/produkt\/botten-affligem\/\" \/>\n<meta property=\"og:site_name\" content=\"Sit &amp; Heat\" \/>\n<meta property=\"article:publisher\" content=\"https:\/\/www.facebook.com\/SitandHeat\" \/>\n<meta property=\"article:modified_time\" content=\"2024-01-16T12:47:46+00:00\" \/>\n<meta property=\"og:image\" content=\"https:\/\/sitandheat.com\/wp-content\/uploads\/2024\/01\/SitHeat_239A\u00a9JurriaanHuting-1.jpg\" \/>\n\t<meta property=\"og:image:width\" content=\"800\" \/>\n\t<meta property=\"og:image:height\" content=\"1200\" \/>\n\t<meta property=\"og:image:type\" content=\"image\/jpeg\" \/>\n<meta name=\"twitter:card\" content=\"summary_large_image\" \/>\n<meta name=\"twitter:label1\" content=\"Ber\u00e4knad l\u00e4stid\" \/>\n\t<meta name=\"twitter:data1\" content=\"1 minut\" \/>\n<script type=\"application\/ld+json\" class=\"yoast-schema-graph\">{\"@context\":\"https:\\\/\\\/schema.org\",\"@graph\":[{\"@type\":\"WebPage\",\"@id\":\"https:\\\/\\\/sitandheat.com\\\/product\\\/bottom-affligem\\\/\",\"url\":\"https:\\\/\\\/sitandheat.com\\\/product\\\/bottom-affligem\\\/\",\"name\":\"Sit & Heat | Warmtekussen Lounge Bottom Affligem\",\"isPartOf\":{\"@id\":\"https:\\\/\\\/sitandheat.com\\\/#website\"},\"primaryImageOfPage\":{\"@id\":\"https:\\\/\\\/sitandheat.com\\\/product\\\/bottom-affligem\\\/#primaryimage\"},\"image\":{\"@id\":\"https:\\\/\\\/sitandheat.com\\\/product\\\/bottom-affligem\\\/#primaryimage\"},\"thumbnailUrl\":\"https:\\\/\\\/sitandheat.com\\\/wp-content\\\/uploads\\\/2024\\\/01\\\/SitHeat_239A\u00a9JurriaanHuting-1.jpg\",\"datePublished\":\"2024-01-10T10:50:28+00:00\",\"dateModified\":\"2024-01-16T12:47:46+00:00\",\"description\":\"Geniet van een heerlijk warmtekussen Lounge Bottom Affligem voor op jouw bank. Voor thuis, in de tuin of op het terras. Om echt persoonlijk te verwarmen.\",\"breadcrumb\":{\"@id\":\"https:\\\/\\\/sitandheat.com\\\/product\\\/bottom-affligem\\\/#breadcrumb\"},\"inLanguage\":\"sv-SE\",\"potentialAction\":[{\"@type\":\"ReadAction\",\"target\":[\"https:\\\/\\\/sitandheat.com\\\/product\\\/bottom-affligem\\\/\"]}]},{\"@type\":\"ImageObject\",\"inLanguage\":\"sv-SE\",\"@id\":\"https:\\\/\\\/sitandheat.com\\\/product\\\/bottom-affligem\\\/#primaryimage\",\"url\":\"https:\\\/\\\/sitandheat.com\\\/wp-content\\\/uploads\\\/2024\\\/01\\\/SitHeat_239A\u00a9JurriaanHuting-1.jpg\",\"contentUrl\":\"https:\\\/\\\/sitandheat.com\\\/wp-content\\\/uploads\\\/2024\\\/01\\\/SitHeat_239A\u00a9JurriaanHuting-1.jpg\",\"width\":800,\"height\":1200},{\"@type\":\"BreadcrumbList\",\"@id\":\"https:\\\/\\\/sitandheat.com\\\/product\\\/bottom-affligem\\\/#breadcrumb\",\"itemListElement\":[{\"@type\":\"ListItem\",\"position\":1,\"name\":\"Home\",\"item\":\"https:\\\/\\\/sitandheat.com\\\/\"},{\"@type\":\"ListItem\",\"position\":2,\"name\":\"Shop\",\"item\":\"https:\\\/\\\/sitandheat.com\\\/shop\\\/\"},{\"@type\":\"ListItem\",\"position\":3,\"name\":\"Bottom Affligem\"}]},{\"@type\":\"WebSite\",\"@id\":\"https:\\\/\\\/sitandheat.com\\\/#website\",\"url\":\"https:\\\/\\\/sitandheat.com\\\/\",\"name\":\"Sit &amp; Heat\",\"description\":\"Slimme warmtekussens in jouw stijl\",\"publisher\":{\"@id\":\"https:\\\/\\\/sitandheat.com\\\/#organization\"},\"potentialAction\":[{\"@type\":\"SearchAction\",\"target\":{\"@type\":\"EntryPoint\",\"urlTemplate\":\"https:\\\/\\\/sitandheat.com\\\/?s={search_term_string}\"},\"query-input\":{\"@type\":\"PropertyValueSpecification\",\"valueRequired\":true,\"valueName\":\"search_term_string\"}}],\"inLanguage\":\"sv-SE\"},{\"@type\":\"Organization\",\"@id\":\"https:\\\/\\\/sitandheat.com\\\/#organization\",\"name\":\"Sit &amp; Heat\",\"url\":\"https:\\\/\\\/sitandheat.com\\\/\",\"logo\":{\"@type\":\"ImageObject\",\"inLanguage\":\"sv-SE\",\"@id\":\"https:\\\/\\\/sitandheat.com\\\/#\\\/schema\\\/logo\\\/image\\\/\",\"url\":\"https:\\\/\\\/sitandheat.com\\\/wp-content\\\/uploads\\\/2023\\\/11\\\/SH_LogoWit-1.svg\",\"contentUrl\":\"https:\\\/\\\/sitandheat.com\\\/wp-content\\\/uploads\\\/2023\\\/11\\\/SH_LogoWit-1.svg\",\"width\":\"1024\",\"height\":\"1024\",\"caption\":\"Sit &amp; Heat\"},\"image\":{\"@id\":\"https:\\\/\\\/sitandheat.com\\\/#\\\/schema\\\/logo\\\/image\\\/\"},\"sameAs\":[\"https:\\\/\\\/www.facebook.com\\\/SitandHeat\"]}]}<\/script>\n<!-- \/ Yoast SEO plugin. -->","yoast_head_json":{"title":"Sit &amp; Heat | V\u00e4rmedyna Lounge Bottom Affligem","description":"Njut av en h\u00e4rlig v\u00e4rmekudde Lounge Bottom Affligem f\u00f6r i din soffa. F\u00f6r hemma, i tr\u00e4dg\u00e5rden eller p\u00e5 terrassen. F\u00f6r riktig personlig uppv\u00e4rmning.","robots":{"index":"index","follow":"follow","max-snippet":"max-snippet:-1","max-image-preview":"max-image-preview:large","max-video-preview":"max-video-preview:-1"},"canonical":"https:\/\/sitandheat.com\/se\/produkt\/botten-affligem\/","og_locale":"sv_SE","og_type":"article","og_title":"Sit & Heat | Warmtekussen Lounge Bottom Affligem","og_description":"Geniet van een heerlijk warmtekussen Lounge Bottom Affligem voor op jouw bank. Voor thuis, in de tuin of op het terras. Om echt persoonlijk te verwarmen.","og_url":"https:\/\/sitandheat.com\/se\/produkt\/botten-affligem\/","og_site_name":"Sit &amp; Heat","article_publisher":"https:\/\/www.facebook.com\/SitandHeat","article_modified_time":"2024-01-16T12:47:46+00:00","og_image":[{"width":800,"height":1200,"url":"https:\/\/sitandheat.com\/wp-content\/uploads\/2024\/01\/SitHeat_239A\u00a9JurriaanHuting-1.jpg","type":"image\/jpeg"}],"twitter_card":"summary_large_image","twitter_misc":{"Ber\u00e4knad l\u00e4stid":"1 minut"},"schema":{"@context":"https:\/\/schema.org","@graph":[{"@type":"WebPage","@id":"https:\/\/sitandheat.com\/product\/bottom-affligem\/","url":"https:\/\/sitandheat.com\/product\/bottom-affligem\/","name":"Sit &amp; Heat | V\u00e4rmedyna Lounge Bottom Affligem","isPartOf":{"@id":"https:\/\/sitandheat.com\/#website"},"primaryImageOfPage":{"@id":"https:\/\/sitandheat.com\/product\/bottom-affligem\/#primaryimage"},"image":{"@id":"https:\/\/sitandheat.com\/product\/bottom-affligem\/#primaryimage"},"thumbnailUrl":"https:\/\/sitandheat.com\/wp-content\/uploads\/2024\/01\/SitHeat_239A\u00a9JurriaanHuting-1.jpg","datePublished":"2024-01-10T10:50:28+00:00","dateModified":"2024-01-16T12:47:46+00:00","description":"Njut av en h\u00e4rlig v\u00e4rmekudde Lounge Bottom Affligem f\u00f6r i din soffa. F\u00f6r hemma, i tr\u00e4dg\u00e5rden eller p\u00e5 terrassen. F\u00f6r riktig personlig uppv\u00e4rmning.","breadcrumb":{"@id":"https:\/\/sitandheat.com\/product\/bottom-affligem\/#breadcrumb"},"inLanguage":"sv-SE","potentialAction":[{"@type":"ReadAction","target":["https:\/\/sitandheat.com\/product\/bottom-affligem\/"]}]},{"@type":"ImageObject","inLanguage":"sv-SE","@id":"https:\/\/sitandheat.com\/product\/bottom-affligem\/#primaryimage","url":"https:\/\/sitandheat.com\/wp-content\/uploads\/2024\/01\/SitHeat_239A\u00a9JurriaanHuting-1.jpg","contentUrl":"https:\/\/sitandheat.com\/wp-content\/uploads\/2024\/01\/SitHeat_239A\u00a9JurriaanHuting-1.jpg","width":800,"height":1200},{"@type":"BreadcrumbList","@id":"https:\/\/sitandheat.com\/product\/bottom-affligem\/#breadcrumb","itemListElement":[{"@type":"ListItem","position":1,"name":"Home","item":"https:\/\/sitandheat.com\/"},{"@type":"ListItem","position":2,"name":"Shop","item":"https:\/\/sitandheat.com\/shop\/"},{"@type":"ListItem","position":3,"name":"Bottom Affligem"}]},{"@type":"WebSite","@id":"https:\/\/sitandheat.com\/#website","url":"https:\/\/sitandheat.com\/","name":"Sitt och v\u00e4rm","description":"Smarta v\u00e4rmedynor i din stil","publisher":{"@id":"https:\/\/sitandheat.com\/#organization"},"potentialAction":[{"@type":"SearchAction","target":{"@type":"EntryPoint","urlTemplate":"https:\/\/sitandheat.com\/?s={search_term_string}"},"query-input":{"@type":"PropertyValueSpecification","valueRequired":true,"valueName":"search_term_string"}}],"inLanguage":"sv-SE"},{"@type":"Organization","@id":"https:\/\/sitandheat.com\/#organization","name":"Sitt och v\u00e4rm","url":"https:\/\/sitandheat.com\/","logo":{"@type":"ImageObject","inLanguage":"sv-SE","@id":"https:\/\/sitandheat.com\/#\/schema\/logo\/image\/","url":"https:\/\/sitandheat.com\/wp-content\/uploads\/2023\/11\/SH_LogoWit-1.svg","contentUrl":"https:\/\/sitandheat.com\/wp-content\/uploads\/2023\/11\/SH_LogoWit-1.svg","width":"1024","height":"1024","caption":"Sit &amp; Heat"},"image":{"@id":"https:\/\/sitandheat.com\/#\/schema\/logo\/image\/"},"sameAs":["https:\/\/www.facebook.com\/SitandHeat"]}]}},"jetpack_sharing_enabled":true,"_links":{"self":[{"href":"https:\/\/sitandheat.com\/se\/wp-json\/wp\/v2\/product\/10465","targetHints":{"allow":["GET"]}}],"collection":[{"href":"https:\/\/sitandheat.com\/se\/wp-json\/wp\/v2\/product"}],"about":[{"href":"https:\/\/sitandheat.com\/se\/wp-json\/wp\/v2\/types\/product"}],"replies":[{"embeddable":true,"href":"https:\/\/sitandheat.com\/se\/wp-json\/wp\/v2\/comments?post=10465"}],"wp:featuredmedia":[{"embeddable":true,"href":"https:\/\/sitandheat.com\/se\/wp-json\/wp\/v2\/media\/10470"}],"wp:attachment":[{"href":"https:\/\/sitandheat.com\/se\/wp-json\/wp\/v2\/media?parent=10465"}],"wp:term":[{"taxonomy":"product_brand","embeddable":true,"href":"https:\/\/sitandheat.com\/se\/wp-json\/wp\/v2\/product_brand?post=10465"},{"taxonomy":"product_cat","embeddable":true,"href":"https:\/\/sitandheat.com\/se\/wp-json\/wp\/v2\/product_cat?post=10465"},{"taxonomy":"product_tag","embeddable":true,"href":"https:\/\/sitandheat.com\/se\/wp-json\/wp\/v2\/product_tag?post=10465"}],"curies":[{"name":"wp","href":"https:\/\/api.w.org\/{rel}","templated":true}]}}