{"id":10111,"date":"2023-11-20T15:49:01","date_gmt":"2023-11-20T15:49:01","guid":{"rendered":"https:\/\/sitandheat.com\/?post_type=product&#038;p=10111"},"modified":"2025-07-22T09:54:27","modified_gmt":"2025-07-22T09:54:27","slug":"johannes","status":"publish","type":"product","link":"https:\/\/sitandheat.com\/se\/product\/cannes\/","title":{"rendered":"Cannes"},"content":{"rendered":"<p>En klassisk uteplatsstol i modern tappning, m\u00f6t v\u00e5r Cannes. Skapad f\u00f6r att f\u00e5 stolar med rundade toppar att bli ett med Sit &amp; Heat-dynorna. Denna bekv\u00e4ma dyna h\u00e5ller hela kroppen varm tack vare sin uppv\u00e4rmda rygg och sits. Det uppladdningsbara batteriet har en effektiv sitttid p\u00e5 3 timmar. Detta \u00e4r genomt\u00e4nkt: Sit &amp; Heat-dynan v\u00e4rms bara upp n\u00e4r n\u00e5gon sitter p\u00e5 den. S\u00e5 snart sitsen \u00e4r fri igen st\u00e4ngs v\u00e4rmen av automatiskt efter tv\u00e5 minuter. Batteriet \u00e4r tomt? D\u00e5 \u00e4r batteriet enkelt att ladda, byta och ansluta.<\/p>","protected":false},"excerpt":{"rendered":"<p>Cannes \u00e4r en klassisk terrasskudde med rundad topp. F\u00f6r en varm rygg och varma ben! V\u00e4lj f\u00e4rg och kl\u00e4dsel sj\u00e4lv.<\/p>","protected":false},"featured_media":13275,"comment_status":"open","ping_status":"closed","template":"","meta":{"_acf_changed":false,"content-type":"","inline_featured_image":false},"product_brand":[],"product_cat":[30],"product_tag":[52,50],"class_list":{"0":"post-10111","1":"product","2":"type-product","3":"status-publish","4":"has-post-thumbnail","6":"product_cat-outdoor","7":"product_tag-horeca","8":"product_tag-op-maat-gemaakt","10":"first","11":"instock","12":"taxable","13":"shipping-taxable","14":"purchasable","15":"product-type-simple"},"acf":[],"yoast_head":"<!-- This site is optimized with the Yoast SEO plugin v27.3 - https:\/\/yoast.com\/product\/yoast-seo-wordpress\/ -->\n<title>Sit &amp; Heat | Cannes<\/title>\n<meta name=\"description\" content=\"Cannes is een klassiek terraskussen met een rond afgewerkte bovenkant. Voor een warme rug en warme billen! Kies zelf de kleur en stoffering.\" \/>\n<meta name=\"robots\" content=\"index, follow, max-snippet:-1, max-image-preview:large, max-video-preview:-1\" \/>\n<link rel=\"canonical\" href=\"https:\/\/sitandheat.com\/se\/produkt\/johannes\/\" \/>\n<meta property=\"og:locale\" content=\"sv_SE\" \/>\n<meta property=\"og:type\" content=\"article\" \/>\n<meta property=\"og:title\" content=\"Sit &amp; Heat | Cannes\" \/>\n<meta property=\"og:description\" content=\"Cannes is een klassiek terraskussen met een rond afgewerkte bovenkant. Voor een warme rug en warme billen! Kies zelf de kleur en stoffering.\" \/>\n<meta property=\"og:url\" content=\"https:\/\/sitandheat.com\/se\/produkt\/johannes\/\" \/>\n<meta property=\"og:site_name\" content=\"Sit &amp; Heat\" \/>\n<meta property=\"article:publisher\" content=\"https:\/\/www.facebook.com\/SitandHeat\" \/>\n<meta property=\"article:modified_time\" content=\"2025-07-22T09:54:27+00:00\" \/>\n<meta property=\"og:image\" content=\"https:\/\/sitandheat.com\/wp-content\/uploads\/2023\/11\/Cannes-1.jpg\" \/>\n\t<meta property=\"og:image:width\" content=\"800\" \/>\n\t<meta property=\"og:image:height\" content=\"800\" \/>\n\t<meta property=\"og:image:type\" content=\"image\/jpeg\" \/>\n<meta name=\"twitter:card\" content=\"summary_large_image\" \/>\n<meta name=\"twitter:label1\" content=\"Ber\u00e4knad l\u00e4stid\" \/>\n\t<meta name=\"twitter:data1\" content=\"1 minut\" \/>\n<script type=\"application\/ld+json\" class=\"yoast-schema-graph\">{\"@context\":\"https:\\\/\\\/schema.org\",\"@graph\":[{\"@type\":\"WebPage\",\"@id\":\"https:\\\/\\\/sitandheat.com\\\/product\\\/cannes\\\/\",\"url\":\"https:\\\/\\\/sitandheat.com\\\/product\\\/cannes\\\/\",\"name\":\"Sit & Heat | Cannes\",\"isPartOf\":{\"@id\":\"https:\\\/\\\/sitandheat.com\\\/#website\"},\"primaryImageOfPage\":{\"@id\":\"https:\\\/\\\/sitandheat.com\\\/product\\\/cannes\\\/#primaryimage\"},\"image\":{\"@id\":\"https:\\\/\\\/sitandheat.com\\\/product\\\/cannes\\\/#primaryimage\"},\"thumbnailUrl\":\"https:\\\/\\\/sitandheat.com\\\/wp-content\\\/uploads\\\/2023\\\/11\\\/Cannes-1.jpg\",\"datePublished\":\"2023-11-20T15:49:01+00:00\",\"dateModified\":\"2025-07-22T09:54:27+00:00\",\"description\":\"Cannes is een klassiek terraskussen met een rond afgewerkte bovenkant. Voor een warme rug en warme billen! Kies zelf de kleur en stoffering.\",\"breadcrumb\":{\"@id\":\"https:\\\/\\\/sitandheat.com\\\/product\\\/cannes\\\/#breadcrumb\"},\"inLanguage\":\"sv-SE\",\"potentialAction\":[{\"@type\":\"ReadAction\",\"target\":[\"https:\\\/\\\/sitandheat.com\\\/product\\\/cannes\\\/\"]}]},{\"@type\":\"ImageObject\",\"inLanguage\":\"sv-SE\",\"@id\":\"https:\\\/\\\/sitandheat.com\\\/product\\\/cannes\\\/#primaryimage\",\"url\":\"https:\\\/\\\/sitandheat.com\\\/wp-content\\\/uploads\\\/2023\\\/11\\\/Cannes-1.jpg\",\"contentUrl\":\"https:\\\/\\\/sitandheat.com\\\/wp-content\\\/uploads\\\/2023\\\/11\\\/Cannes-1.jpg\",\"width\":800,\"height\":800},{\"@type\":\"BreadcrumbList\",\"@id\":\"https:\\\/\\\/sitandheat.com\\\/product\\\/cannes\\\/#breadcrumb\",\"itemListElement\":[{\"@type\":\"ListItem\",\"position\":1,\"name\":\"Home\",\"item\":\"https:\\\/\\\/sitandheat.com\\\/\"},{\"@type\":\"ListItem\",\"position\":2,\"name\":\"Shop\",\"item\":\"https:\\\/\\\/sitandheat.com\\\/shop\\\/\"},{\"@type\":\"ListItem\",\"position\":3,\"name\":\"Cannes\"}]},{\"@type\":\"WebSite\",\"@id\":\"https:\\\/\\\/sitandheat.com\\\/#website\",\"url\":\"https:\\\/\\\/sitandheat.com\\\/\",\"name\":\"Sit &amp; Heat\",\"description\":\"Slimme warmtekussens in jouw stijl\",\"publisher\":{\"@id\":\"https:\\\/\\\/sitandheat.com\\\/#organization\"},\"potentialAction\":[{\"@type\":\"SearchAction\",\"target\":{\"@type\":\"EntryPoint\",\"urlTemplate\":\"https:\\\/\\\/sitandheat.com\\\/?s={search_term_string}\"},\"query-input\":{\"@type\":\"PropertyValueSpecification\",\"valueRequired\":true,\"valueName\":\"search_term_string\"}}],\"inLanguage\":\"sv-SE\"},{\"@type\":\"Organization\",\"@id\":\"https:\\\/\\\/sitandheat.com\\\/#organization\",\"name\":\"Sit &amp; Heat\",\"url\":\"https:\\\/\\\/sitandheat.com\\\/\",\"logo\":{\"@type\":\"ImageObject\",\"inLanguage\":\"sv-SE\",\"@id\":\"https:\\\/\\\/sitandheat.com\\\/#\\\/schema\\\/logo\\\/image\\\/\",\"url\":\"https:\\\/\\\/sitandheat.com\\\/wp-content\\\/uploads\\\/2023\\\/11\\\/SH_LogoWit-1.svg\",\"contentUrl\":\"https:\\\/\\\/sitandheat.com\\\/wp-content\\\/uploads\\\/2023\\\/11\\\/SH_LogoWit-1.svg\",\"width\":\"1024\",\"height\":\"1024\",\"caption\":\"Sit &amp; Heat\"},\"image\":{\"@id\":\"https:\\\/\\\/sitandheat.com\\\/#\\\/schema\\\/logo\\\/image\\\/\"},\"sameAs\":[\"https:\\\/\\\/www.facebook.com\\\/SitandHeat\"]}]}<\/script>\n<!-- \/ Yoast SEO plugin. -->","yoast_head_json":{"title":"Sit &amp; Heat | Cannes","description":"Cannes \u00e4r en klassisk terrasskudde med rundad avslutning. F\u00f6r en varm rygg och varma skinkor! V\u00e4lj f\u00e4rg och kl\u00e4dsel sj\u00e4lv.","robots":{"index":"index","follow":"follow","max-snippet":"max-snippet:-1","max-image-preview":"max-image-preview:large","max-video-preview":"max-video-preview:-1"},"canonical":"https:\/\/sitandheat.com\/se\/produkt\/johannes\/","og_locale":"sv_SE","og_type":"article","og_title":"Sit & Heat | Cannes","og_description":"Cannes is een klassiek terraskussen met een rond afgewerkte bovenkant. Voor een warme rug en warme billen! Kies zelf de kleur en stoffering.","og_url":"https:\/\/sitandheat.com\/se\/produkt\/johannes\/","og_site_name":"Sit &amp; Heat","article_publisher":"https:\/\/www.facebook.com\/SitandHeat","article_modified_time":"2025-07-22T09:54:27+00:00","og_image":[{"width":800,"height":800,"url":"https:\/\/sitandheat.com\/wp-content\/uploads\/2023\/11\/Cannes-1.jpg","type":"image\/jpeg"}],"twitter_card":"summary_large_image","twitter_misc":{"Ber\u00e4knad l\u00e4stid":"1 minut"},"schema":{"@context":"https:\/\/schema.org","@graph":[{"@type":"WebPage","@id":"https:\/\/sitandheat.com\/product\/cannes\/","url":"https:\/\/sitandheat.com\/product\/cannes\/","name":"Sit &amp; Heat | Cannes","isPartOf":{"@id":"https:\/\/sitandheat.com\/#website"},"primaryImageOfPage":{"@id":"https:\/\/sitandheat.com\/product\/cannes\/#primaryimage"},"image":{"@id":"https:\/\/sitandheat.com\/product\/cannes\/#primaryimage"},"thumbnailUrl":"https:\/\/sitandheat.com\/wp-content\/uploads\/2023\/11\/Cannes-1.jpg","datePublished":"2023-11-20T15:49:01+00:00","dateModified":"2025-07-22T09:54:27+00:00","description":"Cannes \u00e4r en klassisk terrasskudde med rundad avslutning. F\u00f6r en varm rygg och varma skinkor! V\u00e4lj f\u00e4rg och kl\u00e4dsel sj\u00e4lv.","breadcrumb":{"@id":"https:\/\/sitandheat.com\/product\/cannes\/#breadcrumb"},"inLanguage":"sv-SE","potentialAction":[{"@type":"ReadAction","target":["https:\/\/sitandheat.com\/product\/cannes\/"]}]},{"@type":"ImageObject","inLanguage":"sv-SE","@id":"https:\/\/sitandheat.com\/product\/cannes\/#primaryimage","url":"https:\/\/sitandheat.com\/wp-content\/uploads\/2023\/11\/Cannes-1.jpg","contentUrl":"https:\/\/sitandheat.com\/wp-content\/uploads\/2023\/11\/Cannes-1.jpg","width":800,"height":800},{"@type":"BreadcrumbList","@id":"https:\/\/sitandheat.com\/product\/cannes\/#breadcrumb","itemListElement":[{"@type":"ListItem","position":1,"name":"Home","item":"https:\/\/sitandheat.com\/"},{"@type":"ListItem","position":2,"name":"Shop","item":"https:\/\/sitandheat.com\/shop\/"},{"@type":"ListItem","position":3,"name":"Cannes"}]},{"@type":"WebSite","@id":"https:\/\/sitandheat.com\/#website","url":"https:\/\/sitandheat.com\/","name":"Sitt och v\u00e4rm","description":"Smarta v\u00e4rmedynor i din stil","publisher":{"@id":"https:\/\/sitandheat.com\/#organization"},"potentialAction":[{"@type":"SearchAction","target":{"@type":"EntryPoint","urlTemplate":"https:\/\/sitandheat.com\/?s={search_term_string}"},"query-input":{"@type":"PropertyValueSpecification","valueRequired":true,"valueName":"search_term_string"}}],"inLanguage":"sv-SE"},{"@type":"Organization","@id":"https:\/\/sitandheat.com\/#organization","name":"Sitt och v\u00e4rm","url":"https:\/\/sitandheat.com\/","logo":{"@type":"ImageObject","inLanguage":"sv-SE","@id":"https:\/\/sitandheat.com\/#\/schema\/logo\/image\/","url":"https:\/\/sitandheat.com\/wp-content\/uploads\/2023\/11\/SH_LogoWit-1.svg","contentUrl":"https:\/\/sitandheat.com\/wp-content\/uploads\/2023\/11\/SH_LogoWit-1.svg","width":"1024","height":"1024","caption":"Sit &amp; Heat"},"image":{"@id":"https:\/\/sitandheat.com\/#\/schema\/logo\/image\/"},"sameAs":["https:\/\/www.facebook.com\/SitandHeat"]}]}},"jetpack_sharing_enabled":true,"_links":{"self":[{"href":"https:\/\/sitandheat.com\/se\/wp-json\/wp\/v2\/product\/10111","targetHints":{"allow":["GET"]}}],"collection":[{"href":"https:\/\/sitandheat.com\/se\/wp-json\/wp\/v2\/product"}],"about":[{"href":"https:\/\/sitandheat.com\/se\/wp-json\/wp\/v2\/types\/product"}],"replies":[{"embeddable":true,"href":"https:\/\/sitandheat.com\/se\/wp-json\/wp\/v2\/comments?post=10111"}],"wp:featuredmedia":[{"embeddable":true,"href":"https:\/\/sitandheat.com\/se\/wp-json\/wp\/v2\/media\/13275"}],"wp:attachment":[{"href":"https:\/\/sitandheat.com\/se\/wp-json\/wp\/v2\/media?parent=10111"}],"wp:term":[{"taxonomy":"product_brand","embeddable":true,"href":"https:\/\/sitandheat.com\/se\/wp-json\/wp\/v2\/product_brand?post=10111"},{"taxonomy":"product_cat","embeddable":true,"href":"https:\/\/sitandheat.com\/se\/wp-json\/wp\/v2\/product_cat?post=10111"},{"taxonomy":"product_tag","embeddable":true,"href":"https:\/\/sitandheat.com\/se\/wp-json\/wp\/v2\/product_tag?post=10111"}],"curies":[{"name":"wp","href":"https:\/\/api.w.org\/{rel}","templated":true}]}}