{"id":9660,"date":"2023-11-10T12:30:17","date_gmt":"2023-11-10T12:30:17","guid":{"rendered":"https:\/\/sitandheat.com\/?page_id=9660"},"modified":"2023-11-10T12:30:19","modified_gmt":"2023-11-10T12:30:19","slug":"kyrkor","status":"publish","type":"page","link":"https:\/\/sitandheat.com\/se\/kerken\/","title":{"rendered":"Kyrkor"},"content":{"rendered":"","protected":false},"excerpt":{"rendered":"","protected":false},"author":9,"featured_media":0,"parent":0,"menu_order":0,"comment_status":"closed","ping_status":"closed","template":"","meta":{"_acf_changed":false,"content-type":"","inline_featured_image":false,"footnotes":""},"class_list":["post-9660","page","type-page","status-publish","hentry"],"acf":[],"yoast_head":"<!-- This site is optimized with the Yoast SEO plugin v27.3 - https:\/\/yoast.com\/product\/yoast-seo-wordpress\/ -->\n<title>Sit &amp; Heat | Warmtekussens voor stoelen en banken voor de Kerk<\/title>\n<meta name=\"description\" content=\"Vind kerkvriendelijke verwarmde stoelkussens en bankkussens van Sit &amp; Heat. Bied duurzame warmte. Verhoog nu het comfort van uw kerkgemeenschap.\" \/>\n<meta name=\"robots\" content=\"index, follow, max-snippet:-1, max-image-preview:large, max-video-preview:-1\" \/>\n<link rel=\"canonical\" href=\"https:\/\/sitandheat.com\/se\/kyrkor\/\" \/>\n<meta property=\"og:locale\" content=\"sv_SE\" \/>\n<meta property=\"og:type\" content=\"article\" \/>\n<meta property=\"og:title\" content=\"Sit &amp; Heat | Warmtekussens voor stoelen en banken voor de Kerk\" \/>\n<meta property=\"og:description\" content=\"Vind kerkvriendelijke verwarmde stoelkussens en bankkussens van Sit &amp; Heat. Bied duurzame warmte. Verhoog nu het comfort van uw kerkgemeenschap.\" \/>\n<meta property=\"og:url\" content=\"https:\/\/sitandheat.com\/se\/kyrkor\/\" \/>\n<meta property=\"og:site_name\" content=\"Sit &amp; Heat\" \/>\n<meta property=\"article:publisher\" content=\"https:\/\/www.facebook.com\/SitandHeat\" \/>\n<meta property=\"article:modified_time\" content=\"2023-11-10T12:30:19+00:00\" \/>\n<meta property=\"og:image\" content=\"https:\/\/sitandheat.com\/wp-content\/uploads\/2023\/11\/SitHeat_106\u00a9JurriaanHuting-1-min-1-scaled.jpg\" \/>\n\t<meta property=\"og:image:width\" content=\"2560\" \/>\n\t<meta property=\"og:image:height\" content=\"1280\" \/>\n\t<meta property=\"og:image:type\" content=\"image\/jpeg\" \/>\n<meta name=\"twitter:card\" content=\"summary_large_image\" \/>\n<script type=\"application\/ld+json\" class=\"yoast-schema-graph\">{\"@context\":\"https:\\\/\\\/schema.org\",\"@graph\":[{\"@type\":\"WebPage\",\"@id\":\"https:\\\/\\\/sitandheat.com\\\/kerken\\\/\",\"url\":\"https:\\\/\\\/sitandheat.com\\\/kerken\\\/\",\"name\":\"Sit & Heat | Warmtekussens voor stoelen en banken voor de Kerk\",\"isPartOf\":{\"@id\":\"https:\\\/\\\/sitandheat.com\\\/#website\"},\"datePublished\":\"2023-11-10T12:30:17+00:00\",\"dateModified\":\"2023-11-10T12:30:19+00:00\",\"description\":\"Vind kerkvriendelijke verwarmde stoelkussens en bankkussens van Sit & Heat. Bied duurzame warmte. Verhoog nu het comfort van uw kerkgemeenschap.\",\"breadcrumb\":{\"@id\":\"https:\\\/\\\/sitandheat.com\\\/kerken\\\/#breadcrumb\"},\"inLanguage\":\"sv-SE\",\"potentialAction\":[{\"@type\":\"ReadAction\",\"target\":[\"https:\\\/\\\/sitandheat.com\\\/kerken\\\/\"]}]},{\"@type\":\"BreadcrumbList\",\"@id\":\"https:\\\/\\\/sitandheat.com\\\/kerken\\\/#breadcrumb\",\"itemListElement\":[{\"@type\":\"ListItem\",\"position\":1,\"name\":\"Home\",\"item\":\"https:\\\/\\\/sitandheat.com\\\/\"},{\"@type\":\"ListItem\",\"position\":2,\"name\":\"Kerken\"}]},{\"@type\":\"WebSite\",\"@id\":\"https:\\\/\\\/sitandheat.com\\\/#website\",\"url\":\"https:\\\/\\\/sitandheat.com\\\/\",\"name\":\"Sit &amp; Heat\",\"description\":\"Slimme warmtekussens in jouw stijl\",\"publisher\":{\"@id\":\"https:\\\/\\\/sitandheat.com\\\/#organization\"},\"potentialAction\":[{\"@type\":\"SearchAction\",\"target\":{\"@type\":\"EntryPoint\",\"urlTemplate\":\"https:\\\/\\\/sitandheat.com\\\/?s={search_term_string}\"},\"query-input\":{\"@type\":\"PropertyValueSpecification\",\"valueRequired\":true,\"valueName\":\"search_term_string\"}}],\"inLanguage\":\"sv-SE\"},{\"@type\":\"Organization\",\"@id\":\"https:\\\/\\\/sitandheat.com\\\/#organization\",\"name\":\"Sit &amp; Heat\",\"url\":\"https:\\\/\\\/sitandheat.com\\\/\",\"logo\":{\"@type\":\"ImageObject\",\"inLanguage\":\"sv-SE\",\"@id\":\"https:\\\/\\\/sitandheat.com\\\/#\\\/schema\\\/logo\\\/image\\\/\",\"url\":\"https:\\\/\\\/sitandheat.com\\\/wp-content\\\/uploads\\\/2023\\\/11\\\/SH_LogoWit-1.svg\",\"contentUrl\":\"https:\\\/\\\/sitandheat.com\\\/wp-content\\\/uploads\\\/2023\\\/11\\\/SH_LogoWit-1.svg\",\"width\":\"1024\",\"height\":\"1024\",\"caption\":\"Sit &amp; Heat\"},\"image\":{\"@id\":\"https:\\\/\\\/sitandheat.com\\\/#\\\/schema\\\/logo\\\/image\\\/\"},\"sameAs\":[\"https:\\\/\\\/www.facebook.com\\\/SitandHeat\"]}]}<\/script>\n<!-- \/ Yoast SEO plugin. -->","yoast_head_json":{"title":"Sit &amp; Heat | V\u00e4rmedynor f\u00f6r stolar och b\u00e4nkar till kyrkan","description":"Hitta kyrkov\u00e4nliga uppv\u00e4rmda stolsdynor och soffdynor fr\u00e5n Sit &amp; Heat. Erbjuder l\u00e5ngvarig v\u00e4rme. \u00d6ka komforten i din f\u00f6rsamling nu.","robots":{"index":"index","follow":"follow","max-snippet":"max-snippet:-1","max-image-preview":"max-image-preview:large","max-video-preview":"max-video-preview:-1"},"canonical":"https:\/\/sitandheat.com\/se\/kyrkor\/","og_locale":"sv_SE","og_type":"article","og_title":"Sit & Heat | Warmtekussens voor stoelen en banken voor de Kerk","og_description":"Vind kerkvriendelijke verwarmde stoelkussens en bankkussens van Sit & Heat. Bied duurzame warmte. Verhoog nu het comfort van uw kerkgemeenschap.","og_url":"https:\/\/sitandheat.com\/se\/kyrkor\/","og_site_name":"Sit &amp; Heat","article_publisher":"https:\/\/www.facebook.com\/SitandHeat","article_modified_time":"2023-11-10T12:30:19+00:00","og_image":[{"width":2560,"height":1280,"url":"https:\/\/sitandheat.com\/wp-content\/uploads\/2023\/11\/SitHeat_106\u00a9JurriaanHuting-1-min-1-scaled.jpg","type":"image\/jpeg"}],"twitter_card":"summary_large_image","schema":{"@context":"https:\/\/schema.org","@graph":[{"@type":"WebPage","@id":"https:\/\/sitandheat.com\/kerken\/","url":"https:\/\/sitandheat.com\/kerken\/","name":"Sit &amp; Heat | V\u00e4rmedynor f\u00f6r stolar och b\u00e4nkar till kyrkan","isPartOf":{"@id":"https:\/\/sitandheat.com\/#website"},"datePublished":"2023-11-10T12:30:17+00:00","dateModified":"2023-11-10T12:30:19+00:00","description":"Hitta kyrkov\u00e4nliga uppv\u00e4rmda stolsdynor och soffdynor fr\u00e5n Sit &amp; Heat. Erbjuder l\u00e5ngvarig v\u00e4rme. \u00d6ka komforten i din f\u00f6rsamling nu.","breadcrumb":{"@id":"https:\/\/sitandheat.com\/kerken\/#breadcrumb"},"inLanguage":"sv-SE","potentialAction":[{"@type":"ReadAction","target":["https:\/\/sitandheat.com\/kerken\/"]}]},{"@type":"BreadcrumbList","@id":"https:\/\/sitandheat.com\/kerken\/#breadcrumb","itemListElement":[{"@type":"ListItem","position":1,"name":"Home","item":"https:\/\/sitandheat.com\/"},{"@type":"ListItem","position":2,"name":"Kerken"}]},{"@type":"WebSite","@id":"https:\/\/sitandheat.com\/#website","url":"https:\/\/sitandheat.com\/","name":"Sitt och v\u00e4rm","description":"Smarta v\u00e4rmedynor i din stil","publisher":{"@id":"https:\/\/sitandheat.com\/#organization"},"potentialAction":[{"@type":"SearchAction","target":{"@type":"EntryPoint","urlTemplate":"https:\/\/sitandheat.com\/?s={search_term_string}"},"query-input":{"@type":"PropertyValueSpecification","valueRequired":true,"valueName":"search_term_string"}}],"inLanguage":"sv-SE"},{"@type":"Organization","@id":"https:\/\/sitandheat.com\/#organization","name":"Sitt och v\u00e4rm","url":"https:\/\/sitandheat.com\/","logo":{"@type":"ImageObject","inLanguage":"sv-SE","@id":"https:\/\/sitandheat.com\/#\/schema\/logo\/image\/","url":"https:\/\/sitandheat.com\/wp-content\/uploads\/2023\/11\/SH_LogoWit-1.svg","contentUrl":"https:\/\/sitandheat.com\/wp-content\/uploads\/2023\/11\/SH_LogoWit-1.svg","width":"1024","height":"1024","caption":"Sit &amp; Heat"},"image":{"@id":"https:\/\/sitandheat.com\/#\/schema\/logo\/image\/"},"sameAs":["https:\/\/www.facebook.com\/SitandHeat"]}]}},"jetpack_sharing_enabled":true,"_links":{"self":[{"href":"https:\/\/sitandheat.com\/se\/wp-json\/wp\/v2\/pages\/9660","targetHints":{"allow":["GET"]}}],"collection":[{"href":"https:\/\/sitandheat.com\/se\/wp-json\/wp\/v2\/pages"}],"about":[{"href":"https:\/\/sitandheat.com\/se\/wp-json\/wp\/v2\/types\/page"}],"author":[{"embeddable":true,"href":"https:\/\/sitandheat.com\/se\/wp-json\/wp\/v2\/users\/9"}],"replies":[{"embeddable":true,"href":"https:\/\/sitandheat.com\/se\/wp-json\/wp\/v2\/comments?post=9660"}],"version-history":[{"count":1,"href":"https:\/\/sitandheat.com\/se\/wp-json\/wp\/v2\/pages\/9660\/revisions"}],"predecessor-version":[{"id":9661,"href":"https:\/\/sitandheat.com\/se\/wp-json\/wp\/v2\/pages\/9660\/revisions\/9661"}],"wp:attachment":[{"href":"https:\/\/sitandheat.com\/se\/wp-json\/wp\/v2\/media?parent=9660"}],"curies":[{"name":"wp","href":"https:\/\/api.w.org\/{rel}","templated":true}]}}