{"id":14646,"date":"2025-12-02T08:17:05","date_gmt":"2025-12-02T08:17:05","guid":{"rendered":"https:\/\/sitandheat.com\/?page_id=14646"},"modified":"2025-12-02T08:17:06","modified_gmt":"2025-12-02T08:17:06","slug":"maassluis","status":"publish","type":"page","link":"https:\/\/sitandheat.com\/se\/maassluis\/","title":{"rendered":"Maassluis"},"content":{"rendered":"","protected":false},"excerpt":{"rendered":"","protected":false},"author":4,"featured_media":0,"parent":0,"menu_order":0,"comment_status":"closed","ping_status":"closed","template":"","meta":{"_acf_changed":false,"content-type":"","inline_featured_image":false,"footnotes":""},"class_list":["post-14646","page","type-page","status-publish","hentry"],"acf":[],"yoast_head":"<!-- This site is optimized with the Yoast SEO plugin v27.3 - https:\/\/yoast.com\/product\/yoast-seo-wordpress\/ -->\n<title>Subsidies voor Warmtekussens in Groningen<\/title>\n<meta name=\"description\" content=\"Als groningse ondernemers ontvang je nu tijdelijk \u20ac5000 aan subsidie voor de inrichting van je terras met warmtekussens van Sit &amp; Heat!\" \/>\n<meta name=\"robots\" content=\"index, follow, max-snippet:-1, max-image-preview:large, max-video-preview:-1\" \/>\n<link rel=\"canonical\" href=\"https:\/\/sitandheat.com\/se\/maassluis\/\" \/>\n<meta property=\"og:locale\" content=\"sv_SE\" \/>\n<meta property=\"og:type\" content=\"article\" \/>\n<meta property=\"og:title\" content=\"Subsidies voor Warmtekussens in Groningen\" \/>\n<meta property=\"og:description\" content=\"Als groningse ondernemers ontvang je nu tijdelijk \u20ac5000 aan subsidie voor de inrichting van je terras met warmtekussens van Sit &amp; Heat!\" \/>\n<meta property=\"og:url\" content=\"https:\/\/sitandheat.com\/se\/maassluis\/\" \/>\n<meta property=\"og:site_name\" content=\"Sit &amp; Heat\" \/>\n<meta property=\"article:publisher\" content=\"https:\/\/www.facebook.com\/SitandHeat\" \/>\n<meta property=\"article:modified_time\" content=\"2025-12-02T08:17:06+00:00\" \/>\n<meta property=\"og:image\" content=\"https:\/\/sitandheat.com\/wp-content\/uploads\/2023\/11\/SitHeat_106\u00a9JurriaanHuting-1-min-1-scaled.jpg\" \/>\n\t<meta property=\"og:image:width\" content=\"2560\" \/>\n\t<meta property=\"og:image:height\" content=\"1280\" \/>\n\t<meta property=\"og:image:type\" content=\"image\/jpeg\" \/>\n<meta name=\"twitter:card\" content=\"summary_large_image\" \/>\n<meta name=\"twitter:label1\" content=\"Ber\u00e4knad l\u00e4stid\" \/>\n\t<meta name=\"twitter:data1\" content=\"9 minuter\" \/>\n<script type=\"application\/ld+json\" class=\"yoast-schema-graph\">{\"@context\":\"https:\\\/\\\/schema.org\",\"@graph\":[{\"@type\":\"WebPage\",\"@id\":\"https:\\\/\\\/sitandheat.com\\\/maassluis\\\/\",\"url\":\"https:\\\/\\\/sitandheat.com\\\/maassluis\\\/\",\"name\":\"Subsidies voor Warmtekussens in Groningen\",\"isPartOf\":{\"@id\":\"https:\\\/\\\/sitandheat.com\\\/#website\"},\"datePublished\":\"2025-12-02T08:17:05+00:00\",\"dateModified\":\"2025-12-02T08:17:06+00:00\",\"description\":\"Als groningse ondernemers ontvang je nu tijdelijk \u20ac5000 aan subsidie voor de inrichting van je terras met warmtekussens van Sit & Heat!\",\"breadcrumb\":{\"@id\":\"https:\\\/\\\/sitandheat.com\\\/maassluis\\\/#breadcrumb\"},\"inLanguage\":\"sv-SE\",\"potentialAction\":[{\"@type\":\"ReadAction\",\"target\":[\"https:\\\/\\\/sitandheat.com\\\/maassluis\\\/\"]}]},{\"@type\":\"BreadcrumbList\",\"@id\":\"https:\\\/\\\/sitandheat.com\\\/maassluis\\\/#breadcrumb\",\"itemListElement\":[{\"@type\":\"ListItem\",\"position\":1,\"name\":\"Home\",\"item\":\"https:\\\/\\\/sitandheat.com\\\/\"},{\"@type\":\"ListItem\",\"position\":2,\"name\":\"Maassluis\"}]},{\"@type\":\"WebSite\",\"@id\":\"https:\\\/\\\/sitandheat.com\\\/#website\",\"url\":\"https:\\\/\\\/sitandheat.com\\\/\",\"name\":\"Sit &amp; Heat\",\"description\":\"Slimme warmtekussens in jouw stijl\",\"publisher\":{\"@id\":\"https:\\\/\\\/sitandheat.com\\\/#organization\"},\"potentialAction\":[{\"@type\":\"SearchAction\",\"target\":{\"@type\":\"EntryPoint\",\"urlTemplate\":\"https:\\\/\\\/sitandheat.com\\\/?s={search_term_string}\"},\"query-input\":{\"@type\":\"PropertyValueSpecification\",\"valueRequired\":true,\"valueName\":\"search_term_string\"}}],\"inLanguage\":\"sv-SE\"},{\"@type\":\"Organization\",\"@id\":\"https:\\\/\\\/sitandheat.com\\\/#organization\",\"name\":\"Sit &amp; Heat\",\"url\":\"https:\\\/\\\/sitandheat.com\\\/\",\"logo\":{\"@type\":\"ImageObject\",\"inLanguage\":\"sv-SE\",\"@id\":\"https:\\\/\\\/sitandheat.com\\\/#\\\/schema\\\/logo\\\/image\\\/\",\"url\":\"https:\\\/\\\/sitandheat.com\\\/wp-content\\\/uploads\\\/2023\\\/11\\\/SH_LogoWit-1.svg\",\"contentUrl\":\"https:\\\/\\\/sitandheat.com\\\/wp-content\\\/uploads\\\/2023\\\/11\\\/SH_LogoWit-1.svg\",\"width\":\"1024\",\"height\":\"1024\",\"caption\":\"Sit &amp; Heat\"},\"image\":{\"@id\":\"https:\\\/\\\/sitandheat.com\\\/#\\\/schema\\\/logo\\\/image\\\/\"},\"sameAs\":[\"https:\\\/\\\/www.facebook.com\\\/SitandHeat\"]}]}<\/script>\n<!-- \/ Yoast SEO plugin. -->","yoast_head_json":{"title":"Bidrag till v\u00e4rmekuddar i Groningen","description":"Som f\u00f6retagare i Groningen kommer du nu tillf\u00e4lligt att f\u00e5 5000 euro i bidrag f\u00f6r att m\u00f6blera din terrass med v\u00e4rmekuddar fr\u00e5n Sit &amp; Heat!","robots":{"index":"index","follow":"follow","max-snippet":"max-snippet:-1","max-image-preview":"max-image-preview:large","max-video-preview":"max-video-preview:-1"},"canonical":"https:\/\/sitandheat.com\/se\/maassluis\/","og_locale":"sv_SE","og_type":"article","og_title":"Subsidies voor Warmtekussens in Groningen","og_description":"Als groningse ondernemers ontvang je nu tijdelijk \u20ac5000 aan subsidie voor de inrichting van je terras met warmtekussens van Sit & Heat!","og_url":"https:\/\/sitandheat.com\/se\/maassluis\/","og_site_name":"Sit &amp; Heat","article_publisher":"https:\/\/www.facebook.com\/SitandHeat","article_modified_time":"2025-12-02T08:17:06+00:00","og_image":[{"width":2560,"height":1280,"url":"https:\/\/sitandheat.com\/wp-content\/uploads\/2023\/11\/SitHeat_106\u00a9JurriaanHuting-1-min-1-scaled.jpg","type":"image\/jpeg"}],"twitter_card":"summary_large_image","twitter_misc":{"Ber\u00e4knad l\u00e4stid":"9 minuter"},"schema":{"@context":"https:\/\/schema.org","@graph":[{"@type":"WebPage","@id":"https:\/\/sitandheat.com\/maassluis\/","url":"https:\/\/sitandheat.com\/maassluis\/","name":"Bidrag till v\u00e4rmekuddar i Groningen","isPartOf":{"@id":"https:\/\/sitandheat.com\/#website"},"datePublished":"2025-12-02T08:17:05+00:00","dateModified":"2025-12-02T08:17:06+00:00","description":"Som f\u00f6retagare i Groningen kommer du nu tillf\u00e4lligt att f\u00e5 5000 euro i bidrag f\u00f6r att m\u00f6blera din terrass med v\u00e4rmekuddar fr\u00e5n Sit &amp; Heat!","breadcrumb":{"@id":"https:\/\/sitandheat.com\/maassluis\/#breadcrumb"},"inLanguage":"sv-SE","potentialAction":[{"@type":"ReadAction","target":["https:\/\/sitandheat.com\/maassluis\/"]}]},{"@type":"BreadcrumbList","@id":"https:\/\/sitandheat.com\/maassluis\/#breadcrumb","itemListElement":[{"@type":"ListItem","position":1,"name":"Home","item":"https:\/\/sitandheat.com\/"},{"@type":"ListItem","position":2,"name":"Maassluis"}]},{"@type":"WebSite","@id":"https:\/\/sitandheat.com\/#website","url":"https:\/\/sitandheat.com\/","name":"Sitt och v\u00e4rm","description":"Smarta v\u00e4rmedynor i din stil","publisher":{"@id":"https:\/\/sitandheat.com\/#organization"},"potentialAction":[{"@type":"SearchAction","target":{"@type":"EntryPoint","urlTemplate":"https:\/\/sitandheat.com\/?s={search_term_string}"},"query-input":{"@type":"PropertyValueSpecification","valueRequired":true,"valueName":"search_term_string"}}],"inLanguage":"sv-SE"},{"@type":"Organization","@id":"https:\/\/sitandheat.com\/#organization","name":"Sitt och v\u00e4rm","url":"https:\/\/sitandheat.com\/","logo":{"@type":"ImageObject","inLanguage":"sv-SE","@id":"https:\/\/sitandheat.com\/#\/schema\/logo\/image\/","url":"https:\/\/sitandheat.com\/wp-content\/uploads\/2023\/11\/SH_LogoWit-1.svg","contentUrl":"https:\/\/sitandheat.com\/wp-content\/uploads\/2023\/11\/SH_LogoWit-1.svg","width":"1024","height":"1024","caption":"Sit &amp; Heat"},"image":{"@id":"https:\/\/sitandheat.com\/#\/schema\/logo\/image\/"},"sameAs":["https:\/\/www.facebook.com\/SitandHeat"]}]}},"jetpack_sharing_enabled":true,"_links":{"self":[{"href":"https:\/\/sitandheat.com\/se\/wp-json\/wp\/v2\/pages\/14646","targetHints":{"allow":["GET"]}}],"collection":[{"href":"https:\/\/sitandheat.com\/se\/wp-json\/wp\/v2\/pages"}],"about":[{"href":"https:\/\/sitandheat.com\/se\/wp-json\/wp\/v2\/types\/page"}],"author":[{"embeddable":true,"href":"https:\/\/sitandheat.com\/se\/wp-json\/wp\/v2\/users\/4"}],"replies":[{"embeddable":true,"href":"https:\/\/sitandheat.com\/se\/wp-json\/wp\/v2\/comments?post=14646"}],"version-history":[{"count":2,"href":"https:\/\/sitandheat.com\/se\/wp-json\/wp\/v2\/pages\/14646\/revisions"}],"predecessor-version":[{"id":14656,"href":"https:\/\/sitandheat.com\/se\/wp-json\/wp\/v2\/pages\/14646\/revisions\/14656"}],"wp:attachment":[{"href":"https:\/\/sitandheat.com\/se\/wp-json\/wp\/v2\/media?parent=14646"}],"curies":[{"name":"wp","href":"https:\/\/api.w.org\/{rel}","templated":true}]}}