{"id":13747,"date":"2024-07-02T13:28:34","date_gmt":"2024-07-02T13:28:34","guid":{"rendered":"https:\/\/sitandheat.com\/?page_id=13747"},"modified":"2024-07-12T10:31:06","modified_gmt":"2024-07-12T10:31:06","slug":"kontor-13","status":"publish","type":"page","link":"https:\/\/sitandheat.com\/se\/horeca-partner-formulier\/","title":{"rendered":"Kundformul\u00e4r f\u00f6r Hospitality-partner"},"content":{"rendered":"","protected":false},"excerpt":{"rendered":"","protected":false},"author":10,"featured_media":13225,"parent":0,"menu_order":0,"comment_status":"closed","ping_status":"closed","template":"","meta":{"_acf_changed":false,"content-type":"","inline_featured_image":false,"footnotes":""},"class_list":["post-13747","page","type-page","status-publish","has-post-thumbnail","hentry"],"acf":[],"yoast_head":"<!-- This site is optimized with the Yoast SEO plugin v27.3 - https:\/\/yoast.com\/product\/yoast-seo-wordpress\/ -->\n<title>Sit &amp; Heat | Horeca Partner Klanten Formulier<\/title>\n<meta name=\"description\" content=\"Heb je een klant die jouw verwarmde kussens op hun terras wil? Deel hun gegevens via het Horeca Partner Formulier en wij regelen de rest!\" \/>\n<meta name=\"robots\" content=\"index, follow, max-snippet:-1, max-image-preview:large, max-video-preview:-1\" \/>\n<link rel=\"canonical\" href=\"https:\/\/sitandheat.com\/se\/kontor-13\/\" \/>\n<meta property=\"og:locale\" content=\"sv_SE\" \/>\n<meta property=\"og:type\" content=\"article\" \/>\n<meta property=\"og:title\" content=\"horeca-partner-formulier\" \/>\n<meta property=\"og:description\" content=\"Heb je een klant die jouw verwarmde kussens op hun terras wil? Deel hun gegevens via het Horeca Partner Formulier en wij regelen de rest!\" \/>\n<meta property=\"og:url\" content=\"https:\/\/sitandheat.com\/se\/kontor-13\/\" \/>\n<meta property=\"og:site_name\" content=\"Sit &amp; Heat\" \/>\n<meta property=\"article:publisher\" content=\"https:\/\/www.facebook.com\/SitandHeat\" \/>\n<meta property=\"article:modified_time\" content=\"2024-07-12T10:31:06+00:00\" \/>\n<meta property=\"og:image\" content=\"https:\/\/sitandheat.com\/wp-content\/uploads\/2024\/03\/Sit-Heat-hospitality-heating.webp\" \/>\n\t<meta property=\"og:image:width\" content=\"1400\" \/>\n\t<meta property=\"og:image:height\" content=\"933\" \/>\n\t<meta property=\"og:image:type\" content=\"image\/webp\" \/>\n<meta name=\"twitter:card\" content=\"summary_large_image\" \/>\n<meta name=\"twitter:label1\" content=\"Ber\u00e4knad l\u00e4stid\" \/>\n\t<meta name=\"twitter:data1\" content=\"1 minut\" \/>\n<script type=\"application\/ld+json\" class=\"yoast-schema-graph\">{\"@context\":\"https:\\\/\\\/schema.org\",\"@graph\":[{\"@type\":\"WebPage\",\"@id\":\"https:\\\/\\\/sitandheat.com\\\/horeca-partner-formulier\\\/\",\"url\":\"https:\\\/\\\/sitandheat.com\\\/horeca-partner-formulier\\\/\",\"name\":\"Sit & Heat | Horeca Partner Klanten Formulier\",\"isPartOf\":{\"@id\":\"https:\\\/\\\/sitandheat.com\\\/#website\"},\"primaryImageOfPage\":{\"@id\":\"https:\\\/\\\/sitandheat.com\\\/horeca-partner-formulier\\\/#primaryimage\"},\"image\":{\"@id\":\"https:\\\/\\\/sitandheat.com\\\/horeca-partner-formulier\\\/#primaryimage\"},\"thumbnailUrl\":\"https:\\\/\\\/sitandheat.com\\\/wp-content\\\/uploads\\\/2024\\\/03\\\/Sit-Heat-hospitality-heating.webp\",\"datePublished\":\"2024-07-02T13:28:34+00:00\",\"dateModified\":\"2024-07-12T10:31:06+00:00\",\"description\":\"Heb je een klant die jouw verwarmde kussens op hun terras wil? Deel hun gegevens via het Horeca Partner Formulier en wij regelen de rest!\",\"breadcrumb\":{\"@id\":\"https:\\\/\\\/sitandheat.com\\\/horeca-partner-formulier\\\/#breadcrumb\"},\"inLanguage\":\"sv-SE\",\"potentialAction\":[{\"@type\":\"ReadAction\",\"target\":[\"https:\\\/\\\/sitandheat.com\\\/horeca-partner-formulier\\\/\"]}]},{\"@type\":\"ImageObject\",\"inLanguage\":\"sv-SE\",\"@id\":\"https:\\\/\\\/sitandheat.com\\\/horeca-partner-formulier\\\/#primaryimage\",\"url\":\"https:\\\/\\\/sitandheat.com\\\/wp-content\\\/uploads\\\/2024\\\/03\\\/Sit-Heat-hospitality-heating.webp\",\"contentUrl\":\"https:\\\/\\\/sitandheat.com\\\/wp-content\\\/uploads\\\/2024\\\/03\\\/Sit-Heat-hospitality-heating.webp\",\"width\":1400,\"height\":933,\"caption\":\"Sit & Heat hospitality heated seating\"},{\"@type\":\"BreadcrumbList\",\"@id\":\"https:\\\/\\\/sitandheat.com\\\/horeca-partner-formulier\\\/#breadcrumb\",\"itemListElement\":[{\"@type\":\"ListItem\",\"position\":1,\"name\":\"Home\",\"item\":\"https:\\\/\\\/sitandheat.com\\\/\"},{\"@type\":\"ListItem\",\"position\":2,\"name\":\"Horeca partner klanten formulier\"}]},{\"@type\":\"WebSite\",\"@id\":\"https:\\\/\\\/sitandheat.com\\\/#website\",\"url\":\"https:\\\/\\\/sitandheat.com\\\/\",\"name\":\"Sit &amp; Heat\",\"description\":\"Slimme warmtekussens in jouw stijl\",\"publisher\":{\"@id\":\"https:\\\/\\\/sitandheat.com\\\/#organization\"},\"potentialAction\":[{\"@type\":\"SearchAction\",\"target\":{\"@type\":\"EntryPoint\",\"urlTemplate\":\"https:\\\/\\\/sitandheat.com\\\/?s={search_term_string}\"},\"query-input\":{\"@type\":\"PropertyValueSpecification\",\"valueRequired\":true,\"valueName\":\"search_term_string\"}}],\"inLanguage\":\"sv-SE\"},{\"@type\":\"Organization\",\"@id\":\"https:\\\/\\\/sitandheat.com\\\/#organization\",\"name\":\"Sit &amp; Heat\",\"url\":\"https:\\\/\\\/sitandheat.com\\\/\",\"logo\":{\"@type\":\"ImageObject\",\"inLanguage\":\"sv-SE\",\"@id\":\"https:\\\/\\\/sitandheat.com\\\/#\\\/schema\\\/logo\\\/image\\\/\",\"url\":\"https:\\\/\\\/sitandheat.com\\\/wp-content\\\/uploads\\\/2023\\\/11\\\/SH_LogoWit-1.svg\",\"contentUrl\":\"https:\\\/\\\/sitandheat.com\\\/wp-content\\\/uploads\\\/2023\\\/11\\\/SH_LogoWit-1.svg\",\"width\":\"1024\",\"height\":\"1024\",\"caption\":\"Sit &amp; Heat\"},\"image\":{\"@id\":\"https:\\\/\\\/sitandheat.com\\\/#\\\/schema\\\/logo\\\/image\\\/\"},\"sameAs\":[\"https:\\\/\\\/www.facebook.com\\\/SitandHeat\"]}]}<\/script>\n<!-- \/ Yoast SEO plugin. -->","yoast_head_json":{"title":"Sit &amp; Heat | Hospitality Partner Kundformul\u00e4r","description":"Har du en kund som vill ha v\u00e5ra uppv\u00e4rmda dynor p\u00e5 sin terrass? Dela med dig av deras uppgifter via Hospitality Partner-formul\u00e4ret s\u00e5 tar vi hand om resten!","robots":{"index":"index","follow":"follow","max-snippet":"max-snippet:-1","max-image-preview":"max-image-preview:large","max-video-preview":"max-video-preview:-1"},"canonical":"https:\/\/sitandheat.com\/se\/kontor-13\/","og_locale":"sv_SE","og_type":"article","og_title":"horeca-partner-formulier","og_description":"Heb je een klant die jouw verwarmde kussens op hun terras wil? Deel hun gegevens via het Horeca Partner Formulier en wij regelen de rest!","og_url":"https:\/\/sitandheat.com\/se\/kontor-13\/","og_site_name":"Sit &amp; Heat","article_publisher":"https:\/\/www.facebook.com\/SitandHeat","article_modified_time":"2024-07-12T10:31:06+00:00","og_image":[{"width":1400,"height":933,"url":"https:\/\/sitandheat.com\/wp-content\/uploads\/2024\/03\/Sit-Heat-hospitality-heating.webp","type":"image\/webp"}],"twitter_card":"summary_large_image","twitter_misc":{"Ber\u00e4knad l\u00e4stid":"1 minut"},"schema":{"@context":"https:\/\/schema.org","@graph":[{"@type":"WebPage","@id":"https:\/\/sitandheat.com\/horeca-partner-formulier\/","url":"https:\/\/sitandheat.com\/horeca-partner-formulier\/","name":"Sit &amp; Heat | Hospitality Partner Kundformul\u00e4r","isPartOf":{"@id":"https:\/\/sitandheat.com\/#website"},"primaryImageOfPage":{"@id":"https:\/\/sitandheat.com\/horeca-partner-formulier\/#primaryimage"},"image":{"@id":"https:\/\/sitandheat.com\/horeca-partner-formulier\/#primaryimage"},"thumbnailUrl":"https:\/\/sitandheat.com\/wp-content\/uploads\/2024\/03\/Sit-Heat-hospitality-heating.webp","datePublished":"2024-07-02T13:28:34+00:00","dateModified":"2024-07-12T10:31:06+00:00","description":"Har du en kund som vill ha v\u00e5ra uppv\u00e4rmda dynor p\u00e5 sin terrass? Dela med dig av deras uppgifter via Hospitality Partner-formul\u00e4ret s\u00e5 tar vi hand om resten!","breadcrumb":{"@id":"https:\/\/sitandheat.com\/horeca-partner-formulier\/#breadcrumb"},"inLanguage":"sv-SE","potentialAction":[{"@type":"ReadAction","target":["https:\/\/sitandheat.com\/horeca-partner-formulier\/"]}]},{"@type":"ImageObject","inLanguage":"sv-SE","@id":"https:\/\/sitandheat.com\/horeca-partner-formulier\/#primaryimage","url":"https:\/\/sitandheat.com\/wp-content\/uploads\/2024\/03\/Sit-Heat-hospitality-heating.webp","contentUrl":"https:\/\/sitandheat.com\/wp-content\/uploads\/2024\/03\/Sit-Heat-hospitality-heating.webp","width":1400,"height":933,"caption":"Sit & Heat hospitality heated seating"},{"@type":"BreadcrumbList","@id":"https:\/\/sitandheat.com\/horeca-partner-formulier\/#breadcrumb","itemListElement":[{"@type":"ListItem","position":1,"name":"Home","item":"https:\/\/sitandheat.com\/"},{"@type":"ListItem","position":2,"name":"Horeca partner klanten formulier"}]},{"@type":"WebSite","@id":"https:\/\/sitandheat.com\/#website","url":"https:\/\/sitandheat.com\/","name":"Sitt och v\u00e4rm","description":"Smarta v\u00e4rmedynor i din stil","publisher":{"@id":"https:\/\/sitandheat.com\/#organization"},"potentialAction":[{"@type":"SearchAction","target":{"@type":"EntryPoint","urlTemplate":"https:\/\/sitandheat.com\/?s={search_term_string}"},"query-input":{"@type":"PropertyValueSpecification","valueRequired":true,"valueName":"search_term_string"}}],"inLanguage":"sv-SE"},{"@type":"Organization","@id":"https:\/\/sitandheat.com\/#organization","name":"Sitt och v\u00e4rm","url":"https:\/\/sitandheat.com\/","logo":{"@type":"ImageObject","inLanguage":"sv-SE","@id":"https:\/\/sitandheat.com\/#\/schema\/logo\/image\/","url":"https:\/\/sitandheat.com\/wp-content\/uploads\/2023\/11\/SH_LogoWit-1.svg","contentUrl":"https:\/\/sitandheat.com\/wp-content\/uploads\/2023\/11\/SH_LogoWit-1.svg","width":"1024","height":"1024","caption":"Sit &amp; Heat"},"image":{"@id":"https:\/\/sitandheat.com\/#\/schema\/logo\/image\/"},"sameAs":["https:\/\/www.facebook.com\/SitandHeat"]}]}},"jetpack_sharing_enabled":true,"_links":{"self":[{"href":"https:\/\/sitandheat.com\/se\/wp-json\/wp\/v2\/pages\/13747","targetHints":{"allow":["GET"]}}],"collection":[{"href":"https:\/\/sitandheat.com\/se\/wp-json\/wp\/v2\/pages"}],"about":[{"href":"https:\/\/sitandheat.com\/se\/wp-json\/wp\/v2\/types\/page"}],"author":[{"embeddable":true,"href":"https:\/\/sitandheat.com\/se\/wp-json\/wp\/v2\/users\/10"}],"replies":[{"embeddable":true,"href":"https:\/\/sitandheat.com\/se\/wp-json\/wp\/v2\/comments?post=13747"}],"version-history":[{"count":3,"href":"https:\/\/sitandheat.com\/se\/wp-json\/wp\/v2\/pages\/13747\/revisions"}],"predecessor-version":[{"id":13873,"href":"https:\/\/sitandheat.com\/se\/wp-json\/wp\/v2\/pages\/13747\/revisions\/13873"}],"wp:featuredmedia":[{"embeddable":true,"href":"https:\/\/sitandheat.com\/se\/wp-json\/wp\/v2\/media\/13225"}],"wp:attachment":[{"href":"https:\/\/sitandheat.com\/se\/wp-json\/wp\/v2\/media?parent=13747"}],"curies":[{"name":"wp","href":"https:\/\/api.w.org\/{rel}","templated":true}]}}