{"id":13514,"date":"2024-05-23T06:09:47","date_gmt":"2024-05-23T06:09:47","guid":{"rendered":"https:\/\/sitandheat.com\/?page_id=13514"},"modified":"2024-07-26T05:11:02","modified_gmt":"2024-07-26T05:11:02","slug":"kontor-12","status":"publish","type":"page","link":"https:\/\/sitandheat.com\/se\/lookbook\/","title":{"rendered":"Lookbook"},"content":{"rendered":"","protected":false},"excerpt":{"rendered":"","protected":false},"author":9,"featured_media":13903,"parent":0,"menu_order":0,"comment_status":"closed","ping_status":"closed","template":"","meta":{"_acf_changed":false,"content-type":"","inline_featured_image":false,"footnotes":""},"class_list":["post-13514","page","type-page","status-publish","has-post-thumbnail","hentry"],"acf":[],"yoast_head":"<!-- This site is optimized with the Yoast SEO plugin v27.3 - https:\/\/yoast.com\/product\/yoast-seo-wordpress\/ -->\n<title>Sit &amp; Heat | Download de Lookbook 2024<\/title>\n<meta name=\"description\" content=\"Ons nieuwste Lookbook toont producten die perfect passen bij horeca, sport, werkplekken, kerken en meer. Laat je inspireren door voorbeelden en reviews, en ontdek hoe we stijl, betaalbaarheid en duurzaamheid combineren.\" \/>\n<meta name=\"robots\" content=\"index, follow, max-snippet:-1, max-image-preview:large, max-video-preview:-1\" \/>\n<link rel=\"canonical\" href=\"https:\/\/sitandheat.com\/se\/kontor-12\/\" \/>\n<meta property=\"og:locale\" content=\"sv_SE\" \/>\n<meta property=\"og:type\" content=\"article\" \/>\n<meta property=\"og:title\" content=\"Sit &amp; Heat | Download de Lookbook 2024\" \/>\n<meta property=\"og:description\" content=\"Ons nieuwste Lookbook toont producten die perfect passen bij horeca, sport, werkplekken, kerken en meer. Laat je inspireren door voorbeelden en reviews, en ontdek hoe we stijl, betaalbaarheid en duurzaamheid combineren.\" \/>\n<meta property=\"og:url\" content=\"https:\/\/sitandheat.com\/se\/kontor-12\/\" \/>\n<meta property=\"og:site_name\" content=\"Sit &amp; Heat\" \/>\n<meta property=\"article:publisher\" content=\"https:\/\/www.facebook.com\/SitandHeat\" \/>\n<meta property=\"article:modified_time\" content=\"2024-07-26T05:11:02+00:00\" \/>\n<meta property=\"og:image\" content=\"https:\/\/sitandheat.com\/wp-content\/uploads\/2024\/07\/lookbook-thumbnail.jpg\" \/>\n\t<meta property=\"og:image:width\" content=\"1200\" \/>\n\t<meta property=\"og:image:height\" content=\"624\" \/>\n\t<meta property=\"og:image:type\" content=\"image\/jpeg\" \/>\n<meta name=\"twitter:card\" content=\"summary_large_image\" \/>\n<meta name=\"twitter:label1\" content=\"Ber\u00e4knad l\u00e4stid\" \/>\n\t<meta name=\"twitter:data1\" content=\"1 minut\" \/>\n<script type=\"application\/ld+json\" class=\"yoast-schema-graph\">{\"@context\":\"https:\\\/\\\/schema.org\",\"@graph\":[{\"@type\":\"WebPage\",\"@id\":\"https:\\\/\\\/sitandheat.com\\\/lookbook\\\/\",\"url\":\"https:\\\/\\\/sitandheat.com\\\/lookbook\\\/\",\"name\":\"Sit & Heat | Download de Lookbook 2024\",\"isPartOf\":{\"@id\":\"https:\\\/\\\/sitandheat.com\\\/#website\"},\"primaryImageOfPage\":{\"@id\":\"https:\\\/\\\/sitandheat.com\\\/lookbook\\\/#primaryimage\"},\"image\":{\"@id\":\"https:\\\/\\\/sitandheat.com\\\/lookbook\\\/#primaryimage\"},\"thumbnailUrl\":\"https:\\\/\\\/sitandheat.com\\\/wp-content\\\/uploads\\\/2024\\\/07\\\/lookbook-thumbnail.jpg\",\"datePublished\":\"2024-05-23T06:09:47+00:00\",\"dateModified\":\"2024-07-26T05:11:02+00:00\",\"description\":\"Ons nieuwste Lookbook toont producten die perfect passen bij horeca, sport, werkplekken, kerken en meer. Laat je inspireren door voorbeelden en reviews, en ontdek hoe we stijl, betaalbaarheid en duurzaamheid combineren.\",\"breadcrumb\":{\"@id\":\"https:\\\/\\\/sitandheat.com\\\/lookbook\\\/#breadcrumb\"},\"inLanguage\":\"sv-SE\",\"potentialAction\":[{\"@type\":\"ReadAction\",\"target\":[\"https:\\\/\\\/sitandheat.com\\\/lookbook\\\/\"]}]},{\"@type\":\"ImageObject\",\"inLanguage\":\"sv-SE\",\"@id\":\"https:\\\/\\\/sitandheat.com\\\/lookbook\\\/#primaryimage\",\"url\":\"https:\\\/\\\/sitandheat.com\\\/wp-content\\\/uploads\\\/2024\\\/07\\\/lookbook-thumbnail.jpg\",\"contentUrl\":\"https:\\\/\\\/sitandheat.com\\\/wp-content\\\/uploads\\\/2024\\\/07\\\/lookbook-thumbnail.jpg\",\"width\":1200,\"height\":624},{\"@type\":\"BreadcrumbList\",\"@id\":\"https:\\\/\\\/sitandheat.com\\\/lookbook\\\/#breadcrumb\",\"itemListElement\":[{\"@type\":\"ListItem\",\"position\":1,\"name\":\"Home\",\"item\":\"https:\\\/\\\/sitandheat.com\\\/\"},{\"@type\":\"ListItem\",\"position\":2,\"name\":\"Lookbook\"}]},{\"@type\":\"WebSite\",\"@id\":\"https:\\\/\\\/sitandheat.com\\\/#website\",\"url\":\"https:\\\/\\\/sitandheat.com\\\/\",\"name\":\"Sit &amp; Heat\",\"description\":\"Slimme warmtekussens in jouw stijl\",\"publisher\":{\"@id\":\"https:\\\/\\\/sitandheat.com\\\/#organization\"},\"potentialAction\":[{\"@type\":\"SearchAction\",\"target\":{\"@type\":\"EntryPoint\",\"urlTemplate\":\"https:\\\/\\\/sitandheat.com\\\/?s={search_term_string}\"},\"query-input\":{\"@type\":\"PropertyValueSpecification\",\"valueRequired\":true,\"valueName\":\"search_term_string\"}}],\"inLanguage\":\"sv-SE\"},{\"@type\":\"Organization\",\"@id\":\"https:\\\/\\\/sitandheat.com\\\/#organization\",\"name\":\"Sit &amp; Heat\",\"url\":\"https:\\\/\\\/sitandheat.com\\\/\",\"logo\":{\"@type\":\"ImageObject\",\"inLanguage\":\"sv-SE\",\"@id\":\"https:\\\/\\\/sitandheat.com\\\/#\\\/schema\\\/logo\\\/image\\\/\",\"url\":\"https:\\\/\\\/sitandheat.com\\\/wp-content\\\/uploads\\\/2023\\\/11\\\/SH_LogoWit-1.svg\",\"contentUrl\":\"https:\\\/\\\/sitandheat.com\\\/wp-content\\\/uploads\\\/2023\\\/11\\\/SH_LogoWit-1.svg\",\"width\":\"1024\",\"height\":\"1024\",\"caption\":\"Sit &amp; Heat\"},\"image\":{\"@id\":\"https:\\\/\\\/sitandheat.com\\\/#\\\/schema\\\/logo\\\/image\\\/\"},\"sameAs\":[\"https:\\\/\\\/www.facebook.com\\\/SitandHeat\"]}]}<\/script>\n<!-- \/ Yoast SEO plugin. -->","yoast_head_json":{"title":"Sit &amp; Heat | Ladda ner Lookbook 2024","description":"V\u00e5r senaste Lookbook visar upp produkter som \u00e4r perfekta f\u00f6r hotell, sport, arbetsplatser, kyrkor och mycket mer. L\u00e5t dig inspireras av exempel och recensioner och uppt\u00e4ck hur vi kombinerar stil, prisv\u00e4rdhet och h\u00e5llbarhet.","robots":{"index":"index","follow":"follow","max-snippet":"max-snippet:-1","max-image-preview":"max-image-preview:large","max-video-preview":"max-video-preview:-1"},"canonical":"https:\/\/sitandheat.com\/se\/kontor-12\/","og_locale":"sv_SE","og_type":"article","og_title":"Sit & Heat | Download de Lookbook 2024","og_description":"Ons nieuwste Lookbook toont producten die perfect passen bij horeca, sport, werkplekken, kerken en meer. Laat je inspireren door voorbeelden en reviews, en ontdek hoe we stijl, betaalbaarheid en duurzaamheid combineren.","og_url":"https:\/\/sitandheat.com\/se\/kontor-12\/","og_site_name":"Sit &amp; Heat","article_publisher":"https:\/\/www.facebook.com\/SitandHeat","article_modified_time":"2024-07-26T05:11:02+00:00","og_image":[{"width":1200,"height":624,"url":"https:\/\/sitandheat.com\/wp-content\/uploads\/2024\/07\/lookbook-thumbnail.jpg","type":"image\/jpeg"}],"twitter_card":"summary_large_image","twitter_misc":{"Ber\u00e4knad l\u00e4stid":"1 minut"},"schema":{"@context":"https:\/\/schema.org","@graph":[{"@type":"WebPage","@id":"https:\/\/sitandheat.com\/lookbook\/","url":"https:\/\/sitandheat.com\/lookbook\/","name":"Sit &amp; Heat | Ladda ner Lookbook 2024","isPartOf":{"@id":"https:\/\/sitandheat.com\/#website"},"primaryImageOfPage":{"@id":"https:\/\/sitandheat.com\/lookbook\/#primaryimage"},"image":{"@id":"https:\/\/sitandheat.com\/lookbook\/#primaryimage"},"thumbnailUrl":"https:\/\/sitandheat.com\/wp-content\/uploads\/2024\/07\/lookbook-thumbnail.jpg","datePublished":"2024-05-23T06:09:47+00:00","dateModified":"2024-07-26T05:11:02+00:00","description":"V\u00e5r senaste Lookbook visar upp produkter som \u00e4r perfekta f\u00f6r hotell, sport, arbetsplatser, kyrkor och mycket mer. L\u00e5t dig inspireras av exempel och recensioner och uppt\u00e4ck hur vi kombinerar stil, prisv\u00e4rdhet och h\u00e5llbarhet.","breadcrumb":{"@id":"https:\/\/sitandheat.com\/lookbook\/#breadcrumb"},"inLanguage":"sv-SE","potentialAction":[{"@type":"ReadAction","target":["https:\/\/sitandheat.com\/lookbook\/"]}]},{"@type":"ImageObject","inLanguage":"sv-SE","@id":"https:\/\/sitandheat.com\/lookbook\/#primaryimage","url":"https:\/\/sitandheat.com\/wp-content\/uploads\/2024\/07\/lookbook-thumbnail.jpg","contentUrl":"https:\/\/sitandheat.com\/wp-content\/uploads\/2024\/07\/lookbook-thumbnail.jpg","width":1200,"height":624},{"@type":"BreadcrumbList","@id":"https:\/\/sitandheat.com\/lookbook\/#breadcrumb","itemListElement":[{"@type":"ListItem","position":1,"name":"Home","item":"https:\/\/sitandheat.com\/"},{"@type":"ListItem","position":2,"name":"Lookbook"}]},{"@type":"WebSite","@id":"https:\/\/sitandheat.com\/#website","url":"https:\/\/sitandheat.com\/","name":"Sitt och v\u00e4rm","description":"Smarta v\u00e4rmedynor i din stil","publisher":{"@id":"https:\/\/sitandheat.com\/#organization"},"potentialAction":[{"@type":"SearchAction","target":{"@type":"EntryPoint","urlTemplate":"https:\/\/sitandheat.com\/?s={search_term_string}"},"query-input":{"@type":"PropertyValueSpecification","valueRequired":true,"valueName":"search_term_string"}}],"inLanguage":"sv-SE"},{"@type":"Organization","@id":"https:\/\/sitandheat.com\/#organization","name":"Sitt och v\u00e4rm","url":"https:\/\/sitandheat.com\/","logo":{"@type":"ImageObject","inLanguage":"sv-SE","@id":"https:\/\/sitandheat.com\/#\/schema\/logo\/image\/","url":"https:\/\/sitandheat.com\/wp-content\/uploads\/2023\/11\/SH_LogoWit-1.svg","contentUrl":"https:\/\/sitandheat.com\/wp-content\/uploads\/2023\/11\/SH_LogoWit-1.svg","width":"1024","height":"1024","caption":"Sit &amp; Heat"},"image":{"@id":"https:\/\/sitandheat.com\/#\/schema\/logo\/image\/"},"sameAs":["https:\/\/www.facebook.com\/SitandHeat"]}]}},"jetpack_sharing_enabled":true,"_links":{"self":[{"href":"https:\/\/sitandheat.com\/se\/wp-json\/wp\/v2\/pages\/13514","targetHints":{"allow":["GET"]}}],"collection":[{"href":"https:\/\/sitandheat.com\/se\/wp-json\/wp\/v2\/pages"}],"about":[{"href":"https:\/\/sitandheat.com\/se\/wp-json\/wp\/v2\/types\/page"}],"author":[{"embeddable":true,"href":"https:\/\/sitandheat.com\/se\/wp-json\/wp\/v2\/users\/9"}],"replies":[{"embeddable":true,"href":"https:\/\/sitandheat.com\/se\/wp-json\/wp\/v2\/comments?post=13514"}],"version-history":[{"count":2,"href":"https:\/\/sitandheat.com\/se\/wp-json\/wp\/v2\/pages\/13514\/revisions"}],"predecessor-version":[{"id":14165,"href":"https:\/\/sitandheat.com\/se\/wp-json\/wp\/v2\/pages\/13514\/revisions\/14165"}],"wp:featuredmedia":[{"embeddable":true,"href":"https:\/\/sitandheat.com\/se\/wp-json\/wp\/v2\/media\/13903"}],"wp:attachment":[{"href":"https:\/\/sitandheat.com\/se\/wp-json\/wp\/v2\/media?parent=13514"}],"curies":[{"name":"wp","href":"https:\/\/api.w.org\/{rel}","templated":true}]}}