{"id":9800,"date":"2023-11-14T14:09:39","date_gmt":"2023-11-14T14:09:39","guid":{"rendered":"https:\/\/sitandheat.com\/?post_type=product&#038;p=9800"},"modified":"2025-07-22T13:37:49","modified_gmt":"2025-07-22T13:37:49","slug":"coussin-chauffant-bakfiets","status":"publish","type":"product","link":"https:\/\/sitandheat.com\/fr\/product\/bakfiets-warmtekussen\/","title":{"rendered":"Bakfiets"},"content":{"rendered":"<p><span style=\"font-weight: 400;\">Vous voulez prot\u00e9ger vos enfants du froid lors de vos promenades quotidiennes en v\u00e9lo cargo ? Gr\u00e2ce \u00e0 notre coussin chauffant pour v\u00e9lo cargo, vos enfants pourront s'habiller chaudement lors de toutes les aventures familiales ! Con\u00e7u comme une protection conviviale et fiable contre le froid, le coussin Sit &amp; Heat s'adapte parfaitement au dossier de votre v\u00e9lo cargo, gardant vos enfants bien au chaud quelles que soient les conditions m\u00e9t\u00e9orologiques. Dites adieu aux balades frileuses et bonjour \u00e0 Sit &amp; Heat.<\/span><\/p>","protected":false},"excerpt":{"rendered":"<p><span style=\"font-weight: 400;\">Garantissez des promenades douillettes \u00e0 vos petits avec notre coussin chauffant bakfiets. Facile \u00e0 utiliser, il offre une chaleur fiable pour vos aventures en famille.<\/span><\/p>","protected":false},"featured_media":10289,"comment_status":"open","ping_status":"closed","template":"","meta":{"_acf_changed":false,"content-type":"","inline_featured_image":false},"product_brand":[],"product_cat":[30],"product_tag":[46],"class_list":{"0":"post-9800","1":"product","2":"type-product","3":"status-publish","4":"has-post-thumbnail","6":"product_cat-outdoor","7":"product_tag-vandaag-besteld-morgen-in-huis","9":"first","10":"instock","11":"taxable","12":"shipping-taxable","13":"purchasable","14":"product-type-simple"},"acf":[],"yoast_head":"<!-- This site is optimized with the Yoast SEO plugin v27.3 - https:\/\/yoast.com\/product\/yoast-seo-wordpress\/ -->\n<title>Sit &amp; Heat | Verwarmd Bakfietskussen<\/title>\n<meta name=\"description\" content=\"Zorg voor behaaglijke ritjes voor je kleintjes met ons verwarmd bakfietskussen. Gemakkelijk te gebruiken en betrouwbare warmte voor je gezinsavonturen.\" \/>\n<meta name=\"robots\" content=\"index, follow, max-snippet:-1, max-image-preview:large, max-video-preview:-1\" \/>\n<link rel=\"canonical\" href=\"https:\/\/sitandheat.com\/fr\/produit\/coussin-chauffant-bakfiets\/\" \/>\n<meta property=\"og:locale\" content=\"fr_FR\" \/>\n<meta property=\"og:type\" content=\"article\" \/>\n<meta property=\"og:title\" content=\"Sit &amp; Heat | Verwarmd Bakfietskussen\" \/>\n<meta property=\"og:description\" content=\"Zorg voor behaaglijke ritjes voor je kleintjes met ons verwarmd bakfietskussen. Gemakkelijk te gebruiken en betrouwbare warmte voor je gezinsavonturen.\" \/>\n<meta property=\"og:url\" content=\"https:\/\/sitandheat.com\/fr\/produit\/coussin-chauffant-bakfiets\/\" \/>\n<meta property=\"og:site_name\" content=\"Sit &amp; Heat\" \/>\n<meta property=\"article:publisher\" content=\"https:\/\/www.facebook.com\/SitandHeat\" \/>\n<meta property=\"article:modified_time\" content=\"2025-07-22T13:37:49+00:00\" \/>\n<meta property=\"og:image\" content=\"https:\/\/sitandheat.com\/wp-content\/uploads\/2023\/11\/Warmtekussen_Bakfiets_Main_Featured_Sit-Heat.webp\" \/>\n\t<meta property=\"og:image:width\" content=\"1200\" \/>\n\t<meta property=\"og:image:height\" content=\"1200\" \/>\n\t<meta property=\"og:image:type\" content=\"image\/webp\" \/>\n<meta name=\"twitter:card\" content=\"summary_large_image\" \/>\n<meta name=\"twitter:label1\" content=\"Dur\u00e9e de lecture estim\u00e9e\" \/>\n\t<meta name=\"twitter:data1\" content=\"1 minute\" \/>\n<script type=\"application\/ld+json\" class=\"yoast-schema-graph\">{\"@context\":\"https:\\\/\\\/schema.org\",\"@graph\":[{\"@type\":\"WebPage\",\"@id\":\"https:\\\/\\\/sitandheat.com\\\/product\\\/bakfiets-warmtekussen\\\/\",\"url\":\"https:\\\/\\\/sitandheat.com\\\/product\\\/bakfiets-warmtekussen\\\/\",\"name\":\"Sit & Heat | Verwarmd Bakfietskussen\",\"isPartOf\":{\"@id\":\"https:\\\/\\\/sitandheat.com\\\/#website\"},\"primaryImageOfPage\":{\"@id\":\"https:\\\/\\\/sitandheat.com\\\/product\\\/bakfiets-warmtekussen\\\/#primaryimage\"},\"image\":{\"@id\":\"https:\\\/\\\/sitandheat.com\\\/product\\\/bakfiets-warmtekussen\\\/#primaryimage\"},\"thumbnailUrl\":\"https:\\\/\\\/sitandheat.com\\\/wp-content\\\/uploads\\\/2023\\\/11\\\/Warmtekussen_Bakfiets_Main_Featured_Sit-Heat.webp\",\"datePublished\":\"2023-11-14T14:09:39+00:00\",\"dateModified\":\"2025-07-22T13:37:49+00:00\",\"description\":\"Zorg voor behaaglijke ritjes voor je kleintjes met ons verwarmd bakfietskussen. Gemakkelijk te gebruiken en betrouwbare warmte voor je gezinsavonturen.\",\"breadcrumb\":{\"@id\":\"https:\\\/\\\/sitandheat.com\\\/product\\\/bakfiets-warmtekussen\\\/#breadcrumb\"},\"inLanguage\":\"fr-FR\",\"potentialAction\":[{\"@type\":\"ReadAction\",\"target\":[\"https:\\\/\\\/sitandheat.com\\\/product\\\/bakfiets-warmtekussen\\\/\"]}]},{\"@type\":\"ImageObject\",\"inLanguage\":\"fr-FR\",\"@id\":\"https:\\\/\\\/sitandheat.com\\\/product\\\/bakfiets-warmtekussen\\\/#primaryimage\",\"url\":\"https:\\\/\\\/sitandheat.com\\\/wp-content\\\/uploads\\\/2023\\\/11\\\/Warmtekussen_Bakfiets_Main_Featured_Sit-Heat.webp\",\"contentUrl\":\"https:\\\/\\\/sitandheat.com\\\/wp-content\\\/uploads\\\/2023\\\/11\\\/Warmtekussen_Bakfiets_Main_Featured_Sit-Heat.webp\",\"width\":1200,\"height\":1200},{\"@type\":\"BreadcrumbList\",\"@id\":\"https:\\\/\\\/sitandheat.com\\\/product\\\/bakfiets-warmtekussen\\\/#breadcrumb\",\"itemListElement\":[{\"@type\":\"ListItem\",\"position\":1,\"name\":\"Home\",\"item\":\"https:\\\/\\\/sitandheat.com\\\/\"},{\"@type\":\"ListItem\",\"position\":2,\"name\":\"Shop\",\"item\":\"https:\\\/\\\/sitandheat.com\\\/shop\\\/\"},{\"@type\":\"ListItem\",\"position\":3,\"name\":\"Bakfiets\"}]},{\"@type\":\"WebSite\",\"@id\":\"https:\\\/\\\/sitandheat.com\\\/#website\",\"url\":\"https:\\\/\\\/sitandheat.com\\\/\",\"name\":\"Sit &amp; Heat\",\"description\":\"Slimme warmtekussens in jouw stijl\",\"publisher\":{\"@id\":\"https:\\\/\\\/sitandheat.com\\\/#organization\"},\"potentialAction\":[{\"@type\":\"SearchAction\",\"target\":{\"@type\":\"EntryPoint\",\"urlTemplate\":\"https:\\\/\\\/sitandheat.com\\\/?s={search_term_string}\"},\"query-input\":{\"@type\":\"PropertyValueSpecification\",\"valueRequired\":true,\"valueName\":\"search_term_string\"}}],\"inLanguage\":\"fr-FR\"},{\"@type\":\"Organization\",\"@id\":\"https:\\\/\\\/sitandheat.com\\\/#organization\",\"name\":\"Sit &amp; Heat\",\"url\":\"https:\\\/\\\/sitandheat.com\\\/\",\"logo\":{\"@type\":\"ImageObject\",\"inLanguage\":\"fr-FR\",\"@id\":\"https:\\\/\\\/sitandheat.com\\\/#\\\/schema\\\/logo\\\/image\\\/\",\"url\":\"https:\\\/\\\/sitandheat.com\\\/wp-content\\\/uploads\\\/2023\\\/11\\\/SH_LogoWit-1.svg\",\"contentUrl\":\"https:\\\/\\\/sitandheat.com\\\/wp-content\\\/uploads\\\/2023\\\/11\\\/SH_LogoWit-1.svg\",\"width\":\"1024\",\"height\":\"1024\",\"caption\":\"Sit &amp; Heat\"},\"image\":{\"@id\":\"https:\\\/\\\/sitandheat.com\\\/#\\\/schema\\\/logo\\\/image\\\/\"},\"sameAs\":[\"https:\\\/\\\/www.facebook.com\\\/SitandHeat\"]}]}<\/script>\n<!-- \/ Yoast SEO plugin. -->","yoast_head_json":{"title":"Sit &amp; Heat | Coussin chauffant Bakfiets","description":"Garantissez des promenades douillettes \u00e0 vos petits avec notre coussin chauffant bakfiets. Facile \u00e0 utiliser, il offre une chaleur fiable pour vos aventures en famille.","robots":{"index":"index","follow":"follow","max-snippet":"max-snippet:-1","max-image-preview":"max-image-preview:large","max-video-preview":"max-video-preview:-1"},"canonical":"https:\/\/sitandheat.com\/fr\/produit\/coussin-chauffant-bakfiets\/","og_locale":"fr_FR","og_type":"article","og_title":"Sit & Heat | Verwarmd Bakfietskussen","og_description":"Zorg voor behaaglijke ritjes voor je kleintjes met ons verwarmd bakfietskussen. Gemakkelijk te gebruiken en betrouwbare warmte voor je gezinsavonturen.","og_url":"https:\/\/sitandheat.com\/fr\/produit\/coussin-chauffant-bakfiets\/","og_site_name":"Sit &amp; Heat","article_publisher":"https:\/\/www.facebook.com\/SitandHeat","article_modified_time":"2025-07-22T13:37:49+00:00","og_image":[{"width":1200,"height":1200,"url":"https:\/\/sitandheat.com\/wp-content\/uploads\/2023\/11\/Warmtekussen_Bakfiets_Main_Featured_Sit-Heat.webp","type":"image\/webp"}],"twitter_card":"summary_large_image","twitter_misc":{"Dur\u00e9e de lecture estim\u00e9e":"1 minute"},"schema":{"@context":"https:\/\/schema.org","@graph":[{"@type":"WebPage","@id":"https:\/\/sitandheat.com\/product\/bakfiets-warmtekussen\/","url":"https:\/\/sitandheat.com\/product\/bakfiets-warmtekussen\/","name":"Sit &amp; Heat | Coussin chauffant Bakfiets","isPartOf":{"@id":"https:\/\/sitandheat.com\/#website"},"primaryImageOfPage":{"@id":"https:\/\/sitandheat.com\/product\/bakfiets-warmtekussen\/#primaryimage"},"image":{"@id":"https:\/\/sitandheat.com\/product\/bakfiets-warmtekussen\/#primaryimage"},"thumbnailUrl":"https:\/\/sitandheat.com\/wp-content\/uploads\/2023\/11\/Warmtekussen_Bakfiets_Main_Featured_Sit-Heat.webp","datePublished":"2023-11-14T14:09:39+00:00","dateModified":"2025-07-22T13:37:49+00:00","description":"Garantissez des promenades douillettes \u00e0 vos petits avec notre coussin chauffant bakfiets. Facile \u00e0 utiliser, il offre une chaleur fiable pour vos aventures en famille.","breadcrumb":{"@id":"https:\/\/sitandheat.com\/product\/bakfiets-warmtekussen\/#breadcrumb"},"inLanguage":"fr-FR","potentialAction":[{"@type":"ReadAction","target":["https:\/\/sitandheat.com\/product\/bakfiets-warmtekussen\/"]}]},{"@type":"ImageObject","inLanguage":"fr-FR","@id":"https:\/\/sitandheat.com\/product\/bakfiets-warmtekussen\/#primaryimage","url":"https:\/\/sitandheat.com\/wp-content\/uploads\/2023\/11\/Warmtekussen_Bakfiets_Main_Featured_Sit-Heat.webp","contentUrl":"https:\/\/sitandheat.com\/wp-content\/uploads\/2023\/11\/Warmtekussen_Bakfiets_Main_Featured_Sit-Heat.webp","width":1200,"height":1200},{"@type":"BreadcrumbList","@id":"https:\/\/sitandheat.com\/product\/bakfiets-warmtekussen\/#breadcrumb","itemListElement":[{"@type":"ListItem","position":1,"name":"Home","item":"https:\/\/sitandheat.com\/"},{"@type":"ListItem","position":2,"name":"Shop","item":"https:\/\/sitandheat.com\/shop\/"},{"@type":"ListItem","position":3,"name":"Bakfiets"}]},{"@type":"WebSite","@id":"https:\/\/sitandheat.com\/#website","url":"https:\/\/sitandheat.com\/","name":"S'asseoir et chauffer","description":"Des coussins chauffants intelligents dans votre style","publisher":{"@id":"https:\/\/sitandheat.com\/#organization"},"potentialAction":[{"@type":"SearchAction","target":{"@type":"EntryPoint","urlTemplate":"https:\/\/sitandheat.com\/?s={search_term_string}"},"query-input":{"@type":"PropertyValueSpecification","valueRequired":true,"valueName":"search_term_string"}}],"inLanguage":"fr-FR"},{"@type":"Organization","@id":"https:\/\/sitandheat.com\/#organization","name":"S'asseoir et chauffer","url":"https:\/\/sitandheat.com\/","logo":{"@type":"ImageObject","inLanguage":"fr-FR","@id":"https:\/\/sitandheat.com\/#\/schema\/logo\/image\/","url":"https:\/\/sitandheat.com\/wp-content\/uploads\/2023\/11\/SH_LogoWit-1.svg","contentUrl":"https:\/\/sitandheat.com\/wp-content\/uploads\/2023\/11\/SH_LogoWit-1.svg","width":"1024","height":"1024","caption":"Sit &amp; Heat"},"image":{"@id":"https:\/\/sitandheat.com\/#\/schema\/logo\/image\/"},"sameAs":["https:\/\/www.facebook.com\/SitandHeat"]}]}},"jetpack_sharing_enabled":true,"_links":{"self":[{"href":"https:\/\/sitandheat.com\/fr\/wp-json\/wp\/v2\/product\/9800","targetHints":{"allow":["GET"]}}],"collection":[{"href":"https:\/\/sitandheat.com\/fr\/wp-json\/wp\/v2\/product"}],"about":[{"href":"https:\/\/sitandheat.com\/fr\/wp-json\/wp\/v2\/types\/product"}],"replies":[{"embeddable":true,"href":"https:\/\/sitandheat.com\/fr\/wp-json\/wp\/v2\/comments?post=9800"}],"wp:featuredmedia":[{"embeddable":true,"href":"https:\/\/sitandheat.com\/fr\/wp-json\/wp\/v2\/media\/10289"}],"wp:attachment":[{"href":"https:\/\/sitandheat.com\/fr\/wp-json\/wp\/v2\/media?parent=9800"}],"wp:term":[{"taxonomy":"product_brand","embeddable":true,"href":"https:\/\/sitandheat.com\/fr\/wp-json\/wp\/v2\/product_brand?post=9800"},{"taxonomy":"product_cat","embeddable":true,"href":"https:\/\/sitandheat.com\/fr\/wp-json\/wp\/v2\/product_cat?post=9800"},{"taxonomy":"product_tag","embeddable":true,"href":"https:\/\/sitandheat.com\/fr\/wp-json\/wp\/v2\/product_tag?post=9800"}],"curies":[{"name":"wp","href":"https:\/\/api.w.org\/{rel}","templated":true}]}}