{"id":9788,"date":"2023-11-14T11:08:51","date_gmt":"2023-11-14T11:08:51","guid":{"rendered":"https:\/\/sitandheat.com\/?post_type=product&#038;p=9788"},"modified":"2025-07-22T10:16:26","modified_gmt":"2025-07-22T10:16:26","slug":"nimma-custom","status":"publish","type":"product","link":"https:\/\/sitandheat.com\/fr\/product\/nimma-custom\/","title":{"rendered":"Nimma Custom"},"content":{"rendered":"<p>Le coussin chauffant sur mesure Nimma Custom : \u00e9l\u00e9gant et fonctionnel, avec un dossier et une assise chauff\u00e9s pour plus de chaleur et de confort. Personnalisez la couleur et le tissu de votre coussin pour l'adapter \u00e0 votre style personnel. Ce coussin chauffant s'adapte parfaitement \u00e0 la plupart des chaises et est un choix tr\u00e8s populaire.<\/p>","protected":false},"excerpt":{"rendered":"<p>Personnalisez votre confort et votre chaleur avec notre coussin chauffant sur mesure Nimma Custom, dont le design fonctionnel et \u00e9l\u00e9gant peut \u00eatre enti\u00e8rement personnalis\u00e9 pour s'adapter \u00e0 votre style personnel.<\/p>","protected":false},"featured_media":13273,"comment_status":"open","ping_status":"closed","template":"","meta":{"_acf_changed":false,"content-type":"","inline_featured_image":false},"product_brand":[],"product_cat":[30],"product_tag":[52,50],"class_list":{"0":"post-9788","1":"product","2":"type-product","3":"status-publish","4":"has-post-thumbnail","6":"product_cat-outdoor","7":"product_tag-horeca","8":"product_tag-op-maat-gemaakt","10":"first","11":"instock","12":"taxable","13":"shipping-taxable","14":"purchasable","15":"product-type-simple"},"acf":[],"yoast_head":"<!-- This site is optimized with the Yoast SEO plugin v27.4 - https:\/\/yoast.com\/product\/yoast-seo-wordpress\/ -->\n<title>Sit &amp; Heat | Nimma Verwarmd Stoelkussen Custom<\/title>\n<meta name=\"description\" content=\"Upgrade je ruimte met het Nimma Custom Chair Cushion van Sit &amp; Heat. Elegantie voor buiten ontmoet slimme, automatisch activerende warmte. Pas uw zitervaring aan met Sit &amp; Heat.\" \/>\n<meta name=\"robots\" content=\"index, follow, max-snippet:-1, max-image-preview:large, max-video-preview:-1\" \/>\n<link rel=\"canonical\" href=\"https:\/\/sitandheat.com\/fr\/produit\/nimma-custom\/\" \/>\n<meta property=\"og:locale\" content=\"fr_FR\" \/>\n<meta property=\"og:type\" content=\"article\" \/>\n<meta property=\"og:title\" content=\"Sit &amp; Heat | Nimma Verwarmd Stoelkussen Custom\" \/>\n<meta property=\"og:description\" content=\"Upgrade je ruimte met het Nimma Custom Chair Cushion van Sit &amp; Heat. Elegantie voor buiten ontmoet slimme, automatisch activerende warmte. Pas uw zitervaring aan met Sit &amp; Heat.\" \/>\n<meta property=\"og:url\" content=\"https:\/\/sitandheat.com\/fr\/produit\/nimma-custom\/\" \/>\n<meta property=\"og:site_name\" content=\"Sit &amp; Heat\" \/>\n<meta property=\"article:publisher\" content=\"https:\/\/www.facebook.com\/SitandHeat\" \/>\n<meta property=\"article:modified_time\" content=\"2025-07-22T10:16:26+00:00\" \/>\n<meta property=\"og:image\" content=\"https:\/\/sitandheat.com\/wp-content\/uploads\/2023\/11\/NimmaCustomOcean.jpg\" \/>\n\t<meta property=\"og:image:width\" content=\"800\" \/>\n\t<meta property=\"og:image:height\" content=\"800\" \/>\n\t<meta property=\"og:image:type\" content=\"image\/jpeg\" \/>\n<meta name=\"twitter:card\" content=\"summary_large_image\" \/>\n<meta name=\"twitter:label1\" content=\"Dur\u00e9e de lecture estim\u00e9e\" \/>\n\t<meta name=\"twitter:data1\" content=\"1 minute\" \/>\n<script type=\"application\/ld+json\" class=\"yoast-schema-graph\">{\"@context\":\"https:\\\/\\\/schema.org\",\"@graph\":[{\"@type\":\"WebPage\",\"@id\":\"https:\\\/\\\/sitandheat.com\\\/product\\\/nimma-custom\\\/\",\"url\":\"https:\\\/\\\/sitandheat.com\\\/product\\\/nimma-custom\\\/\",\"name\":\"Sit & Heat | Nimma Verwarmd Stoelkussen Custom\",\"isPartOf\":{\"@id\":\"https:\\\/\\\/sitandheat.com\\\/#website\"},\"primaryImageOfPage\":{\"@id\":\"https:\\\/\\\/sitandheat.com\\\/product\\\/nimma-custom\\\/#primaryimage\"},\"image\":{\"@id\":\"https:\\\/\\\/sitandheat.com\\\/product\\\/nimma-custom\\\/#primaryimage\"},\"thumbnailUrl\":\"https:\\\/\\\/sitandheat.com\\\/wp-content\\\/uploads\\\/2023\\\/11\\\/NimmaCustomOcean.jpg\",\"datePublished\":\"2023-11-14T11:08:51+00:00\",\"dateModified\":\"2025-07-22T10:16:26+00:00\",\"description\":\"Upgrade je ruimte met het Nimma Custom Chair Cushion van Sit & Heat. Elegantie voor buiten ontmoet slimme, automatisch activerende warmte. Pas uw zitervaring aan met Sit & Heat.\",\"breadcrumb\":{\"@id\":\"https:\\\/\\\/sitandheat.com\\\/product\\\/nimma-custom\\\/#breadcrumb\"},\"inLanguage\":\"fr-FR\",\"potentialAction\":[{\"@type\":\"ReadAction\",\"target\":[\"https:\\\/\\\/sitandheat.com\\\/product\\\/nimma-custom\\\/\"]}]},{\"@type\":\"ImageObject\",\"inLanguage\":\"fr-FR\",\"@id\":\"https:\\\/\\\/sitandheat.com\\\/product\\\/nimma-custom\\\/#primaryimage\",\"url\":\"https:\\\/\\\/sitandheat.com\\\/wp-content\\\/uploads\\\/2023\\\/11\\\/NimmaCustomOcean.jpg\",\"contentUrl\":\"https:\\\/\\\/sitandheat.com\\\/wp-content\\\/uploads\\\/2023\\\/11\\\/NimmaCustomOcean.jpg\",\"width\":800,\"height\":800,\"caption\":\"Heated chair cushion\"},{\"@type\":\"BreadcrumbList\",\"@id\":\"https:\\\/\\\/sitandheat.com\\\/product\\\/nimma-custom\\\/#breadcrumb\",\"itemListElement\":[{\"@type\":\"ListItem\",\"position\":1,\"name\":\"Home\",\"item\":\"https:\\\/\\\/sitandheat.com\\\/\"},{\"@type\":\"ListItem\",\"position\":2,\"name\":\"Shop\",\"item\":\"https:\\\/\\\/sitandheat.com\\\/shop\\\/\"},{\"@type\":\"ListItem\",\"position\":3,\"name\":\"Nimma Custom\"}]},{\"@type\":\"WebSite\",\"@id\":\"https:\\\/\\\/sitandheat.com\\\/#website\",\"url\":\"https:\\\/\\\/sitandheat.com\\\/\",\"name\":\"Sit &amp; Heat\",\"description\":\"Slimme warmtekussens in jouw stijl\",\"publisher\":{\"@id\":\"https:\\\/\\\/sitandheat.com\\\/#organization\"},\"potentialAction\":[{\"@type\":\"SearchAction\",\"target\":{\"@type\":\"EntryPoint\",\"urlTemplate\":\"https:\\\/\\\/sitandheat.com\\\/?s={search_term_string}\"},\"query-input\":{\"@type\":\"PropertyValueSpecification\",\"valueRequired\":true,\"valueName\":\"search_term_string\"}}],\"inLanguage\":\"fr-FR\"},{\"@type\":\"Organization\",\"@id\":\"https:\\\/\\\/sitandheat.com\\\/#organization\",\"name\":\"Sit &amp; Heat\",\"url\":\"https:\\\/\\\/sitandheat.com\\\/\",\"logo\":{\"@type\":\"ImageObject\",\"inLanguage\":\"fr-FR\",\"@id\":\"https:\\\/\\\/sitandheat.com\\\/#\\\/schema\\\/logo\\\/image\\\/\",\"url\":\"https:\\\/\\\/sitandheat.com\\\/wp-content\\\/uploads\\\/2023\\\/11\\\/SH_LogoWit-1.svg\",\"contentUrl\":\"https:\\\/\\\/sitandheat.com\\\/wp-content\\\/uploads\\\/2023\\\/11\\\/SH_LogoWit-1.svg\",\"width\":\"1024\",\"height\":\"1024\",\"caption\":\"Sit &amp; Heat\"},\"image\":{\"@id\":\"https:\\\/\\\/sitandheat.com\\\/#\\\/schema\\\/logo\\\/image\\\/\"},\"sameAs\":[\"https:\\\/\\\/www.facebook.com\\\/SitandHeat\"]}]}<\/script>\n<!-- \/ Yoast SEO plugin. -->","yoast_head_json":{"title":"Sit &amp; Heat | Nimma Coussin de chaise chauffant sur mesure","description":"Am\u00e9liorez votre espace avec le coussin de chaise personnalis\u00e9 Nimma de Sit &amp; Heat. L'\u00e9l\u00e9gance ext\u00e9rieure rencontre la chaleur intelligente qui s'active automatiquement. Personnalisez votre exp\u00e9rience d'assise avec Sit &amp; Heat.","robots":{"index":"index","follow":"follow","max-snippet":"max-snippet:-1","max-image-preview":"max-image-preview:large","max-video-preview":"max-video-preview:-1"},"canonical":"https:\/\/sitandheat.com\/fr\/produit\/nimma-custom\/","og_locale":"fr_FR","og_type":"article","og_title":"Sit & Heat | Nimma Verwarmd Stoelkussen Custom","og_description":"Upgrade je ruimte met het Nimma Custom Chair Cushion van Sit & Heat. Elegantie voor buiten ontmoet slimme, automatisch activerende warmte. Pas uw zitervaring aan met Sit & Heat.","og_url":"https:\/\/sitandheat.com\/fr\/produit\/nimma-custom\/","og_site_name":"Sit &amp; Heat","article_publisher":"https:\/\/www.facebook.com\/SitandHeat","article_modified_time":"2025-07-22T10:16:26+00:00","og_image":[{"width":800,"height":800,"url":"https:\/\/sitandheat.com\/wp-content\/uploads\/2023\/11\/NimmaCustomOcean.jpg","type":"image\/jpeg"}],"twitter_card":"summary_large_image","twitter_misc":{"Dur\u00e9e de lecture estim\u00e9e":"1 minute"},"schema":{"@context":"https:\/\/schema.org","@graph":[{"@type":"WebPage","@id":"https:\/\/sitandheat.com\/product\/nimma-custom\/","url":"https:\/\/sitandheat.com\/product\/nimma-custom\/","name":"Sit &amp; Heat | Nimma Coussin de chaise chauffant sur mesure","isPartOf":{"@id":"https:\/\/sitandheat.com\/#website"},"primaryImageOfPage":{"@id":"https:\/\/sitandheat.com\/product\/nimma-custom\/#primaryimage"},"image":{"@id":"https:\/\/sitandheat.com\/product\/nimma-custom\/#primaryimage"},"thumbnailUrl":"https:\/\/sitandheat.com\/wp-content\/uploads\/2023\/11\/NimmaCustomOcean.jpg","datePublished":"2023-11-14T11:08:51+00:00","dateModified":"2025-07-22T10:16:26+00:00","description":"Am\u00e9liorez votre espace avec le coussin de chaise personnalis\u00e9 Nimma de Sit &amp; Heat. L'\u00e9l\u00e9gance ext\u00e9rieure rencontre la chaleur intelligente qui s'active automatiquement. Personnalisez votre exp\u00e9rience d'assise avec Sit &amp; Heat.","breadcrumb":{"@id":"https:\/\/sitandheat.com\/product\/nimma-custom\/#breadcrumb"},"inLanguage":"fr-FR","potentialAction":[{"@type":"ReadAction","target":["https:\/\/sitandheat.com\/product\/nimma-custom\/"]}]},{"@type":"ImageObject","inLanguage":"fr-FR","@id":"https:\/\/sitandheat.com\/product\/nimma-custom\/#primaryimage","url":"https:\/\/sitandheat.com\/wp-content\/uploads\/2023\/11\/NimmaCustomOcean.jpg","contentUrl":"https:\/\/sitandheat.com\/wp-content\/uploads\/2023\/11\/NimmaCustomOcean.jpg","width":800,"height":800,"caption":"Heated chair cushion"},{"@type":"BreadcrumbList","@id":"https:\/\/sitandheat.com\/product\/nimma-custom\/#breadcrumb","itemListElement":[{"@type":"ListItem","position":1,"name":"Home","item":"https:\/\/sitandheat.com\/"},{"@type":"ListItem","position":2,"name":"Shop","item":"https:\/\/sitandheat.com\/shop\/"},{"@type":"ListItem","position":3,"name":"Nimma Custom"}]},{"@type":"WebSite","@id":"https:\/\/sitandheat.com\/#website","url":"https:\/\/sitandheat.com\/","name":"S'asseoir et chauffer","description":"Des coussins chauffants intelligents dans votre style","publisher":{"@id":"https:\/\/sitandheat.com\/#organization"},"potentialAction":[{"@type":"SearchAction","target":{"@type":"EntryPoint","urlTemplate":"https:\/\/sitandheat.com\/?s={search_term_string}"},"query-input":{"@type":"PropertyValueSpecification","valueRequired":true,"valueName":"search_term_string"}}],"inLanguage":"fr-FR"},{"@type":"Organization","@id":"https:\/\/sitandheat.com\/#organization","name":"S'asseoir et chauffer","url":"https:\/\/sitandheat.com\/","logo":{"@type":"ImageObject","inLanguage":"fr-FR","@id":"https:\/\/sitandheat.com\/#\/schema\/logo\/image\/","url":"https:\/\/sitandheat.com\/wp-content\/uploads\/2023\/11\/SH_LogoWit-1.svg","contentUrl":"https:\/\/sitandheat.com\/wp-content\/uploads\/2023\/11\/SH_LogoWit-1.svg","width":"1024","height":"1024","caption":"Sit &amp; Heat"},"image":{"@id":"https:\/\/sitandheat.com\/#\/schema\/logo\/image\/"},"sameAs":["https:\/\/www.facebook.com\/SitandHeat"]}]}},"jetpack_sharing_enabled":true,"_links":{"self":[{"href":"https:\/\/sitandheat.com\/fr\/wp-json\/wp\/v2\/product\/9788","targetHints":{"allow":["GET"]}}],"collection":[{"href":"https:\/\/sitandheat.com\/fr\/wp-json\/wp\/v2\/product"}],"about":[{"href":"https:\/\/sitandheat.com\/fr\/wp-json\/wp\/v2\/types\/product"}],"replies":[{"embeddable":true,"href":"https:\/\/sitandheat.com\/fr\/wp-json\/wp\/v2\/comments?post=9788"}],"wp:featuredmedia":[{"embeddable":true,"href":"https:\/\/sitandheat.com\/fr\/wp-json\/wp\/v2\/media\/13273"}],"wp:attachment":[{"href":"https:\/\/sitandheat.com\/fr\/wp-json\/wp\/v2\/media?parent=9788"}],"wp:term":[{"taxonomy":"product_brand","embeddable":true,"href":"https:\/\/sitandheat.com\/fr\/wp-json\/wp\/v2\/product_brand?post=9788"},{"taxonomy":"product_cat","embeddable":true,"href":"https:\/\/sitandheat.com\/fr\/wp-json\/wp\/v2\/product_cat?post=9788"},{"taxonomy":"product_tag","embeddable":true,"href":"https:\/\/sitandheat.com\/fr\/wp-json\/wp\/v2\/product_tag?post=9788"}],"curies":[{"name":"wp","href":"https:\/\/api.w.org\/{rel}","templated":true}]}}