{"id":9715,"date":"2023-11-13T10:29:51","date_gmt":"2023-11-13T10:29:51","guid":{"rendered":"https:\/\/sitandheat.com\/?post_type=product&#038;p=9715"},"modified":"2025-11-23T23:15:46","modified_gmt":"2025-11-23T23:15:46","slug":"salon","status":"publish","type":"product","link":"https:\/\/sitandheat.com\/fr\/product\/lounge\/","title":{"rendered":"Salon"},"content":{"rendered":"<p>Des coussins respectueux de l'environnement, nous les soutenons fermement. Ce coussin confortable garde tout votre corps au chaud, gr\u00e2ce \u00e0 son dossier et \u00e0 son assise chauffants. Une fois connect\u00e9 au r\u00e9seau \u00e9lectrique, vous n'avez plus \u00e0 vous en soucier : le coussin Sit &amp; Heat ne chauffe que lorsque quelqu'un s'y assoit. D\u00e8s que l'assise est \u00e0 nouveau libre, le chauffage s'\u00e9teint automatiquement au bout de deux minutes. Bon pour la plan\u00e8te et le portefeuille.<\/p>","protected":false},"excerpt":{"rendered":"<p>Installez-vous dans le Lounge : ce coussin de canap\u00e9 offre jusqu'\u00e0 trois si\u00e8ges chauffants. Le coussin se compose d'un dossier et d'une assise chauff\u00e9s et est fabriqu\u00e9 sur mesure.<\/p>","protected":false},"featured_media":13283,"comment_status":"open","ping_status":"closed","template":"","meta":{"_acf_changed":false,"content-type":"","inline_featured_image":false},"product_brand":[],"product_cat":[30],"product_tag":[52,50],"class_list":{"0":"post-9715","1":"product","2":"type-product","3":"status-publish","4":"has-post-thumbnail","6":"product_cat-outdoor","7":"product_tag-horeca","8":"product_tag-op-maat-gemaakt","10":"first","11":"instock","12":"featured","13":"taxable","14":"shipping-taxable","15":"purchasable","16":"product-type-simple"},"acf":[],"yoast_head":"<!-- This site is optimized with the Yoast SEO plugin v27.4 - https:\/\/yoast.com\/product\/yoast-seo-wordpress\/ -->\n<title>Sit &amp; Heat | Verwarmd Lounge kussen<\/title>\n<meta name=\"description\" content=\"Geniet duurzaam met het Sit &amp; Heat Lounge kussen. Comfort op maat en duurzaamheid voor buiten. Personaliseer uw loungervaring met Sit &amp; Heat.\" \/>\n<meta name=\"robots\" content=\"index, follow, max-snippet:-1, max-image-preview:large, max-video-preview:-1\" \/>\n<link rel=\"canonical\" href=\"https:\/\/sitandheat.com\/fr\/produit\/salon\/\" \/>\n<meta property=\"og:locale\" content=\"fr_FR\" \/>\n<meta property=\"og:type\" content=\"article\" \/>\n<meta property=\"og:title\" content=\"Sit &amp; Heat | Verwarmd Lounge kussen\" \/>\n<meta property=\"og:description\" content=\"Geniet duurzaam met het Sit &amp; Heat Lounge kussen. Comfort op maat en duurzaamheid voor buiten. Personaliseer uw loungervaring met Sit &amp; Heat.\" \/>\n<meta property=\"og:url\" content=\"https:\/\/sitandheat.com\/fr\/produit\/salon\/\" \/>\n<meta property=\"og:site_name\" content=\"Sit &amp; Heat\" \/>\n<meta property=\"article:publisher\" content=\"https:\/\/www.facebook.com\/SitandHeat\" \/>\n<meta property=\"article:modified_time\" content=\"2025-11-23T23:15:46+00:00\" \/>\n<meta property=\"og:image\" content=\"https:\/\/sitandheat.com\/wp-content\/uploads\/2023\/11\/Lounge2.jpg\" \/>\n\t<meta property=\"og:image:width\" content=\"800\" \/>\n\t<meta property=\"og:image:height\" content=\"800\" \/>\n\t<meta property=\"og:image:type\" content=\"image\/jpeg\" \/>\n<meta name=\"twitter:card\" content=\"summary_large_image\" \/>\n<meta name=\"twitter:label1\" content=\"Dur\u00e9e de lecture estim\u00e9e\" \/>\n\t<meta name=\"twitter:data1\" content=\"1 minute\" \/>\n<script type=\"application\/ld+json\" class=\"yoast-schema-graph\">{\"@context\":\"https:\\\/\\\/schema.org\",\"@graph\":[{\"@type\":\"WebPage\",\"@id\":\"https:\\\/\\\/sitandheat.com\\\/product\\\/lounge\\\/\",\"url\":\"https:\\\/\\\/sitandheat.com\\\/product\\\/lounge\\\/\",\"name\":\"Sit & Heat | Verwarmd Lounge kussen\",\"isPartOf\":{\"@id\":\"https:\\\/\\\/sitandheat.com\\\/#website\"},\"primaryImageOfPage\":{\"@id\":\"https:\\\/\\\/sitandheat.com\\\/product\\\/lounge\\\/#primaryimage\"},\"image\":{\"@id\":\"https:\\\/\\\/sitandheat.com\\\/product\\\/lounge\\\/#primaryimage\"},\"thumbnailUrl\":\"https:\\\/\\\/sitandheat.com\\\/wp-content\\\/uploads\\\/2023\\\/11\\\/Lounge2.jpg\",\"datePublished\":\"2023-11-13T10:29:51+00:00\",\"dateModified\":\"2025-11-23T23:15:46+00:00\",\"description\":\"Geniet duurzaam met het Sit & Heat Lounge kussen. Comfort op maat en duurzaamheid voor buiten. Personaliseer uw loungervaring met Sit & Heat.\",\"breadcrumb\":{\"@id\":\"https:\\\/\\\/sitandheat.com\\\/product\\\/lounge\\\/#breadcrumb\"},\"inLanguage\":\"fr-FR\",\"potentialAction\":[{\"@type\":\"ReadAction\",\"target\":[\"https:\\\/\\\/sitandheat.com\\\/product\\\/lounge\\\/\"]}]},{\"@type\":\"ImageObject\",\"inLanguage\":\"fr-FR\",\"@id\":\"https:\\\/\\\/sitandheat.com\\\/product\\\/lounge\\\/#primaryimage\",\"url\":\"https:\\\/\\\/sitandheat.com\\\/wp-content\\\/uploads\\\/2023\\\/11\\\/Lounge2.jpg\",\"contentUrl\":\"https:\\\/\\\/sitandheat.com\\\/wp-content\\\/uploads\\\/2023\\\/11\\\/Lounge2.jpg\",\"width\":800,\"height\":800,\"caption\":\"Heated Lounge Cushion from Sit & Heat\"},{\"@type\":\"BreadcrumbList\",\"@id\":\"https:\\\/\\\/sitandheat.com\\\/product\\\/lounge\\\/#breadcrumb\",\"itemListElement\":[{\"@type\":\"ListItem\",\"position\":1,\"name\":\"Home\",\"item\":\"https:\\\/\\\/sitandheat.com\\\/\"},{\"@type\":\"ListItem\",\"position\":2,\"name\":\"Shop\",\"item\":\"https:\\\/\\\/sitandheat.com\\\/shop\\\/\"},{\"@type\":\"ListItem\",\"position\":3,\"name\":\"Lounge\"}]},{\"@type\":\"WebSite\",\"@id\":\"https:\\\/\\\/sitandheat.com\\\/#website\",\"url\":\"https:\\\/\\\/sitandheat.com\\\/\",\"name\":\"Sit &amp; Heat\",\"description\":\"Slimme warmtekussens in jouw stijl\",\"publisher\":{\"@id\":\"https:\\\/\\\/sitandheat.com\\\/#organization\"},\"potentialAction\":[{\"@type\":\"SearchAction\",\"target\":{\"@type\":\"EntryPoint\",\"urlTemplate\":\"https:\\\/\\\/sitandheat.com\\\/?s={search_term_string}\"},\"query-input\":{\"@type\":\"PropertyValueSpecification\",\"valueRequired\":true,\"valueName\":\"search_term_string\"}}],\"inLanguage\":\"fr-FR\"},{\"@type\":\"Organization\",\"@id\":\"https:\\\/\\\/sitandheat.com\\\/#organization\",\"name\":\"Sit &amp; Heat\",\"url\":\"https:\\\/\\\/sitandheat.com\\\/\",\"logo\":{\"@type\":\"ImageObject\",\"inLanguage\":\"fr-FR\",\"@id\":\"https:\\\/\\\/sitandheat.com\\\/#\\\/schema\\\/logo\\\/image\\\/\",\"url\":\"https:\\\/\\\/sitandheat.com\\\/wp-content\\\/uploads\\\/2023\\\/11\\\/SH_LogoWit-1.svg\",\"contentUrl\":\"https:\\\/\\\/sitandheat.com\\\/wp-content\\\/uploads\\\/2023\\\/11\\\/SH_LogoWit-1.svg\",\"width\":\"1024\",\"height\":\"1024\",\"caption\":\"Sit &amp; Heat\"},\"image\":{\"@id\":\"https:\\\/\\\/sitandheat.com\\\/#\\\/schema\\\/logo\\\/image\\\/\"},\"sameAs\":[\"https:\\\/\\\/www.facebook.com\\\/SitandHeat\"]}]}<\/script>\n<!-- \/ Yoast SEO plugin. -->","yoast_head_json":{"title":"Sit &amp; Heat | Oreiller de salon chauffant","description":"Profitez d'un plaisir durable avec le coussin Sit &amp; Heat Lounge. Confort sur mesure et durabilit\u00e9 en ext\u00e9rieur. Personnalisez votre exp\u00e9rience de d\u00e9tente avec Sit &amp; Heat.","robots":{"index":"index","follow":"follow","max-snippet":"max-snippet:-1","max-image-preview":"max-image-preview:large","max-video-preview":"max-video-preview:-1"},"canonical":"https:\/\/sitandheat.com\/fr\/produit\/salon\/","og_locale":"fr_FR","og_type":"article","og_title":"Sit & Heat | Verwarmd Lounge kussen","og_description":"Geniet duurzaam met het Sit & Heat Lounge kussen. Comfort op maat en duurzaamheid voor buiten. Personaliseer uw loungervaring met Sit & Heat.","og_url":"https:\/\/sitandheat.com\/fr\/produit\/salon\/","og_site_name":"Sit &amp; Heat","article_publisher":"https:\/\/www.facebook.com\/SitandHeat","article_modified_time":"2025-11-23T23:15:46+00:00","og_image":[{"width":800,"height":800,"url":"https:\/\/sitandheat.com\/wp-content\/uploads\/2023\/11\/Lounge2.jpg","type":"image\/jpeg"}],"twitter_card":"summary_large_image","twitter_misc":{"Dur\u00e9e de lecture estim\u00e9e":"1 minute"},"schema":{"@context":"https:\/\/schema.org","@graph":[{"@type":"WebPage","@id":"https:\/\/sitandheat.com\/product\/lounge\/","url":"https:\/\/sitandheat.com\/product\/lounge\/","name":"Sit &amp; Heat | Oreiller de salon chauffant","isPartOf":{"@id":"https:\/\/sitandheat.com\/#website"},"primaryImageOfPage":{"@id":"https:\/\/sitandheat.com\/product\/lounge\/#primaryimage"},"image":{"@id":"https:\/\/sitandheat.com\/product\/lounge\/#primaryimage"},"thumbnailUrl":"https:\/\/sitandheat.com\/wp-content\/uploads\/2023\/11\/Lounge2.jpg","datePublished":"2023-11-13T10:29:51+00:00","dateModified":"2025-11-23T23:15:46+00:00","description":"Profitez d'un plaisir durable avec le coussin Sit &amp; Heat Lounge. Confort sur mesure et durabilit\u00e9 en ext\u00e9rieur. Personnalisez votre exp\u00e9rience de d\u00e9tente avec Sit &amp; Heat.","breadcrumb":{"@id":"https:\/\/sitandheat.com\/product\/lounge\/#breadcrumb"},"inLanguage":"fr-FR","potentialAction":[{"@type":"ReadAction","target":["https:\/\/sitandheat.com\/product\/lounge\/"]}]},{"@type":"ImageObject","inLanguage":"fr-FR","@id":"https:\/\/sitandheat.com\/product\/lounge\/#primaryimage","url":"https:\/\/sitandheat.com\/wp-content\/uploads\/2023\/11\/Lounge2.jpg","contentUrl":"https:\/\/sitandheat.com\/wp-content\/uploads\/2023\/11\/Lounge2.jpg","width":800,"height":800,"caption":"Heated Lounge Cushion from Sit & Heat"},{"@type":"BreadcrumbList","@id":"https:\/\/sitandheat.com\/product\/lounge\/#breadcrumb","itemListElement":[{"@type":"ListItem","position":1,"name":"Home","item":"https:\/\/sitandheat.com\/"},{"@type":"ListItem","position":2,"name":"Shop","item":"https:\/\/sitandheat.com\/shop\/"},{"@type":"ListItem","position":3,"name":"Lounge"}]},{"@type":"WebSite","@id":"https:\/\/sitandheat.com\/#website","url":"https:\/\/sitandheat.com\/","name":"S'asseoir et chauffer","description":"Des coussins chauffants intelligents dans votre style","publisher":{"@id":"https:\/\/sitandheat.com\/#organization"},"potentialAction":[{"@type":"SearchAction","target":{"@type":"EntryPoint","urlTemplate":"https:\/\/sitandheat.com\/?s={search_term_string}"},"query-input":{"@type":"PropertyValueSpecification","valueRequired":true,"valueName":"search_term_string"}}],"inLanguage":"fr-FR"},{"@type":"Organization","@id":"https:\/\/sitandheat.com\/#organization","name":"S'asseoir et chauffer","url":"https:\/\/sitandheat.com\/","logo":{"@type":"ImageObject","inLanguage":"fr-FR","@id":"https:\/\/sitandheat.com\/#\/schema\/logo\/image\/","url":"https:\/\/sitandheat.com\/wp-content\/uploads\/2023\/11\/SH_LogoWit-1.svg","contentUrl":"https:\/\/sitandheat.com\/wp-content\/uploads\/2023\/11\/SH_LogoWit-1.svg","width":"1024","height":"1024","caption":"Sit &amp; Heat"},"image":{"@id":"https:\/\/sitandheat.com\/#\/schema\/logo\/image\/"},"sameAs":["https:\/\/www.facebook.com\/SitandHeat"]}]}},"jetpack_sharing_enabled":true,"_links":{"self":[{"href":"https:\/\/sitandheat.com\/fr\/wp-json\/wp\/v2\/product\/9715","targetHints":{"allow":["GET"]}}],"collection":[{"href":"https:\/\/sitandheat.com\/fr\/wp-json\/wp\/v2\/product"}],"about":[{"href":"https:\/\/sitandheat.com\/fr\/wp-json\/wp\/v2\/types\/product"}],"replies":[{"embeddable":true,"href":"https:\/\/sitandheat.com\/fr\/wp-json\/wp\/v2\/comments?post=9715"}],"wp:featuredmedia":[{"embeddable":true,"href":"https:\/\/sitandheat.com\/fr\/wp-json\/wp\/v2\/media\/13283"}],"wp:attachment":[{"href":"https:\/\/sitandheat.com\/fr\/wp-json\/wp\/v2\/media?parent=9715"}],"wp:term":[{"taxonomy":"product_brand","embeddable":true,"href":"https:\/\/sitandheat.com\/fr\/wp-json\/wp\/v2\/product_brand?post=9715"},{"taxonomy":"product_cat","embeddable":true,"href":"https:\/\/sitandheat.com\/fr\/wp-json\/wp\/v2\/product_cat?post=9715"},{"taxonomy":"product_tag","embeddable":true,"href":"https:\/\/sitandheat.com\/fr\/wp-json\/wp\/v2\/product_tag?post=9715"}],"curies":[{"name":"wp","href":"https:\/\/api.w.org\/{rel}","templated":true}]}}