{"id":514,"date":"2023-11-09T10:20:16","date_gmt":"2023-11-09T10:20:16","guid":{"rendered":"https:\/\/sitandheat.com\/?post_type=product&#038;p=514"},"modified":"2026-03-28T16:01:59","modified_gmt":"2026-03-28T16:01:59","slug":"coussin-thermique-teddy-rectangle","status":"publish","type":"product","link":"https:\/\/sitandheat.com\/fr\/product\/warmtekussen-teddy-rectangle\/","title":{"rendered":"Teddy 60x40 cm"},"content":{"rendered":"<p>Avec le tissu de votre ourson pr\u00e9f\u00e9r\u00e9. Ce coussin est fait pour les c\u00e2lins. Avec son tissu doux et sa forme rectangulaire, il a sa place dans votre maison pour vous d\u00e9tendre. Pile incluse.<\/p>","protected":false},"excerpt":{"rendered":"<p>Notre oreiller chauffant Teddy Rectangle est aussi doux que possible. Avec sa forme rectangulaire et son design confortable, vous ne pourrez plus vous passer de sa chaleur. Pile incluse.<\/p>","protected":false},"featured_media":10261,"comment_status":"open","ping_status":"closed","template":"","meta":{"_acf_changed":false,"content-type":"","inline_featured_image":false},"product_brand":[],"product_cat":[29],"product_tag":[53,46],"class_list":{"0":"post-514","1":"product","2":"type-product","3":"status-publish","4":"has-post-thumbnail","6":"product_cat-indoor","7":"product_tag-thuis","8":"product_tag-vandaag-besteld-morgen-in-huis","10":"first","11":"instock","12":"featured","13":"taxable","14":"shipping-taxable","15":"purchasable","16":"product-type-variable","17":"has-default-attributes"},"acf":[],"yoast_head":"<!-- This site is optimized with the Yoast SEO plugin v27.3 - https:\/\/yoast.com\/product\/yoast-seo-wordpress\/ -->\n<title>Sit &amp; Heat | Klassiek Verwarmd Stoelkussen - Teddy<\/title>\n<meta name=\"description\" content=\"Kruip lekker onderuit met het Teddy verwarmingskussen van Sit &amp; Heat. Zachte, oplaadbare en snoerloze warmte. Ontdek de knusheid met Sit &amp; Heat.\" \/>\n<meta name=\"robots\" content=\"index, follow, max-snippet:-1, max-image-preview:large, max-video-preview:-1\" \/>\n<link rel=\"canonical\" href=\"https:\/\/sitandheat.com\/fr\/produit\/coussin-thermique-teddy-rectangle\/\" \/>\n<meta property=\"og:locale\" content=\"fr_FR\" \/>\n<meta property=\"og:type\" content=\"article\" \/>\n<meta property=\"og:title\" content=\"Sit &amp; Heat | Klassiek Verwarmd Stoelkussen - Teddy\" \/>\n<meta property=\"og:description\" content=\"Kruip lekker onderuit met het Teddy verwarmingskussen van Sit &amp; Heat. Zachte, oplaadbare en snoerloze warmte. Ontdek de knusheid met Sit &amp; Heat.\" \/>\n<meta property=\"og:url\" content=\"https:\/\/sitandheat.com\/fr\/produit\/coussin-thermique-teddy-rectangle\/\" \/>\n<meta property=\"og:site_name\" content=\"Sit &amp; Heat\" \/>\n<meta property=\"article:publisher\" content=\"https:\/\/www.facebook.com\/SitandHeat\" \/>\n<meta property=\"article:modified_time\" content=\"2026-03-28T16:01:59+00:00\" \/>\n<meta property=\"og:image\" content=\"https:\/\/sitandheat.com\/wp-content\/uploads\/2023\/11\/HQ_Teddy_Voorkant_6040_Roze.webp\" \/>\n\t<meta property=\"og:image:width\" content=\"1200\" \/>\n\t<meta property=\"og:image:height\" content=\"1200\" \/>\n\t<meta property=\"og:image:type\" content=\"image\/webp\" \/>\n<meta name=\"twitter:card\" content=\"summary_large_image\" \/>\n<meta name=\"twitter:label1\" content=\"Dur\u00e9e de lecture estim\u00e9e\" \/>\n\t<meta name=\"twitter:data1\" content=\"1 minute\" \/>\n<script type=\"application\/ld+json\" class=\"yoast-schema-graph\">{\"@context\":\"https:\\\/\\\/schema.org\",\"@graph\":[{\"@type\":\"WebPage\",\"@id\":\"https:\\\/\\\/sitandheat.com\\\/product\\\/warmtekussen-teddy-rectangle\\\/\",\"url\":\"https:\\\/\\\/sitandheat.com\\\/product\\\/warmtekussen-teddy-rectangle\\\/\",\"name\":\"Sit & Heat | Klassiek Verwarmd Stoelkussen - Teddy\",\"isPartOf\":{\"@id\":\"https:\\\/\\\/sitandheat.com\\\/#website\"},\"primaryImageOfPage\":{\"@id\":\"https:\\\/\\\/sitandheat.com\\\/product\\\/warmtekussen-teddy-rectangle\\\/#primaryimage\"},\"image\":{\"@id\":\"https:\\\/\\\/sitandheat.com\\\/product\\\/warmtekussen-teddy-rectangle\\\/#primaryimage\"},\"thumbnailUrl\":\"https:\\\/\\\/sitandheat.com\\\/wp-content\\\/uploads\\\/2023\\\/11\\\/HQ_Teddy_Voorkant_6040_Roze.webp\",\"datePublished\":\"2023-11-09T10:20:16+00:00\",\"dateModified\":\"2026-03-28T16:01:59+00:00\",\"description\":\"Kruip lekker onderuit met het Teddy verwarmingskussen van Sit & Heat. Zachte, oplaadbare en snoerloze warmte. Ontdek de knusheid met Sit & Heat.\",\"breadcrumb\":{\"@id\":\"https:\\\/\\\/sitandheat.com\\\/product\\\/warmtekussen-teddy-rectangle\\\/#breadcrumb\"},\"inLanguage\":\"fr-FR\",\"potentialAction\":[{\"@type\":\"ReadAction\",\"target\":[\"https:\\\/\\\/sitandheat.com\\\/product\\\/warmtekussen-teddy-rectangle\\\/\"]}]},{\"@type\":\"ImageObject\",\"inLanguage\":\"fr-FR\",\"@id\":\"https:\\\/\\\/sitandheat.com\\\/product\\\/warmtekussen-teddy-rectangle\\\/#primaryimage\",\"url\":\"https:\\\/\\\/sitandheat.com\\\/wp-content\\\/uploads\\\/2023\\\/11\\\/HQ_Teddy_Voorkant_6040_Roze.webp\",\"contentUrl\":\"https:\\\/\\\/sitandheat.com\\\/wp-content\\\/uploads\\\/2023\\\/11\\\/HQ_Teddy_Voorkant_6040_Roze.webp\",\"width\":1200,\"height\":1200,\"caption\":\"Teddy Heated Cushion from Sit & Heat\"},{\"@type\":\"BreadcrumbList\",\"@id\":\"https:\\\/\\\/sitandheat.com\\\/product\\\/warmtekussen-teddy-rectangle\\\/#breadcrumb\",\"itemListElement\":[{\"@type\":\"ListItem\",\"position\":1,\"name\":\"Home\",\"item\":\"https:\\\/\\\/sitandheat.com\\\/\"},{\"@type\":\"ListItem\",\"position\":2,\"name\":\"Shop\",\"item\":\"https:\\\/\\\/sitandheat.com\\\/shop\\\/\"},{\"@type\":\"ListItem\",\"position\":3,\"name\":\"Teddy 60x40 cm\"}]},{\"@type\":\"WebSite\",\"@id\":\"https:\\\/\\\/sitandheat.com\\\/#website\",\"url\":\"https:\\\/\\\/sitandheat.com\\\/\",\"name\":\"Sit &amp; Heat\",\"description\":\"Slimme warmtekussens in jouw stijl\",\"publisher\":{\"@id\":\"https:\\\/\\\/sitandheat.com\\\/#organization\"},\"potentialAction\":[{\"@type\":\"SearchAction\",\"target\":{\"@type\":\"EntryPoint\",\"urlTemplate\":\"https:\\\/\\\/sitandheat.com\\\/?s={search_term_string}\"},\"query-input\":{\"@type\":\"PropertyValueSpecification\",\"valueRequired\":true,\"valueName\":\"search_term_string\"}}],\"inLanguage\":\"fr-FR\"},{\"@type\":\"Organization\",\"@id\":\"https:\\\/\\\/sitandheat.com\\\/#organization\",\"name\":\"Sit &amp; Heat\",\"url\":\"https:\\\/\\\/sitandheat.com\\\/\",\"logo\":{\"@type\":\"ImageObject\",\"inLanguage\":\"fr-FR\",\"@id\":\"https:\\\/\\\/sitandheat.com\\\/#\\\/schema\\\/logo\\\/image\\\/\",\"url\":\"https:\\\/\\\/sitandheat.com\\\/wp-content\\\/uploads\\\/2023\\\/11\\\/SH_LogoWit-1.svg\",\"contentUrl\":\"https:\\\/\\\/sitandheat.com\\\/wp-content\\\/uploads\\\/2023\\\/11\\\/SH_LogoWit-1.svg\",\"width\":\"1024\",\"height\":\"1024\",\"caption\":\"Sit &amp; Heat\"},\"image\":{\"@id\":\"https:\\\/\\\/sitandheat.com\\\/#\\\/schema\\\/logo\\\/image\\\/\"},\"sameAs\":[\"https:\\\/\\\/www.facebook.com\\\/SitandHeat\"]}]}<\/script>\n<!-- \/ Yoast SEO plugin. -->","yoast_head_json":{"title":"Sit &amp; Heat | Classic Coussin chauffant pour chaise - Teddy","description":"Blottissez-vous contre le coussin chauffant Teddy de Sit &amp; Heat. Une chaleur douce, rechargeable et sans fil. D\u00e9couvrez le confort avec Sit &amp; Heat.","robots":{"index":"index","follow":"follow","max-snippet":"max-snippet:-1","max-image-preview":"max-image-preview:large","max-video-preview":"max-video-preview:-1"},"canonical":"https:\/\/sitandheat.com\/fr\/produit\/coussin-thermique-teddy-rectangle\/","og_locale":"fr_FR","og_type":"article","og_title":"Sit & Heat | Klassiek Verwarmd Stoelkussen - Teddy","og_description":"Kruip lekker onderuit met het Teddy verwarmingskussen van Sit & Heat. Zachte, oplaadbare en snoerloze warmte. Ontdek de knusheid met Sit & Heat.","og_url":"https:\/\/sitandheat.com\/fr\/produit\/coussin-thermique-teddy-rectangle\/","og_site_name":"Sit &amp; Heat","article_publisher":"https:\/\/www.facebook.com\/SitandHeat","article_modified_time":"2026-03-28T16:01:59+00:00","og_image":[{"width":1200,"height":1200,"url":"https:\/\/sitandheat.com\/wp-content\/uploads\/2023\/11\/HQ_Teddy_Voorkant_6040_Roze.webp","type":"image\/webp"}],"twitter_card":"summary_large_image","twitter_misc":{"Dur\u00e9e de lecture estim\u00e9e":"1 minute"},"schema":{"@context":"https:\/\/schema.org","@graph":[{"@type":"WebPage","@id":"https:\/\/sitandheat.com\/product\/warmtekussen-teddy-rectangle\/","url":"https:\/\/sitandheat.com\/product\/warmtekussen-teddy-rectangle\/","name":"Sit &amp; Heat | Classic Coussin chauffant pour chaise - Teddy","isPartOf":{"@id":"https:\/\/sitandheat.com\/#website"},"primaryImageOfPage":{"@id":"https:\/\/sitandheat.com\/product\/warmtekussen-teddy-rectangle\/#primaryimage"},"image":{"@id":"https:\/\/sitandheat.com\/product\/warmtekussen-teddy-rectangle\/#primaryimage"},"thumbnailUrl":"https:\/\/sitandheat.com\/wp-content\/uploads\/2023\/11\/HQ_Teddy_Voorkant_6040_Roze.webp","datePublished":"2023-11-09T10:20:16+00:00","dateModified":"2026-03-28T16:01:59+00:00","description":"Blottissez-vous contre le coussin chauffant Teddy de Sit &amp; Heat. Une chaleur douce, rechargeable et sans fil. D\u00e9couvrez le confort avec Sit &amp; Heat.","breadcrumb":{"@id":"https:\/\/sitandheat.com\/product\/warmtekussen-teddy-rectangle\/#breadcrumb"},"inLanguage":"fr-FR","potentialAction":[{"@type":"ReadAction","target":["https:\/\/sitandheat.com\/product\/warmtekussen-teddy-rectangle\/"]}]},{"@type":"ImageObject","inLanguage":"fr-FR","@id":"https:\/\/sitandheat.com\/product\/warmtekussen-teddy-rectangle\/#primaryimage","url":"https:\/\/sitandheat.com\/wp-content\/uploads\/2023\/11\/HQ_Teddy_Voorkant_6040_Roze.webp","contentUrl":"https:\/\/sitandheat.com\/wp-content\/uploads\/2023\/11\/HQ_Teddy_Voorkant_6040_Roze.webp","width":1200,"height":1200,"caption":"Teddy Heated Cushion from Sit & Heat"},{"@type":"BreadcrumbList","@id":"https:\/\/sitandheat.com\/product\/warmtekussen-teddy-rectangle\/#breadcrumb","itemListElement":[{"@type":"ListItem","position":1,"name":"Home","item":"https:\/\/sitandheat.com\/"},{"@type":"ListItem","position":2,"name":"Shop","item":"https:\/\/sitandheat.com\/shop\/"},{"@type":"ListItem","position":3,"name":"Teddy 60x40 cm"}]},{"@type":"WebSite","@id":"https:\/\/sitandheat.com\/#website","url":"https:\/\/sitandheat.com\/","name":"S'asseoir et chauffer","description":"Des coussins chauffants intelligents dans votre style","publisher":{"@id":"https:\/\/sitandheat.com\/#organization"},"potentialAction":[{"@type":"SearchAction","target":{"@type":"EntryPoint","urlTemplate":"https:\/\/sitandheat.com\/?s={search_term_string}"},"query-input":{"@type":"PropertyValueSpecification","valueRequired":true,"valueName":"search_term_string"}}],"inLanguage":"fr-FR"},{"@type":"Organization","@id":"https:\/\/sitandheat.com\/#organization","name":"S'asseoir et chauffer","url":"https:\/\/sitandheat.com\/","logo":{"@type":"ImageObject","inLanguage":"fr-FR","@id":"https:\/\/sitandheat.com\/#\/schema\/logo\/image\/","url":"https:\/\/sitandheat.com\/wp-content\/uploads\/2023\/11\/SH_LogoWit-1.svg","contentUrl":"https:\/\/sitandheat.com\/wp-content\/uploads\/2023\/11\/SH_LogoWit-1.svg","width":"1024","height":"1024","caption":"Sit &amp; Heat"},"image":{"@id":"https:\/\/sitandheat.com\/#\/schema\/logo\/image\/"},"sameAs":["https:\/\/www.facebook.com\/SitandHeat"]}]}},"jetpack_sharing_enabled":true,"_links":{"self":[{"href":"https:\/\/sitandheat.com\/fr\/wp-json\/wp\/v2\/product\/514","targetHints":{"allow":["GET"]}}],"collection":[{"href":"https:\/\/sitandheat.com\/fr\/wp-json\/wp\/v2\/product"}],"about":[{"href":"https:\/\/sitandheat.com\/fr\/wp-json\/wp\/v2\/types\/product"}],"replies":[{"embeddable":true,"href":"https:\/\/sitandheat.com\/fr\/wp-json\/wp\/v2\/comments?post=514"}],"wp:featuredmedia":[{"embeddable":true,"href":"https:\/\/sitandheat.com\/fr\/wp-json\/wp\/v2\/media\/10261"}],"wp:attachment":[{"href":"https:\/\/sitandheat.com\/fr\/wp-json\/wp\/v2\/media?parent=514"}],"wp:term":[{"taxonomy":"product_brand","embeddable":true,"href":"https:\/\/sitandheat.com\/fr\/wp-json\/wp\/v2\/product_brand?post=514"},{"taxonomy":"product_cat","embeddable":true,"href":"https:\/\/sitandheat.com\/fr\/wp-json\/wp\/v2\/product_cat?post=514"},{"taxonomy":"product_tag","embeddable":true,"href":"https:\/\/sitandheat.com\/fr\/wp-json\/wp\/v2\/product_tag?post=514"}],"curies":[{"name":"wp","href":"https:\/\/api.w.org\/{rel}","templated":true}]}}