{"id":10460,"date":"2024-01-10T10:40:58","date_gmt":"2024-01-10T10:40:58","guid":{"rendered":"https:\/\/sitandheat.com\/?post_type=product&#038;p=10460"},"modified":"2024-01-16T12:59:37","modified_gmt":"2024-01-16T12:59:37","slug":"fond-heineken","status":"publish","type":"product","link":"https:\/\/sitandheat.com\/fr\/product\/bottom-heineken\/","title":{"rendered":"Fond Heineken"},"content":{"rendered":"<p>Notre coussin chauffant Bottom, fabriqu\u00e9 sur mesure et \u00e9conome en \u00e9nergie, fait passer vos canap\u00e9s d'ext\u00e9rieur \u00e0 un niveau sup\u00e9rieur. Une chaleur et un confort de premier ordre, sans \u00e9missions polluantes. Choisissez votre style dans notre configurateur pour qu'il soit vraiment le v\u00f4tre. Am\u00e9liorez votre exp\u00e9rience ext\u00e9rieure et rendez-la encore plus chaleureuse et agr\u00e9able gr\u00e2ce \u00e0 nos coussins chauffants Lounge. Le confort \u00e0 son meilleur avec Sit &amp; Heat.<\/p>","protected":false},"excerpt":{"rendered":"<p>Vous \u00eates dans l'environnement de visualisation. Sit &amp; Heat vous contactera d\u00e8s que la demande de votre gestionnaire de compte aura \u00e9t\u00e9 introduite. Nous ferons alors ensemble un choix judicieux pour votre entreprise.<\/p>\n<p>S'asseoir sur le Bottom : ce coussin de canap\u00e9 offre jusqu'\u00e0 trois si\u00e8ges chauffants. Le coussin se compose d'une zone d'assise chauff\u00e9e et est fabriqu\u00e9 sur mesure.<\/p>\n<p>Gr\u00e2ce \u00e0 la contribution de HEINEKEN, le logo de la marque est toujours visible sur le coussin du canap\u00e9.<\/p>","protected":false},"featured_media":10470,"comment_status":"open","ping_status":"closed","template":"","meta":{"_acf_changed":false,"content-type":"","inline_featured_image":false},"product_brand":[],"product_cat":[59],"product_tag":[],"class_list":{"0":"post-10460","1":"product","2":"type-product","3":"status-publish","4":"has-post-thumbnail","6":"product_cat-heineken","8":"first","9":"instock","10":"taxable","11":"shipping-taxable","12":"purchasable","13":"product-type-simple"},"acf":[],"yoast_head":"<!-- This site is optimized with the Yoast SEO plugin v27.3 - https:\/\/yoast.com\/product\/yoast-seo-wordpress\/ -->\n<title>Sit &amp; Heat | Warmtekussen Lounge Bottom Heineken<\/title>\n<meta name=\"description\" content=\"Geniet van een heerlijk warmtekussen Lounge Bottom Heineken voor op jouw bank. Voor thuis, in de tuin of op het terras. Om echt persoonlijk te verwarmen.\" \/>\n<meta name=\"robots\" content=\"index, follow, max-snippet:-1, max-image-preview:large, max-video-preview:-1\" \/>\n<link rel=\"canonical\" href=\"https:\/\/sitandheat.com\/fr\/produit\/fond-heineken\/\" \/>\n<meta property=\"og:locale\" content=\"fr_FR\" \/>\n<meta property=\"og:type\" content=\"article\" \/>\n<meta property=\"og:title\" content=\"Sit &amp; Heat | Warmtekussen Lounge Bottom Heineken\" \/>\n<meta property=\"og:description\" content=\"Geniet van een heerlijk warmtekussen Lounge Bottom Heineken voor op jouw bank. Voor thuis, in de tuin of op het terras. Om echt persoonlijk te verwarmen.\" \/>\n<meta property=\"og:url\" content=\"https:\/\/sitandheat.com\/fr\/produit\/fond-heineken\/\" \/>\n<meta property=\"og:site_name\" content=\"Sit &amp; Heat\" \/>\n<meta property=\"article:publisher\" content=\"https:\/\/www.facebook.com\/SitandHeat\" \/>\n<meta property=\"article:modified_time\" content=\"2024-01-16T12:59:37+00:00\" \/>\n<meta property=\"og:image\" content=\"https:\/\/sitandheat.com\/wp-content\/uploads\/2024\/01\/SitHeat_239A\u00a9JurriaanHuting-1.jpg\" \/>\n\t<meta property=\"og:image:width\" content=\"800\" \/>\n\t<meta property=\"og:image:height\" content=\"1200\" \/>\n\t<meta property=\"og:image:type\" content=\"image\/jpeg\" \/>\n<meta name=\"twitter:card\" content=\"summary_large_image\" \/>\n<meta name=\"twitter:label1\" content=\"Dur\u00e9e de lecture estim\u00e9e\" \/>\n\t<meta name=\"twitter:data1\" content=\"1 minute\" \/>\n<script type=\"application\/ld+json\" class=\"yoast-schema-graph\">{\"@context\":\"https:\\\/\\\/schema.org\",\"@graph\":[{\"@type\":\"WebPage\",\"@id\":\"https:\\\/\\\/sitandheat.com\\\/product\\\/bottom-heineken\\\/\",\"url\":\"https:\\\/\\\/sitandheat.com\\\/product\\\/bottom-heineken\\\/\",\"name\":\"Sit & Heat | Warmtekussen Lounge Bottom Heineken\",\"isPartOf\":{\"@id\":\"https:\\\/\\\/sitandheat.com\\\/#website\"},\"primaryImageOfPage\":{\"@id\":\"https:\\\/\\\/sitandheat.com\\\/product\\\/bottom-heineken\\\/#primaryimage\"},\"image\":{\"@id\":\"https:\\\/\\\/sitandheat.com\\\/product\\\/bottom-heineken\\\/#primaryimage\"},\"thumbnailUrl\":\"https:\\\/\\\/sitandheat.com\\\/wp-content\\\/uploads\\\/2024\\\/01\\\/SitHeat_239A\u00a9JurriaanHuting-1.jpg\",\"datePublished\":\"2024-01-10T10:40:58+00:00\",\"dateModified\":\"2024-01-16T12:59:37+00:00\",\"description\":\"Geniet van een heerlijk warmtekussen Lounge Bottom Heineken voor op jouw bank. Voor thuis, in de tuin of op het terras. Om echt persoonlijk te verwarmen.\",\"breadcrumb\":{\"@id\":\"https:\\\/\\\/sitandheat.com\\\/product\\\/bottom-heineken\\\/#breadcrumb\"},\"inLanguage\":\"fr-FR\",\"potentialAction\":[{\"@type\":\"ReadAction\",\"target\":[\"https:\\\/\\\/sitandheat.com\\\/product\\\/bottom-heineken\\\/\"]}]},{\"@type\":\"ImageObject\",\"inLanguage\":\"fr-FR\",\"@id\":\"https:\\\/\\\/sitandheat.com\\\/product\\\/bottom-heineken\\\/#primaryimage\",\"url\":\"https:\\\/\\\/sitandheat.com\\\/wp-content\\\/uploads\\\/2024\\\/01\\\/SitHeat_239A\u00a9JurriaanHuting-1.jpg\",\"contentUrl\":\"https:\\\/\\\/sitandheat.com\\\/wp-content\\\/uploads\\\/2024\\\/01\\\/SitHeat_239A\u00a9JurriaanHuting-1.jpg\",\"width\":800,\"height\":1200},{\"@type\":\"BreadcrumbList\",\"@id\":\"https:\\\/\\\/sitandheat.com\\\/product\\\/bottom-heineken\\\/#breadcrumb\",\"itemListElement\":[{\"@type\":\"ListItem\",\"position\":1,\"name\":\"Home\",\"item\":\"https:\\\/\\\/sitandheat.com\\\/\"},{\"@type\":\"ListItem\",\"position\":2,\"name\":\"Shop\",\"item\":\"https:\\\/\\\/sitandheat.com\\\/shop\\\/\"},{\"@type\":\"ListItem\",\"position\":3,\"name\":\"Bottom Heineken\"}]},{\"@type\":\"WebSite\",\"@id\":\"https:\\\/\\\/sitandheat.com\\\/#website\",\"url\":\"https:\\\/\\\/sitandheat.com\\\/\",\"name\":\"Sit &amp; Heat\",\"description\":\"Slimme warmtekussens in jouw stijl\",\"publisher\":{\"@id\":\"https:\\\/\\\/sitandheat.com\\\/#organization\"},\"potentialAction\":[{\"@type\":\"SearchAction\",\"target\":{\"@type\":\"EntryPoint\",\"urlTemplate\":\"https:\\\/\\\/sitandheat.com\\\/?s={search_term_string}\"},\"query-input\":{\"@type\":\"PropertyValueSpecification\",\"valueRequired\":true,\"valueName\":\"search_term_string\"}}],\"inLanguage\":\"fr-FR\"},{\"@type\":\"Organization\",\"@id\":\"https:\\\/\\\/sitandheat.com\\\/#organization\",\"name\":\"Sit &amp; Heat\",\"url\":\"https:\\\/\\\/sitandheat.com\\\/\",\"logo\":{\"@type\":\"ImageObject\",\"inLanguage\":\"fr-FR\",\"@id\":\"https:\\\/\\\/sitandheat.com\\\/#\\\/schema\\\/logo\\\/image\\\/\",\"url\":\"https:\\\/\\\/sitandheat.com\\\/wp-content\\\/uploads\\\/2023\\\/11\\\/SH_LogoWit-1.svg\",\"contentUrl\":\"https:\\\/\\\/sitandheat.com\\\/wp-content\\\/uploads\\\/2023\\\/11\\\/SH_LogoWit-1.svg\",\"width\":\"1024\",\"height\":\"1024\",\"caption\":\"Sit &amp; Heat\"},\"image\":{\"@id\":\"https:\\\/\\\/sitandheat.com\\\/#\\\/schema\\\/logo\\\/image\\\/\"},\"sameAs\":[\"https:\\\/\\\/www.facebook.com\\\/SitandHeat\"]}]}<\/script>\n<!-- \/ Yoast SEO plugin. -->","yoast_head_json":{"title":"Sit &amp; Heat | Coussin de chaleur Lounge Bottom Heineken","description":"Profitez d'un joli coussin de chaleur Lounge Bottom Heineken pour sur votre canap\u00e9. Pour la maison, le jardin ou la terrasse. Pour un v\u00e9ritable chauffage personnel.","robots":{"index":"index","follow":"follow","max-snippet":"max-snippet:-1","max-image-preview":"max-image-preview:large","max-video-preview":"max-video-preview:-1"},"canonical":"https:\/\/sitandheat.com\/fr\/produit\/fond-heineken\/","og_locale":"fr_FR","og_type":"article","og_title":"Sit & Heat | Warmtekussen Lounge Bottom Heineken","og_description":"Geniet van een heerlijk warmtekussen Lounge Bottom Heineken voor op jouw bank. Voor thuis, in de tuin of op het terras. Om echt persoonlijk te verwarmen.","og_url":"https:\/\/sitandheat.com\/fr\/produit\/fond-heineken\/","og_site_name":"Sit &amp; Heat","article_publisher":"https:\/\/www.facebook.com\/SitandHeat","article_modified_time":"2024-01-16T12:59:37+00:00","og_image":[{"width":800,"height":1200,"url":"https:\/\/sitandheat.com\/wp-content\/uploads\/2024\/01\/SitHeat_239A\u00a9JurriaanHuting-1.jpg","type":"image\/jpeg"}],"twitter_card":"summary_large_image","twitter_misc":{"Dur\u00e9e de lecture estim\u00e9e":"1 minute"},"schema":{"@context":"https:\/\/schema.org","@graph":[{"@type":"WebPage","@id":"https:\/\/sitandheat.com\/product\/bottom-heineken\/","url":"https:\/\/sitandheat.com\/product\/bottom-heineken\/","name":"Sit &amp; Heat | Coussin de chaleur Lounge Bottom Heineken","isPartOf":{"@id":"https:\/\/sitandheat.com\/#website"},"primaryImageOfPage":{"@id":"https:\/\/sitandheat.com\/product\/bottom-heineken\/#primaryimage"},"image":{"@id":"https:\/\/sitandheat.com\/product\/bottom-heineken\/#primaryimage"},"thumbnailUrl":"https:\/\/sitandheat.com\/wp-content\/uploads\/2024\/01\/SitHeat_239A\u00a9JurriaanHuting-1.jpg","datePublished":"2024-01-10T10:40:58+00:00","dateModified":"2024-01-16T12:59:37+00:00","description":"Profitez d'un joli coussin de chaleur Lounge Bottom Heineken pour sur votre canap\u00e9. Pour la maison, le jardin ou la terrasse. Pour un v\u00e9ritable chauffage personnel.","breadcrumb":{"@id":"https:\/\/sitandheat.com\/product\/bottom-heineken\/#breadcrumb"},"inLanguage":"fr-FR","potentialAction":[{"@type":"ReadAction","target":["https:\/\/sitandheat.com\/product\/bottom-heineken\/"]}]},{"@type":"ImageObject","inLanguage":"fr-FR","@id":"https:\/\/sitandheat.com\/product\/bottom-heineken\/#primaryimage","url":"https:\/\/sitandheat.com\/wp-content\/uploads\/2024\/01\/SitHeat_239A\u00a9JurriaanHuting-1.jpg","contentUrl":"https:\/\/sitandheat.com\/wp-content\/uploads\/2024\/01\/SitHeat_239A\u00a9JurriaanHuting-1.jpg","width":800,"height":1200},{"@type":"BreadcrumbList","@id":"https:\/\/sitandheat.com\/product\/bottom-heineken\/#breadcrumb","itemListElement":[{"@type":"ListItem","position":1,"name":"Home","item":"https:\/\/sitandheat.com\/"},{"@type":"ListItem","position":2,"name":"Shop","item":"https:\/\/sitandheat.com\/shop\/"},{"@type":"ListItem","position":3,"name":"Bottom Heineken"}]},{"@type":"WebSite","@id":"https:\/\/sitandheat.com\/#website","url":"https:\/\/sitandheat.com\/","name":"S'asseoir et chauffer","description":"Des coussins chauffants intelligents dans votre style","publisher":{"@id":"https:\/\/sitandheat.com\/#organization"},"potentialAction":[{"@type":"SearchAction","target":{"@type":"EntryPoint","urlTemplate":"https:\/\/sitandheat.com\/?s={search_term_string}"},"query-input":{"@type":"PropertyValueSpecification","valueRequired":true,"valueName":"search_term_string"}}],"inLanguage":"fr-FR"},{"@type":"Organization","@id":"https:\/\/sitandheat.com\/#organization","name":"S'asseoir et chauffer","url":"https:\/\/sitandheat.com\/","logo":{"@type":"ImageObject","inLanguage":"fr-FR","@id":"https:\/\/sitandheat.com\/#\/schema\/logo\/image\/","url":"https:\/\/sitandheat.com\/wp-content\/uploads\/2023\/11\/SH_LogoWit-1.svg","contentUrl":"https:\/\/sitandheat.com\/wp-content\/uploads\/2023\/11\/SH_LogoWit-1.svg","width":"1024","height":"1024","caption":"Sit &amp; Heat"},"image":{"@id":"https:\/\/sitandheat.com\/#\/schema\/logo\/image\/"},"sameAs":["https:\/\/www.facebook.com\/SitandHeat"]}]}},"jetpack_sharing_enabled":true,"_links":{"self":[{"href":"https:\/\/sitandheat.com\/fr\/wp-json\/wp\/v2\/product\/10460","targetHints":{"allow":["GET"]}}],"collection":[{"href":"https:\/\/sitandheat.com\/fr\/wp-json\/wp\/v2\/product"}],"about":[{"href":"https:\/\/sitandheat.com\/fr\/wp-json\/wp\/v2\/types\/product"}],"replies":[{"embeddable":true,"href":"https:\/\/sitandheat.com\/fr\/wp-json\/wp\/v2\/comments?post=10460"}],"wp:featuredmedia":[{"embeddable":true,"href":"https:\/\/sitandheat.com\/fr\/wp-json\/wp\/v2\/media\/10470"}],"wp:attachment":[{"href":"https:\/\/sitandheat.com\/fr\/wp-json\/wp\/v2\/media?parent=10460"}],"wp:term":[{"taxonomy":"product_brand","embeddable":true,"href":"https:\/\/sitandheat.com\/fr\/wp-json\/wp\/v2\/product_brand?post=10460"},{"taxonomy":"product_cat","embeddable":true,"href":"https:\/\/sitandheat.com\/fr\/wp-json\/wp\/v2\/product_cat?post=10460"},{"taxonomy":"product_tag","embeddable":true,"href":"https:\/\/sitandheat.com\/fr\/wp-json\/wp\/v2\/product_tag?post=10460"}],"curies":[{"name":"wp","href":"https:\/\/api.w.org\/{rel}","templated":true}]}}