{"id":9569,"date":"2023-11-10T07:46:26","date_gmt":"2023-11-10T07:46:26","guid":{"rendered":"https:\/\/sitandheat.com\/?page_id=9569"},"modified":"2023-11-10T07:46:27","modified_gmt":"2023-11-10T07:46:27","slug":"restauration","status":"publish","type":"page","link":"https:\/\/sitandheat.com\/fr\/horeca\/","title":{"rendered":"L'hospitalit\u00e9"},"content":{"rendered":"","protected":false},"excerpt":{"rendered":"","protected":false},"author":9,"featured_media":0,"parent":0,"menu_order":0,"comment_status":"closed","ping_status":"closed","template":"","meta":{"_acf_changed":false,"content-type":"","inline_featured_image":false,"footnotes":""},"class_list":["post-9569","page","type-page","status-publish","hentry"],"acf":[],"yoast_head":"<!-- This site is optimized with the Yoast SEO plugin v27.3 - https:\/\/yoast.com\/product\/yoast-seo-wordpress\/ -->\n<title>Sit &amp; Heat | Warmtekussens voor stoelen en banken voor Horeca<\/title>\n<meta name=\"description\" content=\"Shop energiebesparende stoelen &amp; kussens voor buitenverwarming in de horeca. Houd gasten warm op je terras met Sit &amp; Heat. Maak nu op maat.\" \/>\n<meta name=\"robots\" content=\"index, follow, max-snippet:-1, max-image-preview:large, max-video-preview:-1\" \/>\n<link rel=\"canonical\" href=\"https:\/\/sitandheat.com\/fr\/restauration\/\" \/>\n<meta property=\"og:locale\" content=\"fr_FR\" \/>\n<meta property=\"og:type\" content=\"article\" \/>\n<meta property=\"og:title\" content=\"Sit &amp; Heat | Warmtekussens voor stoelen en banken voor Horeca\" \/>\n<meta property=\"og:description\" content=\"Shop energiebesparende stoelen &amp; kussens voor buitenverwarming in de horeca. Houd gasten warm op je terras met Sit &amp; Heat. Maak nu op maat.\" \/>\n<meta property=\"og:url\" content=\"https:\/\/sitandheat.com\/fr\/restauration\/\" \/>\n<meta property=\"og:site_name\" content=\"Sit &amp; Heat\" \/>\n<meta property=\"article:publisher\" content=\"https:\/\/www.facebook.com\/SitandHeat\" \/>\n<meta property=\"article:modified_time\" content=\"2023-11-10T07:46:27+00:00\" \/>\n<meta property=\"og:image\" content=\"https:\/\/sitandheat.com\/wp-content\/uploads\/2023\/11\/SitHeat_106\u00a9JurriaanHuting-1-min-1-scaled.jpg\" \/>\n\t<meta property=\"og:image:width\" content=\"2560\" \/>\n\t<meta property=\"og:image:height\" content=\"1280\" \/>\n\t<meta property=\"og:image:type\" content=\"image\/jpeg\" \/>\n<meta name=\"twitter:card\" content=\"summary_large_image\" \/>\n<script type=\"application\/ld+json\" class=\"yoast-schema-graph\">{\"@context\":\"https:\\\/\\\/schema.org\",\"@graph\":[{\"@type\":\"WebPage\",\"@id\":\"https:\\\/\\\/sitandheat.com\\\/horeca\\\/\",\"url\":\"https:\\\/\\\/sitandheat.com\\\/horeca\\\/\",\"name\":\"Sit & Heat | Warmtekussens voor stoelen en banken voor Horeca\",\"isPartOf\":{\"@id\":\"https:\\\/\\\/sitandheat.com\\\/#website\"},\"datePublished\":\"2023-11-10T07:46:26+00:00\",\"dateModified\":\"2023-11-10T07:46:27+00:00\",\"description\":\"Shop energiebesparende stoelen & kussens voor buitenverwarming in de horeca. Houd gasten warm op je terras met Sit & Heat. Maak nu op maat.\",\"breadcrumb\":{\"@id\":\"https:\\\/\\\/sitandheat.com\\\/horeca\\\/#breadcrumb\"},\"inLanguage\":\"fr-FR\",\"potentialAction\":[{\"@type\":\"ReadAction\",\"target\":[\"https:\\\/\\\/sitandheat.com\\\/horeca\\\/\"]}]},{\"@type\":\"BreadcrumbList\",\"@id\":\"https:\\\/\\\/sitandheat.com\\\/horeca\\\/#breadcrumb\",\"itemListElement\":[{\"@type\":\"ListItem\",\"position\":1,\"name\":\"Home\",\"item\":\"https:\\\/\\\/sitandheat.com\\\/\"},{\"@type\":\"ListItem\",\"position\":2,\"name\":\"Horeca\"}]},{\"@type\":\"WebSite\",\"@id\":\"https:\\\/\\\/sitandheat.com\\\/#website\",\"url\":\"https:\\\/\\\/sitandheat.com\\\/\",\"name\":\"Sit &amp; Heat\",\"description\":\"Slimme warmtekussens in jouw stijl\",\"publisher\":{\"@id\":\"https:\\\/\\\/sitandheat.com\\\/#organization\"},\"potentialAction\":[{\"@type\":\"SearchAction\",\"target\":{\"@type\":\"EntryPoint\",\"urlTemplate\":\"https:\\\/\\\/sitandheat.com\\\/?s={search_term_string}\"},\"query-input\":{\"@type\":\"PropertyValueSpecification\",\"valueRequired\":true,\"valueName\":\"search_term_string\"}}],\"inLanguage\":\"fr-FR\"},{\"@type\":\"Organization\",\"@id\":\"https:\\\/\\\/sitandheat.com\\\/#organization\",\"name\":\"Sit &amp; Heat\",\"url\":\"https:\\\/\\\/sitandheat.com\\\/\",\"logo\":{\"@type\":\"ImageObject\",\"inLanguage\":\"fr-FR\",\"@id\":\"https:\\\/\\\/sitandheat.com\\\/#\\\/schema\\\/logo\\\/image\\\/\",\"url\":\"https:\\\/\\\/sitandheat.com\\\/wp-content\\\/uploads\\\/2023\\\/11\\\/SH_LogoWit-1.svg\",\"contentUrl\":\"https:\\\/\\\/sitandheat.com\\\/wp-content\\\/uploads\\\/2023\\\/11\\\/SH_LogoWit-1.svg\",\"width\":\"1024\",\"height\":\"1024\",\"caption\":\"Sit &amp; Heat\"},\"image\":{\"@id\":\"https:\\\/\\\/sitandheat.com\\\/#\\\/schema\\\/logo\\\/image\\\/\"},\"sameAs\":[\"https:\\\/\\\/www.facebook.com\\\/SitandHeat\"]}]}<\/script>\n<!-- \/ Yoast SEO plugin. -->","yoast_head_json":{"title":"Sit &amp; Heat | Coussins chauffants pour fauteuils et canap\u00e9s pour l'industrie h\u00f4teli\u00e8re","description":"Achetez des chaises et des coussins \u00e0 \u00e9conomie d'\u00e9nergie pour le chauffage ext\u00e9rieur dans le secteur de l'h\u00f4tellerie et de la restauration. Gardez vos invit\u00e9s au chaud sur votre terrasse avec Sit &amp; Heat. Fabriquer sur mesure maintenant.","robots":{"index":"index","follow":"follow","max-snippet":"max-snippet:-1","max-image-preview":"max-image-preview:large","max-video-preview":"max-video-preview:-1"},"canonical":"https:\/\/sitandheat.com\/fr\/restauration\/","og_locale":"fr_FR","og_type":"article","og_title":"Sit & Heat | Warmtekussens voor stoelen en banken voor Horeca","og_description":"Shop energiebesparende stoelen & kussens voor buitenverwarming in de horeca. Houd gasten warm op je terras met Sit & Heat. Maak nu op maat.","og_url":"https:\/\/sitandheat.com\/fr\/restauration\/","og_site_name":"Sit &amp; Heat","article_publisher":"https:\/\/www.facebook.com\/SitandHeat","article_modified_time":"2023-11-10T07:46:27+00:00","og_image":[{"width":2560,"height":1280,"url":"https:\/\/sitandheat.com\/wp-content\/uploads\/2023\/11\/SitHeat_106\u00a9JurriaanHuting-1-min-1-scaled.jpg","type":"image\/jpeg"}],"twitter_card":"summary_large_image","schema":{"@context":"https:\/\/schema.org","@graph":[{"@type":"WebPage","@id":"https:\/\/sitandheat.com\/horeca\/","url":"https:\/\/sitandheat.com\/horeca\/","name":"Sit &amp; Heat | Coussins chauffants pour fauteuils et canap\u00e9s pour l'industrie h\u00f4teli\u00e8re","isPartOf":{"@id":"https:\/\/sitandheat.com\/#website"},"datePublished":"2023-11-10T07:46:26+00:00","dateModified":"2023-11-10T07:46:27+00:00","description":"Achetez des chaises et des coussins \u00e0 \u00e9conomie d'\u00e9nergie pour le chauffage ext\u00e9rieur dans le secteur de l'h\u00f4tellerie et de la restauration. Gardez vos invit\u00e9s au chaud sur votre terrasse avec Sit &amp; Heat. Fabriquer sur mesure maintenant.","breadcrumb":{"@id":"https:\/\/sitandheat.com\/horeca\/#breadcrumb"},"inLanguage":"fr-FR","potentialAction":[{"@type":"ReadAction","target":["https:\/\/sitandheat.com\/horeca\/"]}]},{"@type":"BreadcrumbList","@id":"https:\/\/sitandheat.com\/horeca\/#breadcrumb","itemListElement":[{"@type":"ListItem","position":1,"name":"Home","item":"https:\/\/sitandheat.com\/"},{"@type":"ListItem","position":2,"name":"Horeca"}]},{"@type":"WebSite","@id":"https:\/\/sitandheat.com\/#website","url":"https:\/\/sitandheat.com\/","name":"S'asseoir et chauffer","description":"Des coussins chauffants intelligents dans votre style","publisher":{"@id":"https:\/\/sitandheat.com\/#organization"},"potentialAction":[{"@type":"SearchAction","target":{"@type":"EntryPoint","urlTemplate":"https:\/\/sitandheat.com\/?s={search_term_string}"},"query-input":{"@type":"PropertyValueSpecification","valueRequired":true,"valueName":"search_term_string"}}],"inLanguage":"fr-FR"},{"@type":"Organization","@id":"https:\/\/sitandheat.com\/#organization","name":"S'asseoir et chauffer","url":"https:\/\/sitandheat.com\/","logo":{"@type":"ImageObject","inLanguage":"fr-FR","@id":"https:\/\/sitandheat.com\/#\/schema\/logo\/image\/","url":"https:\/\/sitandheat.com\/wp-content\/uploads\/2023\/11\/SH_LogoWit-1.svg","contentUrl":"https:\/\/sitandheat.com\/wp-content\/uploads\/2023\/11\/SH_LogoWit-1.svg","width":"1024","height":"1024","caption":"Sit &amp; Heat"},"image":{"@id":"https:\/\/sitandheat.com\/#\/schema\/logo\/image\/"},"sameAs":["https:\/\/www.facebook.com\/SitandHeat"]}]}},"jetpack_sharing_enabled":true,"_links":{"self":[{"href":"https:\/\/sitandheat.com\/fr\/wp-json\/wp\/v2\/pages\/9569","targetHints":{"allow":["GET"]}}],"collection":[{"href":"https:\/\/sitandheat.com\/fr\/wp-json\/wp\/v2\/pages"}],"about":[{"href":"https:\/\/sitandheat.com\/fr\/wp-json\/wp\/v2\/types\/page"}],"author":[{"embeddable":true,"href":"https:\/\/sitandheat.com\/fr\/wp-json\/wp\/v2\/users\/9"}],"replies":[{"embeddable":true,"href":"https:\/\/sitandheat.com\/fr\/wp-json\/wp\/v2\/comments?post=9569"}],"version-history":[{"count":1,"href":"https:\/\/sitandheat.com\/fr\/wp-json\/wp\/v2\/pages\/9569\/revisions"}],"predecessor-version":[{"id":9570,"href":"https:\/\/sitandheat.com\/fr\/wp-json\/wp\/v2\/pages\/9569\/revisions\/9570"}],"wp:attachment":[{"href":"https:\/\/sitandheat.com\/fr\/wp-json\/wp\/v2\/media?parent=9569"}],"curies":[{"name":"wp","href":"https:\/\/api.w.org\/{rel}","templated":true}]}}