{"id":13986,"date":"2024-08-28T07:31:28","date_gmt":"2024-08-28T07:31:28","guid":{"rendered":"https:\/\/sitandheat.com\/?page_id=13986"},"modified":"2024-08-28T07:31:29","modified_gmt":"2024-08-28T07:31:29","slug":"merci-de-votre-attention","status":"publish","type":"page","link":"https:\/\/sitandheat.com\/fr\/energy-savings-calculator\/bedankt\/","title":{"rendered":"Calculateur d'\u00e9conomies d'\u00e9nergie - Merci"},"content":{"rendered":"","protected":false},"excerpt":{"rendered":"","protected":false},"author":9,"featured_media":13225,"parent":13982,"menu_order":0,"comment_status":"closed","ping_status":"closed","template":"","meta":{"_acf_changed":false,"content-type":"","inline_featured_image":false,"footnotes":""},"class_list":["post-13986","page","type-page","status-publish","has-post-thumbnail","hentry"],"acf":[],"yoast_head":"<!-- This site is optimized with the Yoast SEO plugin v27.3 - https:\/\/yoast.com\/product\/yoast-seo-wordpress\/ -->\n<title>Sit &amp; Heat | Bedankt voor je bericht<\/title>\n<meta name=\"description\" content=\"Bedankt voor uw bericht! Ons team neemt snel contact met u op. Ontdek meer over energiezuinige verwarmingsoplossingen bij Sit &amp; Heat.\" \/>\n<meta name=\"robots\" content=\"index, follow, max-snippet:-1, max-image-preview:large, max-video-preview:-1\" \/>\n<link rel=\"canonical\" href=\"https:\/\/sitandheat.com\/fr\/calculateur-deconomies-denergie\/merci-de-votre-attention\/\" \/>\n<meta property=\"og:locale\" content=\"fr_FR\" \/>\n<meta property=\"og:type\" content=\"article\" \/>\n<meta property=\"og:title\" content=\"Sit &amp; Heat | Bedankt voor je bericht\" \/>\n<meta property=\"og:description\" content=\"Bedankt voor uw bericht! Ons team neemt snel contact met u op. Ontdek meer over energiezuinige verwarmingsoplossingen bij Sit &amp; Heat.\" \/>\n<meta property=\"og:url\" content=\"https:\/\/sitandheat.com\/fr\/calculateur-deconomies-denergie\/merci-de-votre-attention\/\" \/>\n<meta property=\"og:site_name\" content=\"Sit &amp; Heat\" \/>\n<meta property=\"article:publisher\" content=\"https:\/\/www.facebook.com\/SitandHeat\" \/>\n<meta property=\"article:modified_time\" content=\"2024-08-28T07:31:29+00:00\" \/>\n<meta property=\"og:image\" content=\"https:\/\/sitandheat.com\/wp-content\/uploads\/2024\/03\/Sit-Heat-hospitality-heating.webp\" \/>\n\t<meta property=\"og:image:width\" content=\"1400\" \/>\n\t<meta property=\"og:image:height\" content=\"933\" \/>\n\t<meta property=\"og:image:type\" content=\"image\/webp\" \/>\n<meta name=\"twitter:card\" content=\"summary_large_image\" \/>\n<meta name=\"twitter:label1\" content=\"Dur\u00e9e de lecture estim\u00e9e\" \/>\n\t<meta name=\"twitter:data1\" content=\"1 minute\" \/>\n<script type=\"application\/ld+json\" class=\"yoast-schema-graph\">{\"@context\":\"https:\\\/\\\/schema.org\",\"@graph\":[{\"@type\":\"WebPage\",\"@id\":\"https:\\\/\\\/sitandheat.com\\\/energy-savings-calculator\\\/bedankt\\\/\",\"url\":\"https:\\\/\\\/sitandheat.com\\\/energy-savings-calculator\\\/bedankt\\\/\",\"name\":\"Sit & Heat | Bedankt voor je bericht\",\"isPartOf\":{\"@id\":\"https:\\\/\\\/sitandheat.com\\\/#website\"},\"primaryImageOfPage\":{\"@id\":\"https:\\\/\\\/sitandheat.com\\\/energy-savings-calculator\\\/bedankt\\\/#primaryimage\"},\"image\":{\"@id\":\"https:\\\/\\\/sitandheat.com\\\/energy-savings-calculator\\\/bedankt\\\/#primaryimage\"},\"thumbnailUrl\":\"https:\\\/\\\/sitandheat.com\\\/wp-content\\\/uploads\\\/2024\\\/03\\\/Sit-Heat-hospitality-heating.webp\",\"datePublished\":\"2024-08-28T07:31:28+00:00\",\"dateModified\":\"2024-08-28T07:31:29+00:00\",\"description\":\"Bedankt voor uw bericht! Ons team neemt snel contact met u op. Ontdek meer over energiezuinige verwarmingsoplossingen bij Sit & Heat.\",\"breadcrumb\":{\"@id\":\"https:\\\/\\\/sitandheat.com\\\/energy-savings-calculator\\\/bedankt\\\/#breadcrumb\"},\"inLanguage\":\"fr-FR\",\"potentialAction\":[{\"@type\":\"ReadAction\",\"target\":[\"https:\\\/\\\/sitandheat.com\\\/energy-savings-calculator\\\/bedankt\\\/\"]}]},{\"@type\":\"ImageObject\",\"inLanguage\":\"fr-FR\",\"@id\":\"https:\\\/\\\/sitandheat.com\\\/energy-savings-calculator\\\/bedankt\\\/#primaryimage\",\"url\":\"https:\\\/\\\/sitandheat.com\\\/wp-content\\\/uploads\\\/2024\\\/03\\\/Sit-Heat-hospitality-heating.webp\",\"contentUrl\":\"https:\\\/\\\/sitandheat.com\\\/wp-content\\\/uploads\\\/2024\\\/03\\\/Sit-Heat-hospitality-heating.webp\",\"width\":1400,\"height\":933,\"caption\":\"Sit & Heat hospitality heated seating\"},{\"@type\":\"BreadcrumbList\",\"@id\":\"https:\\\/\\\/sitandheat.com\\\/energy-savings-calculator\\\/bedankt\\\/#breadcrumb\",\"itemListElement\":[{\"@type\":\"ListItem\",\"position\":1,\"name\":\"Home\",\"item\":\"https:\\\/\\\/sitandheat.com\\\/\"},{\"@type\":\"ListItem\",\"position\":2,\"name\":\"Energy Savings Calculator\",\"item\":\"https:\\\/\\\/sitandheat.com\\\/energy-savings-calculator\\\/\"},{\"@type\":\"ListItem\",\"position\":3,\"name\":\"Energy Savings Calculator &#8211; Bedankt\"}]},{\"@type\":\"WebSite\",\"@id\":\"https:\\\/\\\/sitandheat.com\\\/#website\",\"url\":\"https:\\\/\\\/sitandheat.com\\\/\",\"name\":\"Sit &amp; Heat\",\"description\":\"Slimme warmtekussens in jouw stijl\",\"publisher\":{\"@id\":\"https:\\\/\\\/sitandheat.com\\\/#organization\"},\"potentialAction\":[{\"@type\":\"SearchAction\",\"target\":{\"@type\":\"EntryPoint\",\"urlTemplate\":\"https:\\\/\\\/sitandheat.com\\\/?s={search_term_string}\"},\"query-input\":{\"@type\":\"PropertyValueSpecification\",\"valueRequired\":true,\"valueName\":\"search_term_string\"}}],\"inLanguage\":\"fr-FR\"},{\"@type\":\"Organization\",\"@id\":\"https:\\\/\\\/sitandheat.com\\\/#organization\",\"name\":\"Sit &amp; Heat\",\"url\":\"https:\\\/\\\/sitandheat.com\\\/\",\"logo\":{\"@type\":\"ImageObject\",\"inLanguage\":\"fr-FR\",\"@id\":\"https:\\\/\\\/sitandheat.com\\\/#\\\/schema\\\/logo\\\/image\\\/\",\"url\":\"https:\\\/\\\/sitandheat.com\\\/wp-content\\\/uploads\\\/2023\\\/11\\\/SH_LogoWit-1.svg\",\"contentUrl\":\"https:\\\/\\\/sitandheat.com\\\/wp-content\\\/uploads\\\/2023\\\/11\\\/SH_LogoWit-1.svg\",\"width\":\"1024\",\"height\":\"1024\",\"caption\":\"Sit &amp; Heat\"},\"image\":{\"@id\":\"https:\\\/\\\/sitandheat.com\\\/#\\\/schema\\\/logo\\\/image\\\/\"},\"sameAs\":[\"https:\\\/\\\/www.facebook.com\\\/SitandHeat\"]}]}<\/script>\n<!-- \/ Yoast SEO plugin. -->","yoast_head_json":{"title":"Sit &amp; Heat | merci pour votre message","description":"Merci pour votre message ! Notre \u00e9quipe vous recontactera rapidement. Pour en savoir plus sur les solutions de chauffage \u00e0 haut rendement \u00e9nerg\u00e9tique, consultez Sit &amp; Heat.","robots":{"index":"index","follow":"follow","max-snippet":"max-snippet:-1","max-image-preview":"max-image-preview:large","max-video-preview":"max-video-preview:-1"},"canonical":"https:\/\/sitandheat.com\/fr\/calculateur-deconomies-denergie\/merci-de-votre-attention\/","og_locale":"fr_FR","og_type":"article","og_title":"Sit & Heat | Bedankt voor je bericht","og_description":"Bedankt voor uw bericht! Ons team neemt snel contact met u op. Ontdek meer over energiezuinige verwarmingsoplossingen bij Sit & Heat.","og_url":"https:\/\/sitandheat.com\/fr\/calculateur-deconomies-denergie\/merci-de-votre-attention\/","og_site_name":"Sit &amp; Heat","article_publisher":"https:\/\/www.facebook.com\/SitandHeat","article_modified_time":"2024-08-28T07:31:29+00:00","og_image":[{"width":1400,"height":933,"url":"https:\/\/sitandheat.com\/wp-content\/uploads\/2024\/03\/Sit-Heat-hospitality-heating.webp","type":"image\/webp"}],"twitter_card":"summary_large_image","twitter_misc":{"Dur\u00e9e de lecture estim\u00e9e":"1 minute"},"schema":{"@context":"https:\/\/schema.org","@graph":[{"@type":"WebPage","@id":"https:\/\/sitandheat.com\/energy-savings-calculator\/bedankt\/","url":"https:\/\/sitandheat.com\/energy-savings-calculator\/bedankt\/","name":"Sit &amp; Heat | merci pour votre message","isPartOf":{"@id":"https:\/\/sitandheat.com\/#website"},"primaryImageOfPage":{"@id":"https:\/\/sitandheat.com\/energy-savings-calculator\/bedankt\/#primaryimage"},"image":{"@id":"https:\/\/sitandheat.com\/energy-savings-calculator\/bedankt\/#primaryimage"},"thumbnailUrl":"https:\/\/sitandheat.com\/wp-content\/uploads\/2024\/03\/Sit-Heat-hospitality-heating.webp","datePublished":"2024-08-28T07:31:28+00:00","dateModified":"2024-08-28T07:31:29+00:00","description":"Merci pour votre message ! Notre \u00e9quipe vous recontactera rapidement. Pour en savoir plus sur les solutions de chauffage \u00e0 haut rendement \u00e9nerg\u00e9tique, consultez Sit &amp; Heat.","breadcrumb":{"@id":"https:\/\/sitandheat.com\/energy-savings-calculator\/bedankt\/#breadcrumb"},"inLanguage":"fr-FR","potentialAction":[{"@type":"ReadAction","target":["https:\/\/sitandheat.com\/energy-savings-calculator\/bedankt\/"]}]},{"@type":"ImageObject","inLanguage":"fr-FR","@id":"https:\/\/sitandheat.com\/energy-savings-calculator\/bedankt\/#primaryimage","url":"https:\/\/sitandheat.com\/wp-content\/uploads\/2024\/03\/Sit-Heat-hospitality-heating.webp","contentUrl":"https:\/\/sitandheat.com\/wp-content\/uploads\/2024\/03\/Sit-Heat-hospitality-heating.webp","width":1400,"height":933,"caption":"Sit & Heat hospitality heated seating"},{"@type":"BreadcrumbList","@id":"https:\/\/sitandheat.com\/energy-savings-calculator\/bedankt\/#breadcrumb","itemListElement":[{"@type":"ListItem","position":1,"name":"Home","item":"https:\/\/sitandheat.com\/"},{"@type":"ListItem","position":2,"name":"Energy Savings Calculator","item":"https:\/\/sitandheat.com\/energy-savings-calculator\/"},{"@type":"ListItem","position":3,"name":"Energy Savings Calculator &#8211; Bedankt"}]},{"@type":"WebSite","@id":"https:\/\/sitandheat.com\/#website","url":"https:\/\/sitandheat.com\/","name":"S'asseoir et chauffer","description":"Des coussins chauffants intelligents dans votre style","publisher":{"@id":"https:\/\/sitandheat.com\/#organization"},"potentialAction":[{"@type":"SearchAction","target":{"@type":"EntryPoint","urlTemplate":"https:\/\/sitandheat.com\/?s={search_term_string}"},"query-input":{"@type":"PropertyValueSpecification","valueRequired":true,"valueName":"search_term_string"}}],"inLanguage":"fr-FR"},{"@type":"Organization","@id":"https:\/\/sitandheat.com\/#organization","name":"S'asseoir et chauffer","url":"https:\/\/sitandheat.com\/","logo":{"@type":"ImageObject","inLanguage":"fr-FR","@id":"https:\/\/sitandheat.com\/#\/schema\/logo\/image\/","url":"https:\/\/sitandheat.com\/wp-content\/uploads\/2023\/11\/SH_LogoWit-1.svg","contentUrl":"https:\/\/sitandheat.com\/wp-content\/uploads\/2023\/11\/SH_LogoWit-1.svg","width":"1024","height":"1024","caption":"Sit &amp; Heat"},"image":{"@id":"https:\/\/sitandheat.com\/#\/schema\/logo\/image\/"},"sameAs":["https:\/\/www.facebook.com\/SitandHeat"]}]}},"jetpack_sharing_enabled":true,"_links":{"self":[{"href":"https:\/\/sitandheat.com\/fr\/wp-json\/wp\/v2\/pages\/13986","targetHints":{"allow":["GET"]}}],"collection":[{"href":"https:\/\/sitandheat.com\/fr\/wp-json\/wp\/v2\/pages"}],"about":[{"href":"https:\/\/sitandheat.com\/fr\/wp-json\/wp\/v2\/types\/page"}],"author":[{"embeddable":true,"href":"https:\/\/sitandheat.com\/fr\/wp-json\/wp\/v2\/users\/9"}],"replies":[{"embeddable":true,"href":"https:\/\/sitandheat.com\/fr\/wp-json\/wp\/v2\/comments?post=13986"}],"version-history":[{"count":1,"href":"https:\/\/sitandheat.com\/fr\/wp-json\/wp\/v2\/pages\/13986\/revisions"}],"predecessor-version":[{"id":13987,"href":"https:\/\/sitandheat.com\/fr\/wp-json\/wp\/v2\/pages\/13986\/revisions\/13987"}],"up":[{"embeddable":true,"href":"https:\/\/sitandheat.com\/fr\/wp-json\/wp\/v2\/pages\/13982"}],"wp:featuredmedia":[{"embeddable":true,"href":"https:\/\/sitandheat.com\/fr\/wp-json\/wp\/v2\/media\/13225"}],"wp:attachment":[{"href":"https:\/\/sitandheat.com\/fr\/wp-json\/wp\/v2\/media?parent=13986"}],"curies":[{"name":"wp","href":"https:\/\/api.w.org\/{rel}","templated":true}]}}