{"id":13514,"date":"2024-05-23T06:09:47","date_gmt":"2024-05-23T06:09:47","guid":{"rendered":"https:\/\/sitandheat.com\/?page_id=13514"},"modified":"2024-07-26T05:11:02","modified_gmt":"2024-07-26T05:11:02","slug":"lookbook","status":"publish","type":"page","link":"https:\/\/sitandheat.com\/fr\/lookbook\/","title":{"rendered":"Lookbook"},"content":{"rendered":"","protected":false},"excerpt":{"rendered":"","protected":false},"author":9,"featured_media":13903,"parent":0,"menu_order":0,"comment_status":"closed","ping_status":"closed","template":"","meta":{"_acf_changed":false,"content-type":"","inline_featured_image":false,"footnotes":""},"class_list":["post-13514","page","type-page","status-publish","has-post-thumbnail","hentry"],"acf":[],"yoast_head":"<!-- This site is optimized with the Yoast SEO plugin v27.3 - https:\/\/yoast.com\/product\/yoast-seo-wordpress\/ -->\n<title>Sit &amp; Heat | Download de Lookbook 2024<\/title>\n<meta name=\"description\" content=\"Ons nieuwste Lookbook toont producten die perfect passen bij horeca, sport, werkplekken, kerken en meer. Laat je inspireren door voorbeelden en reviews, en ontdek hoe we stijl, betaalbaarheid en duurzaamheid combineren.\" \/>\n<meta name=\"robots\" content=\"index, follow, max-snippet:-1, max-image-preview:large, max-video-preview:-1\" \/>\n<link rel=\"canonical\" href=\"https:\/\/sitandheat.com\/fr\/lookbook\/\" \/>\n<meta property=\"og:locale\" content=\"fr_FR\" \/>\n<meta property=\"og:type\" content=\"article\" \/>\n<meta property=\"og:title\" content=\"Sit &amp; Heat | Download de Lookbook 2024\" \/>\n<meta property=\"og:description\" content=\"Ons nieuwste Lookbook toont producten die perfect passen bij horeca, sport, werkplekken, kerken en meer. Laat je inspireren door voorbeelden en reviews, en ontdek hoe we stijl, betaalbaarheid en duurzaamheid combineren.\" \/>\n<meta property=\"og:url\" content=\"https:\/\/sitandheat.com\/fr\/lookbook\/\" \/>\n<meta property=\"og:site_name\" content=\"Sit &amp; Heat\" \/>\n<meta property=\"article:publisher\" content=\"https:\/\/www.facebook.com\/SitandHeat\" \/>\n<meta property=\"article:modified_time\" content=\"2024-07-26T05:11:02+00:00\" \/>\n<meta property=\"og:image\" content=\"https:\/\/sitandheat.com\/wp-content\/uploads\/2024\/07\/lookbook-thumbnail.jpg\" \/>\n\t<meta property=\"og:image:width\" content=\"1200\" \/>\n\t<meta property=\"og:image:height\" content=\"624\" \/>\n\t<meta property=\"og:image:type\" content=\"image\/jpeg\" \/>\n<meta name=\"twitter:card\" content=\"summary_large_image\" \/>\n<meta name=\"twitter:label1\" content=\"Dur\u00e9e de lecture estim\u00e9e\" \/>\n\t<meta name=\"twitter:data1\" content=\"1 minute\" \/>\n<script type=\"application\/ld+json\" class=\"yoast-schema-graph\">{\"@context\":\"https:\\\/\\\/schema.org\",\"@graph\":[{\"@type\":\"WebPage\",\"@id\":\"https:\\\/\\\/sitandheat.com\\\/lookbook\\\/\",\"url\":\"https:\\\/\\\/sitandheat.com\\\/lookbook\\\/\",\"name\":\"Sit & Heat | Download de Lookbook 2024\",\"isPartOf\":{\"@id\":\"https:\\\/\\\/sitandheat.com\\\/#website\"},\"primaryImageOfPage\":{\"@id\":\"https:\\\/\\\/sitandheat.com\\\/lookbook\\\/#primaryimage\"},\"image\":{\"@id\":\"https:\\\/\\\/sitandheat.com\\\/lookbook\\\/#primaryimage\"},\"thumbnailUrl\":\"https:\\\/\\\/sitandheat.com\\\/wp-content\\\/uploads\\\/2024\\\/07\\\/lookbook-thumbnail.jpg\",\"datePublished\":\"2024-05-23T06:09:47+00:00\",\"dateModified\":\"2024-07-26T05:11:02+00:00\",\"description\":\"Ons nieuwste Lookbook toont producten die perfect passen bij horeca, sport, werkplekken, kerken en meer. Laat je inspireren door voorbeelden en reviews, en ontdek hoe we stijl, betaalbaarheid en duurzaamheid combineren.\",\"breadcrumb\":{\"@id\":\"https:\\\/\\\/sitandheat.com\\\/lookbook\\\/#breadcrumb\"},\"inLanguage\":\"fr-FR\",\"potentialAction\":[{\"@type\":\"ReadAction\",\"target\":[\"https:\\\/\\\/sitandheat.com\\\/lookbook\\\/\"]}]},{\"@type\":\"ImageObject\",\"inLanguage\":\"fr-FR\",\"@id\":\"https:\\\/\\\/sitandheat.com\\\/lookbook\\\/#primaryimage\",\"url\":\"https:\\\/\\\/sitandheat.com\\\/wp-content\\\/uploads\\\/2024\\\/07\\\/lookbook-thumbnail.jpg\",\"contentUrl\":\"https:\\\/\\\/sitandheat.com\\\/wp-content\\\/uploads\\\/2024\\\/07\\\/lookbook-thumbnail.jpg\",\"width\":1200,\"height\":624},{\"@type\":\"BreadcrumbList\",\"@id\":\"https:\\\/\\\/sitandheat.com\\\/lookbook\\\/#breadcrumb\",\"itemListElement\":[{\"@type\":\"ListItem\",\"position\":1,\"name\":\"Home\",\"item\":\"https:\\\/\\\/sitandheat.com\\\/\"},{\"@type\":\"ListItem\",\"position\":2,\"name\":\"Lookbook\"}]},{\"@type\":\"WebSite\",\"@id\":\"https:\\\/\\\/sitandheat.com\\\/#website\",\"url\":\"https:\\\/\\\/sitandheat.com\\\/\",\"name\":\"Sit &amp; Heat\",\"description\":\"Slimme warmtekussens in jouw stijl\",\"publisher\":{\"@id\":\"https:\\\/\\\/sitandheat.com\\\/#organization\"},\"potentialAction\":[{\"@type\":\"SearchAction\",\"target\":{\"@type\":\"EntryPoint\",\"urlTemplate\":\"https:\\\/\\\/sitandheat.com\\\/?s={search_term_string}\"},\"query-input\":{\"@type\":\"PropertyValueSpecification\",\"valueRequired\":true,\"valueName\":\"search_term_string\"}}],\"inLanguage\":\"fr-FR\"},{\"@type\":\"Organization\",\"@id\":\"https:\\\/\\\/sitandheat.com\\\/#organization\",\"name\":\"Sit &amp; Heat\",\"url\":\"https:\\\/\\\/sitandheat.com\\\/\",\"logo\":{\"@type\":\"ImageObject\",\"inLanguage\":\"fr-FR\",\"@id\":\"https:\\\/\\\/sitandheat.com\\\/#\\\/schema\\\/logo\\\/image\\\/\",\"url\":\"https:\\\/\\\/sitandheat.com\\\/wp-content\\\/uploads\\\/2023\\\/11\\\/SH_LogoWit-1.svg\",\"contentUrl\":\"https:\\\/\\\/sitandheat.com\\\/wp-content\\\/uploads\\\/2023\\\/11\\\/SH_LogoWit-1.svg\",\"width\":\"1024\",\"height\":\"1024\",\"caption\":\"Sit &amp; Heat\"},\"image\":{\"@id\":\"https:\\\/\\\/sitandheat.com\\\/#\\\/schema\\\/logo\\\/image\\\/\"},\"sameAs\":[\"https:\\\/\\\/www.facebook.com\\\/SitandHeat\"]}]}<\/script>\n<!-- \/ Yoast SEO plugin. -->","yoast_head_json":{"title":"Sit &amp; Heat | T\u00e9l\u00e9charger le Lookbook 2024","description":"Notre dernier Lookbook pr\u00e9sente des produits parfaits pour l'h\u00f4tellerie, le sport, les lieux de travail, les \u00e9glises et bien plus encore. Laissez-vous inspirer par les exemples et les commentaires, et d\u00e9couvrez comment nous combinons le style, l'accessibilit\u00e9 et la durabilit\u00e9.","robots":{"index":"index","follow":"follow","max-snippet":"max-snippet:-1","max-image-preview":"max-image-preview:large","max-video-preview":"max-video-preview:-1"},"canonical":"https:\/\/sitandheat.com\/fr\/lookbook\/","og_locale":"fr_FR","og_type":"article","og_title":"Sit & Heat | Download de Lookbook 2024","og_description":"Ons nieuwste Lookbook toont producten die perfect passen bij horeca, sport, werkplekken, kerken en meer. Laat je inspireren door voorbeelden en reviews, en ontdek hoe we stijl, betaalbaarheid en duurzaamheid combineren.","og_url":"https:\/\/sitandheat.com\/fr\/lookbook\/","og_site_name":"Sit &amp; Heat","article_publisher":"https:\/\/www.facebook.com\/SitandHeat","article_modified_time":"2024-07-26T05:11:02+00:00","og_image":[{"width":1200,"height":624,"url":"https:\/\/sitandheat.com\/wp-content\/uploads\/2024\/07\/lookbook-thumbnail.jpg","type":"image\/jpeg"}],"twitter_card":"summary_large_image","twitter_misc":{"Dur\u00e9e de lecture estim\u00e9e":"1 minute"},"schema":{"@context":"https:\/\/schema.org","@graph":[{"@type":"WebPage","@id":"https:\/\/sitandheat.com\/lookbook\/","url":"https:\/\/sitandheat.com\/lookbook\/","name":"Sit &amp; Heat | T\u00e9l\u00e9charger le Lookbook 2024","isPartOf":{"@id":"https:\/\/sitandheat.com\/#website"},"primaryImageOfPage":{"@id":"https:\/\/sitandheat.com\/lookbook\/#primaryimage"},"image":{"@id":"https:\/\/sitandheat.com\/lookbook\/#primaryimage"},"thumbnailUrl":"https:\/\/sitandheat.com\/wp-content\/uploads\/2024\/07\/lookbook-thumbnail.jpg","datePublished":"2024-05-23T06:09:47+00:00","dateModified":"2024-07-26T05:11:02+00:00","description":"Notre dernier Lookbook pr\u00e9sente des produits parfaits pour l'h\u00f4tellerie, le sport, les lieux de travail, les \u00e9glises et bien plus encore. Laissez-vous inspirer par les exemples et les commentaires, et d\u00e9couvrez comment nous combinons le style, l'accessibilit\u00e9 et la durabilit\u00e9.","breadcrumb":{"@id":"https:\/\/sitandheat.com\/lookbook\/#breadcrumb"},"inLanguage":"fr-FR","potentialAction":[{"@type":"ReadAction","target":["https:\/\/sitandheat.com\/lookbook\/"]}]},{"@type":"ImageObject","inLanguage":"fr-FR","@id":"https:\/\/sitandheat.com\/lookbook\/#primaryimage","url":"https:\/\/sitandheat.com\/wp-content\/uploads\/2024\/07\/lookbook-thumbnail.jpg","contentUrl":"https:\/\/sitandheat.com\/wp-content\/uploads\/2024\/07\/lookbook-thumbnail.jpg","width":1200,"height":624},{"@type":"BreadcrumbList","@id":"https:\/\/sitandheat.com\/lookbook\/#breadcrumb","itemListElement":[{"@type":"ListItem","position":1,"name":"Home","item":"https:\/\/sitandheat.com\/"},{"@type":"ListItem","position":2,"name":"Lookbook"}]},{"@type":"WebSite","@id":"https:\/\/sitandheat.com\/#website","url":"https:\/\/sitandheat.com\/","name":"S'asseoir et chauffer","description":"Des coussins chauffants intelligents dans votre style","publisher":{"@id":"https:\/\/sitandheat.com\/#organization"},"potentialAction":[{"@type":"SearchAction","target":{"@type":"EntryPoint","urlTemplate":"https:\/\/sitandheat.com\/?s={search_term_string}"},"query-input":{"@type":"PropertyValueSpecification","valueRequired":true,"valueName":"search_term_string"}}],"inLanguage":"fr-FR"},{"@type":"Organization","@id":"https:\/\/sitandheat.com\/#organization","name":"S'asseoir et chauffer","url":"https:\/\/sitandheat.com\/","logo":{"@type":"ImageObject","inLanguage":"fr-FR","@id":"https:\/\/sitandheat.com\/#\/schema\/logo\/image\/","url":"https:\/\/sitandheat.com\/wp-content\/uploads\/2023\/11\/SH_LogoWit-1.svg","contentUrl":"https:\/\/sitandheat.com\/wp-content\/uploads\/2023\/11\/SH_LogoWit-1.svg","width":"1024","height":"1024","caption":"Sit &amp; Heat"},"image":{"@id":"https:\/\/sitandheat.com\/#\/schema\/logo\/image\/"},"sameAs":["https:\/\/www.facebook.com\/SitandHeat"]}]}},"jetpack_sharing_enabled":true,"_links":{"self":[{"href":"https:\/\/sitandheat.com\/fr\/wp-json\/wp\/v2\/pages\/13514","targetHints":{"allow":["GET"]}}],"collection":[{"href":"https:\/\/sitandheat.com\/fr\/wp-json\/wp\/v2\/pages"}],"about":[{"href":"https:\/\/sitandheat.com\/fr\/wp-json\/wp\/v2\/types\/page"}],"author":[{"embeddable":true,"href":"https:\/\/sitandheat.com\/fr\/wp-json\/wp\/v2\/users\/9"}],"replies":[{"embeddable":true,"href":"https:\/\/sitandheat.com\/fr\/wp-json\/wp\/v2\/comments?post=13514"}],"version-history":[{"count":2,"href":"https:\/\/sitandheat.com\/fr\/wp-json\/wp\/v2\/pages\/13514\/revisions"}],"predecessor-version":[{"id":14165,"href":"https:\/\/sitandheat.com\/fr\/wp-json\/wp\/v2\/pages\/13514\/revisions\/14165"}],"wp:featuredmedia":[{"embeddable":true,"href":"https:\/\/sitandheat.com\/fr\/wp-json\/wp\/v2\/media\/13903"}],"wp:attachment":[{"href":"https:\/\/sitandheat.com\/fr\/wp-json\/wp\/v2\/media?parent=13514"}],"curies":[{"name":"wp","href":"https:\/\/api.w.org\/{rel}","templated":true}]}}