{"id":13299,"date":"2024-04-02T11:55:07","date_gmt":"2024-04-02T11:55:07","guid":{"rendered":"https:\/\/sitandheat.com\/?page_id=13299"},"modified":"2024-04-02T11:58:50","modified_gmt":"2024-04-02T11:58:50","slug":"achat-paroissial","status":"publish","type":"page","link":"https:\/\/sitandheat.com\/fr\/parish-buying\/","title":{"rendered":"Achats paroissiaux"},"content":{"rendered":"","protected":false},"excerpt":{"rendered":"","protected":false},"author":10,"featured_media":0,"parent":0,"menu_order":0,"comment_status":"closed","ping_status":"closed","template":"","meta":{"_acf_changed":false,"content-type":"","inline_featured_image":false,"footnotes":""},"class_list":["post-13299","page","type-page","status-publish","hentry"],"acf":[],"yoast_head":"<!-- This site is optimized with the Yoast SEO plugin v27.6 - https:\/\/yoast.com\/product\/yoast-seo-wordpress\/ -->\n<title>Parish Buying - Sit &amp; Heat<\/title>\n<meta name=\"description\" content=\"Discover exclusive Sit &amp; Heat heating products for Parish Buying members. Benefit from energy-efficient warmth and comfort in your church with our wireless, rechargeable heated seating and heating cushions and pads.\" \/>\n<meta name=\"robots\" content=\"index, follow, max-snippet:-1, max-image-preview:large, max-video-preview:-1\" \/>\n<link rel=\"canonical\" href=\"https:\/\/sitandheat.com\/fr\/achat-paroissial\/\" \/>\n<meta property=\"og:locale\" content=\"fr_FR\" \/>\n<meta property=\"og:type\" content=\"article\" \/>\n<meta property=\"og:title\" content=\"Parish Buying - Sit &amp; Heat\" \/>\n<meta property=\"og:description\" content=\"Discover exclusive Sit &amp; Heat heating products for Parish Buying members. Benefit from energy-efficient warmth and comfort in your church with our wireless, rechargeable heated seating and heating cushions and pads.\" \/>\n<meta property=\"og:url\" content=\"https:\/\/sitandheat.com\/fr\/achat-paroissial\/\" \/>\n<meta property=\"og:site_name\" content=\"Sit &amp; Heat\" \/>\n<meta property=\"article:publisher\" content=\"https:\/\/www.facebook.com\/SitandHeat\" \/>\n<meta property=\"article:modified_time\" content=\"2024-04-02T11:58:50+00:00\" \/>\n<meta property=\"og:image\" content=\"https:\/\/sitandheat.com\/wp-content\/uploads\/2023\/11\/SitHeat_106\u00a9JurriaanHuting-1-min-1-scaled.jpg\" \/>\n\t<meta property=\"og:image:width\" content=\"2560\" \/>\n\t<meta property=\"og:image:height\" content=\"1280\" \/>\n\t<meta property=\"og:image:type\" content=\"image\/jpeg\" \/>\n<meta name=\"twitter:card\" content=\"summary_large_image\" \/>\n<meta name=\"twitter:label1\" content=\"Dur\u00e9e de lecture estim\u00e9e\" \/>\n\t<meta name=\"twitter:data1\" content=\"6 minutes\" \/>\n<script type=\"application\/ld+json\" class=\"yoast-schema-graph\">{\"@context\":\"https:\\\/\\\/schema.org\",\"@graph\":[{\"@type\":\"WebPage\",\"@id\":\"https:\\\/\\\/sitandheat.com\\\/parish-buying\\\/\",\"url\":\"https:\\\/\\\/sitandheat.com\\\/parish-buying\\\/\",\"name\":\"Parish Buying - Sit &amp; Heat\",\"isPartOf\":{\"@id\":\"https:\\\/\\\/sitandheat.com\\\/#website\"},\"datePublished\":\"2024-04-02T11:55:07+00:00\",\"dateModified\":\"2024-04-02T11:58:50+00:00\",\"description\":\"Discover exclusive Sit & Heat heating products for Parish Buying members. Benefit from energy-efficient warmth and comfort in your church with our wireless, rechargeable heated seating and heating cushions and pads.\",\"breadcrumb\":{\"@id\":\"https:\\\/\\\/sitandheat.com\\\/parish-buying\\\/#breadcrumb\"},\"inLanguage\":\"fr-FR\",\"potentialAction\":[{\"@type\":\"ReadAction\",\"target\":[\"https:\\\/\\\/sitandheat.com\\\/parish-buying\\\/\"]}]},{\"@type\":\"BreadcrumbList\",\"@id\":\"https:\\\/\\\/sitandheat.com\\\/parish-buying\\\/#breadcrumb\",\"itemListElement\":[{\"@type\":\"ListItem\",\"position\":1,\"name\":\"Home\",\"item\":\"https:\\\/\\\/sitandheat.com\\\/\"},{\"@type\":\"ListItem\",\"position\":2,\"name\":\"Parish Buying\"}]},{\"@type\":\"WebSite\",\"@id\":\"https:\\\/\\\/sitandheat.com\\\/#website\",\"url\":\"https:\\\/\\\/sitandheat.com\\\/\",\"name\":\"Sit &amp; Heat\",\"description\":\"Slimme warmtekussens in jouw stijl\",\"publisher\":{\"@id\":\"https:\\\/\\\/sitandheat.com\\\/#organization\"},\"potentialAction\":[{\"@type\":\"SearchAction\",\"target\":{\"@type\":\"EntryPoint\",\"urlTemplate\":\"https:\\\/\\\/sitandheat.com\\\/?s={search_term_string}\"},\"query-input\":{\"@type\":\"PropertyValueSpecification\",\"valueRequired\":true,\"valueName\":\"search_term_string\"}}],\"inLanguage\":\"fr-FR\"},{\"@type\":\"Organization\",\"@id\":\"https:\\\/\\\/sitandheat.com\\\/#organization\",\"name\":\"Sit &amp; Heat\",\"url\":\"https:\\\/\\\/sitandheat.com\\\/\",\"logo\":{\"@type\":\"ImageObject\",\"inLanguage\":\"fr-FR\",\"@id\":\"https:\\\/\\\/sitandheat.com\\\/#\\\/schema\\\/logo\\\/image\\\/\",\"url\":\"https:\\\/\\\/sitandheat.com\\\/wp-content\\\/uploads\\\/2023\\\/11\\\/SH_LogoWit-1.svg\",\"contentUrl\":\"https:\\\/\\\/sitandheat.com\\\/wp-content\\\/uploads\\\/2023\\\/11\\\/SH_LogoWit-1.svg\",\"width\":\"1024\",\"height\":\"1024\",\"caption\":\"Sit &amp; Heat\"},\"image\":{\"@id\":\"https:\\\/\\\/sitandheat.com\\\/#\\\/schema\\\/logo\\\/image\\\/\"},\"sameAs\":[\"https:\\\/\\\/www.facebook.com\\\/SitandHeat\"]}]}<\/script>\n<!-- \/ Yoast SEO plugin. -->","yoast_head_json":{"title":"Achat par la paroisse - Sit &amp; Heat","description":"D\u00e9couvrez les produits de chauffage Sit &amp; Heat exclusifs pour les membres de Parish Buying. B\u00e9n\u00e9ficiez d'une chaleur et d'un confort \u00e9nerg\u00e9tiquement efficaces dans votre \u00e9glise gr\u00e2ce \u00e0 nos si\u00e8ges chauffants sans fil et rechargeables, ainsi qu'\u00e0 nos coussins chauffants.","robots":{"index":"index","follow":"follow","max-snippet":"max-snippet:-1","max-image-preview":"max-image-preview:large","max-video-preview":"max-video-preview:-1"},"canonical":"https:\/\/sitandheat.com\/fr\/achat-paroissial\/","og_locale":"fr_FR","og_type":"article","og_title":"Parish Buying - Sit &amp; Heat","og_description":"Discover exclusive Sit & Heat heating products for Parish Buying members. Benefit from energy-efficient warmth and comfort in your church with our wireless, rechargeable heated seating and heating cushions and pads.","og_url":"https:\/\/sitandheat.com\/fr\/achat-paroissial\/","og_site_name":"Sit &amp; Heat","article_publisher":"https:\/\/www.facebook.com\/SitandHeat","article_modified_time":"2024-04-02T11:58:50+00:00","og_image":[{"width":2560,"height":1280,"url":"https:\/\/sitandheat.com\/wp-content\/uploads\/2023\/11\/SitHeat_106\u00a9JurriaanHuting-1-min-1-scaled.jpg","type":"image\/jpeg"}],"twitter_card":"summary_large_image","twitter_misc":{"Dur\u00e9e de lecture estim\u00e9e":"6 minutes"},"schema":{"@context":"https:\/\/schema.org","@graph":[{"@type":"WebPage","@id":"https:\/\/sitandheat.com\/parish-buying\/","url":"https:\/\/sitandheat.com\/parish-buying\/","name":"Achat par la paroisse - Sit &amp; Heat","isPartOf":{"@id":"https:\/\/sitandheat.com\/#website"},"datePublished":"2024-04-02T11:55:07+00:00","dateModified":"2024-04-02T11:58:50+00:00","description":"D\u00e9couvrez les produits de chauffage Sit &amp; Heat exclusifs pour les membres de Parish Buying. B\u00e9n\u00e9ficiez d'une chaleur et d'un confort \u00e9nerg\u00e9tiquement efficaces dans votre \u00e9glise gr\u00e2ce \u00e0 nos si\u00e8ges chauffants sans fil et rechargeables, ainsi qu'\u00e0 nos coussins chauffants.","breadcrumb":{"@id":"https:\/\/sitandheat.com\/parish-buying\/#breadcrumb"},"inLanguage":"fr-FR","potentialAction":[{"@type":"ReadAction","target":["https:\/\/sitandheat.com\/parish-buying\/"]}]},{"@type":"BreadcrumbList","@id":"https:\/\/sitandheat.com\/parish-buying\/#breadcrumb","itemListElement":[{"@type":"ListItem","position":1,"name":"Home","item":"https:\/\/sitandheat.com\/"},{"@type":"ListItem","position":2,"name":"Parish Buying"}]},{"@type":"WebSite","@id":"https:\/\/sitandheat.com\/#website","url":"https:\/\/sitandheat.com\/","name":"S'asseoir et chauffer","description":"Des coussins chauffants intelligents dans votre style","publisher":{"@id":"https:\/\/sitandheat.com\/#organization"},"potentialAction":[{"@type":"SearchAction","target":{"@type":"EntryPoint","urlTemplate":"https:\/\/sitandheat.com\/?s={search_term_string}"},"query-input":{"@type":"PropertyValueSpecification","valueRequired":true,"valueName":"search_term_string"}}],"inLanguage":"fr-FR"},{"@type":"Organization","@id":"https:\/\/sitandheat.com\/#organization","name":"S'asseoir et chauffer","url":"https:\/\/sitandheat.com\/","logo":{"@type":"ImageObject","inLanguage":"fr-FR","@id":"https:\/\/sitandheat.com\/#\/schema\/logo\/image\/","url":"https:\/\/sitandheat.com\/wp-content\/uploads\/2023\/11\/SH_LogoWit-1.svg","contentUrl":"https:\/\/sitandheat.com\/wp-content\/uploads\/2023\/11\/SH_LogoWit-1.svg","width":"1024","height":"1024","caption":"Sit &amp; Heat"},"image":{"@id":"https:\/\/sitandheat.com\/#\/schema\/logo\/image\/"},"sameAs":["https:\/\/www.facebook.com\/SitandHeat"]}]}},"jetpack_sharing_enabled":true,"_links":{"self":[{"href":"https:\/\/sitandheat.com\/fr\/wp-json\/wp\/v2\/pages\/13299","targetHints":{"allow":["GET"]}}],"collection":[{"href":"https:\/\/sitandheat.com\/fr\/wp-json\/wp\/v2\/pages"}],"about":[{"href":"https:\/\/sitandheat.com\/fr\/wp-json\/wp\/v2\/types\/page"}],"author":[{"embeddable":true,"href":"https:\/\/sitandheat.com\/fr\/wp-json\/wp\/v2\/users\/10"}],"replies":[{"embeddable":true,"href":"https:\/\/sitandheat.com\/fr\/wp-json\/wp\/v2\/comments?post=13299"}],"version-history":[{"count":2,"href":"https:\/\/sitandheat.com\/fr\/wp-json\/wp\/v2\/pages\/13299\/revisions"}],"predecessor-version":[{"id":13301,"href":"https:\/\/sitandheat.com\/fr\/wp-json\/wp\/v2\/pages\/13299\/revisions\/13301"}],"wp:attachment":[{"href":"https:\/\/sitandheat.com\/fr\/wp-json\/wp\/v2\/media?parent=13299"}],"curies":[{"name":"wp","href":"https:\/\/api.w.org\/{rel}","templated":true}]}}