{"id":10422,"date":"2024-01-05T14:30:31","date_gmt":"2024-01-05T14:30:31","guid":{"rendered":"https:\/\/sitandheat.com\/?page_id=10422"},"modified":"2024-01-05T14:31:15","modified_gmt":"2024-01-05T14:31:15","slug":"stockholm","status":"publish","type":"page","link":"https:\/\/sitandheat.com\/fr\/stockholm\/","title":{"rendered":"Stockholm"},"content":{"rendered":"","protected":false},"excerpt":{"rendered":"","protected":false},"author":9,"featured_media":0,"parent":0,"menu_order":0,"comment_status":"closed","ping_status":"closed","template":"","meta":{"_acf_changed":false,"content-type":"","inline_featured_image":false,"footnotes":""},"class_list":["post-10422","page","type-page","status-publish","hentry"],"acf":[],"yoast_head":"<!-- This site is optimized with the Yoast SEO plugin v27.3 - https:\/\/yoast.com\/product\/yoast-seo-wordpress\/ -->\n<title>Stockholm - Sit &amp; Heat<\/title>\n<meta name=\"description\" content=\"Ontdek Sit &amp; Heat in Stockholm! Ervaar energiezuinige verwarmingsoplossingen en duurzaam comfort. Bezoek onze locatie in de Zweedse hoofdstad.\" \/>\n<meta name=\"robots\" content=\"index, follow, max-snippet:-1, max-image-preview:large, max-video-preview:-1\" \/>\n<link rel=\"canonical\" href=\"https:\/\/sitandheat.com\/fr\/stockholm\/\" \/>\n<meta property=\"og:locale\" content=\"fr_FR\" \/>\n<meta property=\"og:type\" content=\"article\" \/>\n<meta property=\"og:title\" content=\"Stockholm - Sit &amp; Heat\" \/>\n<meta property=\"og:description\" content=\"Ontdek Sit &amp; Heat in Stockholm! Ervaar energiezuinige verwarmingsoplossingen en duurzaam comfort. Bezoek onze locatie in de Zweedse hoofdstad.\" \/>\n<meta property=\"og:url\" content=\"https:\/\/sitandheat.com\/fr\/stockholm\/\" \/>\n<meta property=\"og:site_name\" content=\"Sit &amp; Heat\" \/>\n<meta property=\"article:publisher\" content=\"https:\/\/www.facebook.com\/SitandHeat\" \/>\n<meta property=\"article:modified_time\" content=\"2024-01-05T14:31:15+00:00\" \/>\n<meta property=\"og:image\" content=\"https:\/\/sitandheat.com\/wp-content\/uploads\/2023\/11\/SitHeat_106\u00a9JurriaanHuting-1-min-1-scaled.jpg\" \/>\n\t<meta property=\"og:image:width\" content=\"2560\" \/>\n\t<meta property=\"og:image:height\" content=\"1280\" \/>\n\t<meta property=\"og:image:type\" content=\"image\/jpeg\" \/>\n<meta name=\"twitter:card\" content=\"summary_large_image\" \/>\n<script type=\"application\/ld+json\" class=\"yoast-schema-graph\">{\"@context\":\"https:\\\/\\\/schema.org\",\"@graph\":[{\"@type\":\"WebPage\",\"@id\":\"https:\\\/\\\/sitandheat.com\\\/stockholm\\\/\",\"url\":\"https:\\\/\\\/sitandheat.com\\\/stockholm\\\/\",\"name\":\"Stockholm - Sit &amp; Heat\",\"isPartOf\":{\"@id\":\"https:\\\/\\\/sitandheat.com\\\/#website\"},\"datePublished\":\"2024-01-05T14:30:31+00:00\",\"dateModified\":\"2024-01-05T14:31:15+00:00\",\"description\":\"Ontdek Sit & Heat in Stockholm! Ervaar energiezuinige verwarmingsoplossingen en duurzaam comfort. Bezoek onze locatie in de Zweedse hoofdstad.\",\"breadcrumb\":{\"@id\":\"https:\\\/\\\/sitandheat.com\\\/stockholm\\\/#breadcrumb\"},\"inLanguage\":\"fr-FR\",\"potentialAction\":[{\"@type\":\"ReadAction\",\"target\":[\"https:\\\/\\\/sitandheat.com\\\/stockholm\\\/\"]}]},{\"@type\":\"BreadcrumbList\",\"@id\":\"https:\\\/\\\/sitandheat.com\\\/stockholm\\\/#breadcrumb\",\"itemListElement\":[{\"@type\":\"ListItem\",\"position\":1,\"name\":\"Home\",\"item\":\"https:\\\/\\\/sitandheat.com\\\/\"},{\"@type\":\"ListItem\",\"position\":2,\"name\":\"Stockholm\"}]},{\"@type\":\"WebSite\",\"@id\":\"https:\\\/\\\/sitandheat.com\\\/#website\",\"url\":\"https:\\\/\\\/sitandheat.com\\\/\",\"name\":\"Sit &amp; Heat\",\"description\":\"Slimme warmtekussens in jouw stijl\",\"publisher\":{\"@id\":\"https:\\\/\\\/sitandheat.com\\\/#organization\"},\"potentialAction\":[{\"@type\":\"SearchAction\",\"target\":{\"@type\":\"EntryPoint\",\"urlTemplate\":\"https:\\\/\\\/sitandheat.com\\\/?s={search_term_string}\"},\"query-input\":{\"@type\":\"PropertyValueSpecification\",\"valueRequired\":true,\"valueName\":\"search_term_string\"}}],\"inLanguage\":\"fr-FR\"},{\"@type\":\"Organization\",\"@id\":\"https:\\\/\\\/sitandheat.com\\\/#organization\",\"name\":\"Sit &amp; Heat\",\"url\":\"https:\\\/\\\/sitandheat.com\\\/\",\"logo\":{\"@type\":\"ImageObject\",\"inLanguage\":\"fr-FR\",\"@id\":\"https:\\\/\\\/sitandheat.com\\\/#\\\/schema\\\/logo\\\/image\\\/\",\"url\":\"https:\\\/\\\/sitandheat.com\\\/wp-content\\\/uploads\\\/2023\\\/11\\\/SH_LogoWit-1.svg\",\"contentUrl\":\"https:\\\/\\\/sitandheat.com\\\/wp-content\\\/uploads\\\/2023\\\/11\\\/SH_LogoWit-1.svg\",\"width\":\"1024\",\"height\":\"1024\",\"caption\":\"Sit &amp; Heat\"},\"image\":{\"@id\":\"https:\\\/\\\/sitandheat.com\\\/#\\\/schema\\\/logo\\\/image\\\/\"},\"sameAs\":[\"https:\\\/\\\/www.facebook.com\\\/SitandHeat\"]}]}<\/script>\n<!-- \/ Yoast SEO plugin. -->","yoast_head_json":{"title":"Stockholm - Sit &amp; Heat","description":"D\u00e9couvrez Sit &amp; Heat \u00e0 Stockholm ! D\u00e9couvrez des solutions de chauffage \u00e9conomes en \u00e9nergie et un confort durable. Visitez notre site dans la capitale su\u00e9doise.","robots":{"index":"index","follow":"follow","max-snippet":"max-snippet:-1","max-image-preview":"max-image-preview:large","max-video-preview":"max-video-preview:-1"},"canonical":"https:\/\/sitandheat.com\/fr\/stockholm\/","og_locale":"fr_FR","og_type":"article","og_title":"Stockholm - Sit &amp; Heat","og_description":"Ontdek Sit & Heat in Stockholm! Ervaar energiezuinige verwarmingsoplossingen en duurzaam comfort. Bezoek onze locatie in de Zweedse hoofdstad.","og_url":"https:\/\/sitandheat.com\/fr\/stockholm\/","og_site_name":"Sit &amp; Heat","article_publisher":"https:\/\/www.facebook.com\/SitandHeat","article_modified_time":"2024-01-05T14:31:15+00:00","og_image":[{"width":2560,"height":1280,"url":"https:\/\/sitandheat.com\/wp-content\/uploads\/2023\/11\/SitHeat_106\u00a9JurriaanHuting-1-min-1-scaled.jpg","type":"image\/jpeg"}],"twitter_card":"summary_large_image","schema":{"@context":"https:\/\/schema.org","@graph":[{"@type":"WebPage","@id":"https:\/\/sitandheat.com\/stockholm\/","url":"https:\/\/sitandheat.com\/stockholm\/","name":"Stockholm - Sit &amp; Heat","isPartOf":{"@id":"https:\/\/sitandheat.com\/#website"},"datePublished":"2024-01-05T14:30:31+00:00","dateModified":"2024-01-05T14:31:15+00:00","description":"D\u00e9couvrez Sit &amp; Heat \u00e0 Stockholm ! D\u00e9couvrez des solutions de chauffage \u00e9conomes en \u00e9nergie et un confort durable. Visitez notre site dans la capitale su\u00e9doise.","breadcrumb":{"@id":"https:\/\/sitandheat.com\/stockholm\/#breadcrumb"},"inLanguage":"fr-FR","potentialAction":[{"@type":"ReadAction","target":["https:\/\/sitandheat.com\/stockholm\/"]}]},{"@type":"BreadcrumbList","@id":"https:\/\/sitandheat.com\/stockholm\/#breadcrumb","itemListElement":[{"@type":"ListItem","position":1,"name":"Home","item":"https:\/\/sitandheat.com\/"},{"@type":"ListItem","position":2,"name":"Stockholm"}]},{"@type":"WebSite","@id":"https:\/\/sitandheat.com\/#website","url":"https:\/\/sitandheat.com\/","name":"S'asseoir et chauffer","description":"Des coussins chauffants intelligents dans votre style","publisher":{"@id":"https:\/\/sitandheat.com\/#organization"},"potentialAction":[{"@type":"SearchAction","target":{"@type":"EntryPoint","urlTemplate":"https:\/\/sitandheat.com\/?s={search_term_string}"},"query-input":{"@type":"PropertyValueSpecification","valueRequired":true,"valueName":"search_term_string"}}],"inLanguage":"fr-FR"},{"@type":"Organization","@id":"https:\/\/sitandheat.com\/#organization","name":"S'asseoir et chauffer","url":"https:\/\/sitandheat.com\/","logo":{"@type":"ImageObject","inLanguage":"fr-FR","@id":"https:\/\/sitandheat.com\/#\/schema\/logo\/image\/","url":"https:\/\/sitandheat.com\/wp-content\/uploads\/2023\/11\/SH_LogoWit-1.svg","contentUrl":"https:\/\/sitandheat.com\/wp-content\/uploads\/2023\/11\/SH_LogoWit-1.svg","width":"1024","height":"1024","caption":"Sit &amp; Heat"},"image":{"@id":"https:\/\/sitandheat.com\/#\/schema\/logo\/image\/"},"sameAs":["https:\/\/www.facebook.com\/SitandHeat"]}]}},"jetpack_sharing_enabled":true,"_links":{"self":[{"href":"https:\/\/sitandheat.com\/fr\/wp-json\/wp\/v2\/pages\/10422","targetHints":{"allow":["GET"]}}],"collection":[{"href":"https:\/\/sitandheat.com\/fr\/wp-json\/wp\/v2\/pages"}],"about":[{"href":"https:\/\/sitandheat.com\/fr\/wp-json\/wp\/v2\/types\/page"}],"author":[{"embeddable":true,"href":"https:\/\/sitandheat.com\/fr\/wp-json\/wp\/v2\/users\/9"}],"replies":[{"embeddable":true,"href":"https:\/\/sitandheat.com\/fr\/wp-json\/wp\/v2\/comments?post=10422"}],"version-history":[{"count":1,"href":"https:\/\/sitandheat.com\/fr\/wp-json\/wp\/v2\/pages\/10422\/revisions"}],"predecessor-version":[{"id":10423,"href":"https:\/\/sitandheat.com\/fr\/wp-json\/wp\/v2\/pages\/10422\/revisions\/10423"}],"wp:attachment":[{"href":"https:\/\/sitandheat.com\/fr\/wp-json\/wp\/v2\/media?parent=10422"}],"curies":[{"name":"wp","href":"https:\/\/api.w.org\/{rel}","templated":true}]}}