{"id":9800,"date":"2023-11-14T14:09:39","date_gmt":"2023-11-14T14:09:39","guid":{"rendered":"https:\/\/sitandheat.com\/?post_type=product&#038;p=9800"},"modified":"2025-07-22T13:37:49","modified_gmt":"2025-07-22T13:37:49","slug":"bakfiets-heizkissen","status":"publish","type":"product","link":"https:\/\/sitandheat.com\/de\/product\/bakfiets-warmtekussen\/","title":{"rendered":"Bakfiets"},"content":{"rendered":"<p><span style=\"font-weight: 400;\">M\u00f6chten Sie Ihre Kinder bei den t\u00e4glichen Fahrten mit dem Lastenfahrrad vor der K\u00e4lte sch\u00fctzen? Mit unserem beheizten Lastenradkissen k\u00f6nnen sich Ihre Kinder bei jedem Familienabenteuer warm anziehen! Das Sit &amp; Heat Kissen wurde als benutzerfreundlicher und zuverl\u00e4ssiger K\u00e4lteschutz entwickelt und l\u00e4sst sich nahtlos an der R\u00fcckenlehne Ihres Lastenfahrrads befestigen, damit Ihre Kleinen bei jedem Wetter warm bleiben. Verabschieden Sie sich von kalten Fahrten und sagen Sie Hallo zu Sit &amp; Heat.<\/span><\/p>","protected":false},"excerpt":{"rendered":"<p><span style=\"font-weight: 400;\">Sorgen Sie mit unserem beheizten Bakfiets-Kissen f\u00fcr kuschelige Fahrten f\u00fcr Ihre Kleinsten. Einfach zu verwenden und zuverl\u00e4ssige W\u00e4rme f\u00fcr Ihre Familienabenteuer.<\/span><\/p>","protected":false},"featured_media":10289,"comment_status":"open","ping_status":"closed","template":"","meta":{"_acf_changed":false,"content-type":"","inline_featured_image":false},"product_brand":[],"product_cat":[30],"product_tag":[46],"class_list":{"0":"post-9800","1":"product","2":"type-product","3":"status-publish","4":"has-post-thumbnail","6":"product_cat-outdoor","7":"product_tag-vandaag-besteld-morgen-in-huis","9":"first","10":"instock","11":"taxable","12":"shipping-taxable","13":"purchasable","14":"product-type-simple"},"acf":[],"yoast_head":"<!-- This site is optimized with the Yoast SEO plugin v27.5 - https:\/\/yoast.com\/product\/yoast-seo-wordpress\/ -->\n<title>Sit &amp; Heat | Verwarmd Bakfietskussen<\/title>\n<meta name=\"description\" content=\"Zorg voor behaaglijke ritjes voor je kleintjes met ons verwarmd bakfietskussen. Gemakkelijk te gebruiken en betrouwbare warmte voor je gezinsavonturen.\" \/>\n<meta name=\"robots\" content=\"index, follow, max-snippet:-1, max-image-preview:large, max-video-preview:-1\" \/>\n<link rel=\"canonical\" href=\"https:\/\/sitandheat.com\/de\/produkt\/bakfiets-heizkissen\/\" \/>\n<meta property=\"og:locale\" content=\"de_DE\" \/>\n<meta property=\"og:type\" content=\"article\" \/>\n<meta property=\"og:title\" content=\"Sit &amp; Heat | Verwarmd Bakfietskussen\" \/>\n<meta property=\"og:description\" content=\"Zorg voor behaaglijke ritjes voor je kleintjes met ons verwarmd bakfietskussen. Gemakkelijk te gebruiken en betrouwbare warmte voor je gezinsavonturen.\" \/>\n<meta property=\"og:url\" content=\"https:\/\/sitandheat.com\/de\/produkt\/bakfiets-heizkissen\/\" \/>\n<meta property=\"og:site_name\" content=\"Sit &amp; Heat\" \/>\n<meta property=\"article:publisher\" content=\"https:\/\/www.facebook.com\/SitandHeat\" \/>\n<meta property=\"article:modified_time\" content=\"2025-07-22T13:37:49+00:00\" \/>\n<meta property=\"og:image\" content=\"https:\/\/sitandheat.com\/wp-content\/uploads\/2023\/11\/Warmtekussen_Bakfiets_Main_Featured_Sit-Heat.webp\" \/>\n\t<meta property=\"og:image:width\" content=\"1200\" \/>\n\t<meta property=\"og:image:height\" content=\"1200\" \/>\n\t<meta property=\"og:image:type\" content=\"image\/webp\" \/>\n<meta name=\"twitter:card\" content=\"summary_large_image\" \/>\n<meta name=\"twitter:label1\" content=\"Gesch\u00e4tzte Lesezeit\" \/>\n\t<meta name=\"twitter:data1\" content=\"1\u00a0Minute\" \/>\n<script type=\"application\/ld+json\" class=\"yoast-schema-graph\">{\"@context\":\"https:\\\/\\\/schema.org\",\"@graph\":[{\"@type\":\"WebPage\",\"@id\":\"https:\\\/\\\/sitandheat.com\\\/product\\\/bakfiets-warmtekussen\\\/\",\"url\":\"https:\\\/\\\/sitandheat.com\\\/product\\\/bakfiets-warmtekussen\\\/\",\"name\":\"Sit & Heat | Verwarmd Bakfietskussen\",\"isPartOf\":{\"@id\":\"https:\\\/\\\/sitandheat.com\\\/#website\"},\"primaryImageOfPage\":{\"@id\":\"https:\\\/\\\/sitandheat.com\\\/product\\\/bakfiets-warmtekussen\\\/#primaryimage\"},\"image\":{\"@id\":\"https:\\\/\\\/sitandheat.com\\\/product\\\/bakfiets-warmtekussen\\\/#primaryimage\"},\"thumbnailUrl\":\"https:\\\/\\\/sitandheat.com\\\/wp-content\\\/uploads\\\/2023\\\/11\\\/Warmtekussen_Bakfiets_Main_Featured_Sit-Heat.webp\",\"datePublished\":\"2023-11-14T14:09:39+00:00\",\"dateModified\":\"2025-07-22T13:37:49+00:00\",\"description\":\"Zorg voor behaaglijke ritjes voor je kleintjes met ons verwarmd bakfietskussen. Gemakkelijk te gebruiken en betrouwbare warmte voor je gezinsavonturen.\",\"breadcrumb\":{\"@id\":\"https:\\\/\\\/sitandheat.com\\\/product\\\/bakfiets-warmtekussen\\\/#breadcrumb\"},\"inLanguage\":\"de\",\"potentialAction\":[{\"@type\":\"ReadAction\",\"target\":[\"https:\\\/\\\/sitandheat.com\\\/product\\\/bakfiets-warmtekussen\\\/\"]}]},{\"@type\":\"ImageObject\",\"inLanguage\":\"de\",\"@id\":\"https:\\\/\\\/sitandheat.com\\\/product\\\/bakfiets-warmtekussen\\\/#primaryimage\",\"url\":\"https:\\\/\\\/sitandheat.com\\\/wp-content\\\/uploads\\\/2023\\\/11\\\/Warmtekussen_Bakfiets_Main_Featured_Sit-Heat.webp\",\"contentUrl\":\"https:\\\/\\\/sitandheat.com\\\/wp-content\\\/uploads\\\/2023\\\/11\\\/Warmtekussen_Bakfiets_Main_Featured_Sit-Heat.webp\",\"width\":1200,\"height\":1200},{\"@type\":\"BreadcrumbList\",\"@id\":\"https:\\\/\\\/sitandheat.com\\\/product\\\/bakfiets-warmtekussen\\\/#breadcrumb\",\"itemListElement\":[{\"@type\":\"ListItem\",\"position\":1,\"name\":\"Home\",\"item\":\"https:\\\/\\\/sitandheat.com\\\/\"},{\"@type\":\"ListItem\",\"position\":2,\"name\":\"Shop\",\"item\":\"https:\\\/\\\/sitandheat.com\\\/shop\\\/\"},{\"@type\":\"ListItem\",\"position\":3,\"name\":\"Bakfiets\"}]},{\"@type\":\"WebSite\",\"@id\":\"https:\\\/\\\/sitandheat.com\\\/#website\",\"url\":\"https:\\\/\\\/sitandheat.com\\\/\",\"name\":\"Sit &amp; Heat\",\"description\":\"Slimme warmtekussens in jouw stijl\",\"publisher\":{\"@id\":\"https:\\\/\\\/sitandheat.com\\\/#organization\"},\"potentialAction\":[{\"@type\":\"SearchAction\",\"target\":{\"@type\":\"EntryPoint\",\"urlTemplate\":\"https:\\\/\\\/sitandheat.com\\\/?s={search_term_string}\"},\"query-input\":{\"@type\":\"PropertyValueSpecification\",\"valueRequired\":true,\"valueName\":\"search_term_string\"}}],\"inLanguage\":\"de\"},{\"@type\":\"Organization\",\"@id\":\"https:\\\/\\\/sitandheat.com\\\/#organization\",\"name\":\"Sit &amp; Heat\",\"url\":\"https:\\\/\\\/sitandheat.com\\\/\",\"logo\":{\"@type\":\"ImageObject\",\"inLanguage\":\"de\",\"@id\":\"https:\\\/\\\/sitandheat.com\\\/#\\\/schema\\\/logo\\\/image\\\/\",\"url\":\"https:\\\/\\\/sitandheat.com\\\/wp-content\\\/uploads\\\/2023\\\/11\\\/SH_LogoWit-1.svg\",\"contentUrl\":\"https:\\\/\\\/sitandheat.com\\\/wp-content\\\/uploads\\\/2023\\\/11\\\/SH_LogoWit-1.svg\",\"width\":\"1024\",\"height\":\"1024\",\"caption\":\"Sit &amp; Heat\"},\"image\":{\"@id\":\"https:\\\/\\\/sitandheat.com\\\/#\\\/schema\\\/logo\\\/image\\\/\"},\"sameAs\":[\"https:\\\/\\\/www.facebook.com\\\/SitandHeat\"]}]}<\/script>\n<!-- \/ Yoast SEO plugin. -->","yoast_head_json":{"title":"Sit &amp; Heat | Beheiztes Bakfiets-Kissen","description":"Sorgen Sie mit unserem beheizten Bakfiets-Kissen f\u00fcr kuschelige Fahrten f\u00fcr Ihre Kleinsten. Einfach zu verwenden und zuverl\u00e4ssige W\u00e4rme f\u00fcr Ihre Familienabenteuer.","robots":{"index":"index","follow":"follow","max-snippet":"max-snippet:-1","max-image-preview":"max-image-preview:large","max-video-preview":"max-video-preview:-1"},"canonical":"https:\/\/sitandheat.com\/de\/produkt\/bakfiets-heizkissen\/","og_locale":"de_DE","og_type":"article","og_title":"Sit & Heat | Verwarmd Bakfietskussen","og_description":"Zorg voor behaaglijke ritjes voor je kleintjes met ons verwarmd bakfietskussen. Gemakkelijk te gebruiken en betrouwbare warmte voor je gezinsavonturen.","og_url":"https:\/\/sitandheat.com\/de\/produkt\/bakfiets-heizkissen\/","og_site_name":"Sit &amp; Heat","article_publisher":"https:\/\/www.facebook.com\/SitandHeat","article_modified_time":"2025-07-22T13:37:49+00:00","og_image":[{"width":1200,"height":1200,"url":"https:\/\/sitandheat.com\/wp-content\/uploads\/2023\/11\/Warmtekussen_Bakfiets_Main_Featured_Sit-Heat.webp","type":"image\/webp"}],"twitter_card":"summary_large_image","twitter_misc":{"Gesch\u00e4tzte Lesezeit":"1\u00a0Minute"},"schema":{"@context":"https:\/\/schema.org","@graph":[{"@type":"WebPage","@id":"https:\/\/sitandheat.com\/product\/bakfiets-warmtekussen\/","url":"https:\/\/sitandheat.com\/product\/bakfiets-warmtekussen\/","name":"Sit &amp; Heat | Beheiztes Bakfiets-Kissen","isPartOf":{"@id":"https:\/\/sitandheat.com\/#website"},"primaryImageOfPage":{"@id":"https:\/\/sitandheat.com\/product\/bakfiets-warmtekussen\/#primaryimage"},"image":{"@id":"https:\/\/sitandheat.com\/product\/bakfiets-warmtekussen\/#primaryimage"},"thumbnailUrl":"https:\/\/sitandheat.com\/wp-content\/uploads\/2023\/11\/Warmtekussen_Bakfiets_Main_Featured_Sit-Heat.webp","datePublished":"2023-11-14T14:09:39+00:00","dateModified":"2025-07-22T13:37:49+00:00","description":"Sorgen Sie mit unserem beheizten Bakfiets-Kissen f\u00fcr kuschelige Fahrten f\u00fcr Ihre Kleinsten. Einfach zu verwenden und zuverl\u00e4ssige W\u00e4rme f\u00fcr Ihre Familienabenteuer.","breadcrumb":{"@id":"https:\/\/sitandheat.com\/product\/bakfiets-warmtekussen\/#breadcrumb"},"inLanguage":"de","potentialAction":[{"@type":"ReadAction","target":["https:\/\/sitandheat.com\/product\/bakfiets-warmtekussen\/"]}]},{"@type":"ImageObject","inLanguage":"de","@id":"https:\/\/sitandheat.com\/product\/bakfiets-warmtekussen\/#primaryimage","url":"https:\/\/sitandheat.com\/wp-content\/uploads\/2023\/11\/Warmtekussen_Bakfiets_Main_Featured_Sit-Heat.webp","contentUrl":"https:\/\/sitandheat.com\/wp-content\/uploads\/2023\/11\/Warmtekussen_Bakfiets_Main_Featured_Sit-Heat.webp","width":1200,"height":1200},{"@type":"BreadcrumbList","@id":"https:\/\/sitandheat.com\/product\/bakfiets-warmtekussen\/#breadcrumb","itemListElement":[{"@type":"ListItem","position":1,"name":"Home","item":"https:\/\/sitandheat.com\/"},{"@type":"ListItem","position":2,"name":"Shop","item":"https:\/\/sitandheat.com\/shop\/"},{"@type":"ListItem","position":3,"name":"Bakfiets"}]},{"@type":"WebSite","@id":"https:\/\/sitandheat.com\/#website","url":"https:\/\/sitandheat.com\/","name":"Sitzen &amp; W\u00e4rmen","description":"Intelligente W\u00e4rmekissen in Ihrem Stil","publisher":{"@id":"https:\/\/sitandheat.com\/#organization"},"potentialAction":[{"@type":"SearchAction","target":{"@type":"EntryPoint","urlTemplate":"https:\/\/sitandheat.com\/?s={search_term_string}"},"query-input":{"@type":"PropertyValueSpecification","valueRequired":true,"valueName":"search_term_string"}}],"inLanguage":"de"},{"@type":"Organization","@id":"https:\/\/sitandheat.com\/#organization","name":"Sitzen &amp; W\u00e4rmen","url":"https:\/\/sitandheat.com\/","logo":{"@type":"ImageObject","inLanguage":"de","@id":"https:\/\/sitandheat.com\/#\/schema\/logo\/image\/","url":"https:\/\/sitandheat.com\/wp-content\/uploads\/2023\/11\/SH_LogoWit-1.svg","contentUrl":"https:\/\/sitandheat.com\/wp-content\/uploads\/2023\/11\/SH_LogoWit-1.svg","width":"1024","height":"1024","caption":"Sit &amp; Heat"},"image":{"@id":"https:\/\/sitandheat.com\/#\/schema\/logo\/image\/"},"sameAs":["https:\/\/www.facebook.com\/SitandHeat"]}]}},"jetpack_sharing_enabled":true,"_links":{"self":[{"href":"https:\/\/sitandheat.com\/de\/wp-json\/wp\/v2\/product\/9800","targetHints":{"allow":["GET"]}}],"collection":[{"href":"https:\/\/sitandheat.com\/de\/wp-json\/wp\/v2\/product"}],"about":[{"href":"https:\/\/sitandheat.com\/de\/wp-json\/wp\/v2\/types\/product"}],"replies":[{"embeddable":true,"href":"https:\/\/sitandheat.com\/de\/wp-json\/wp\/v2\/comments?post=9800"}],"wp:featuredmedia":[{"embeddable":true,"href":"https:\/\/sitandheat.com\/de\/wp-json\/wp\/v2\/media\/10289"}],"wp:attachment":[{"href":"https:\/\/sitandheat.com\/de\/wp-json\/wp\/v2\/media?parent=9800"}],"wp:term":[{"taxonomy":"product_brand","embeddable":true,"href":"https:\/\/sitandheat.com\/de\/wp-json\/wp\/v2\/product_brand?post=9800"},{"taxonomy":"product_cat","embeddable":true,"href":"https:\/\/sitandheat.com\/de\/wp-json\/wp\/v2\/product_cat?post=9800"},{"taxonomy":"product_tag","embeddable":true,"href":"https:\/\/sitandheat.com\/de\/wp-json\/wp\/v2\/product_tag?post=9800"}],"curies":[{"name":"wp","href":"https:\/\/api.w.org\/{rel}","templated":true}]}}