{"id":9780,"date":"2023-11-14T10:55:55","date_gmt":"2023-11-14T10:55:55","guid":{"rendered":"https:\/\/sitandheat.com\/?post_type=product&#038;p=9780"},"modified":"2024-05-23T10:43:27","modified_gmt":"2024-05-23T10:43:27","slug":"akku-6800-mah","status":"publish","type":"product","link":"https:\/\/sitandheat.com\/de\/product\/batterij-6800-mah\/","title":{"rendered":"Akku 6800 mAh"},"content":{"rendered":"<p>Erleben Sie die Freiheit des kabellosen Heizens mit unserem 6.800-mAh-Akku. Dieser leistungsstarke Akku wurde entwickelt, um eine l\u00e4ngere Nutzung unserer Nimma-Stuhlkissen zu erm\u00f6glichen, damit Sie W\u00e4rme und Komfort genie\u00dfen k\u00f6nnen, wo immer Sie wollen. Er l\u00e4sst sich einfach aufladen und austauschen und ist die perfekte L\u00f6sung f\u00fcr alle, die warm bleiben m\u00f6chten, ohne sich festzulegen.<\/p>","protected":false},"excerpt":{"rendered":"<p>Unser 6.800-mAh-Akku ist die perfekte L\u00f6sung, um Sie \u00fcber einen l\u00e4ngeren Zeitraum warm zu halten. Dieser schlanke Akku wurde so konzipiert, dass er nahtlos in unser Nimma passt. Er liefert genug Energie, um sicherzustellen, dass Ihr Kissen stundenlang warm bleibt.<\/p>","protected":false},"featured_media":13574,"comment_status":"open","ping_status":"closed","template":"","meta":{"_acf_changed":false,"content-type":"","inline_featured_image":false},"product_brand":[],"product_cat":[31],"product_tag":[46],"class_list":{"0":"post-9780","1":"product","2":"type-product","3":"status-publish","4":"has-post-thumbnail","6":"product_cat-power","7":"product_tag-vandaag-besteld-morgen-in-huis","9":"first","10":"instock","11":"taxable","12":"shipping-taxable","13":"purchasable","14":"product-type-simple"},"acf":[],"yoast_head":"<!-- This site is optimized with the Yoast SEO plugin v27.4 - https:\/\/yoast.com\/product\/yoast-seo-wordpress\/ -->\n<title>Sit &amp; Heat | Batterij 6800mAh<\/title>\n<meta name=\"description\" content=\"Geniet van langdurig comfort met Sit &amp; Heat&#039;s batterij met hoge capaciteit 6800mAh. Discrete, krachtige warmte. Upgrade je kussen met Sit &amp; Heat.\" \/>\n<meta name=\"robots\" content=\"index, follow, max-snippet:-1, max-image-preview:large, max-video-preview:-1\" \/>\n<link rel=\"canonical\" href=\"https:\/\/sitandheat.com\/de\/produkt\/akku-6800-mah\/\" \/>\n<meta property=\"og:locale\" content=\"de_DE\" \/>\n<meta property=\"og:type\" content=\"article\" \/>\n<meta property=\"og:title\" content=\"Sit &amp; Heat | Batterij 6800mAh\" \/>\n<meta property=\"og:description\" content=\"Geniet van langdurig comfort met Sit &amp; Heat&#039;s batterij met hoge capaciteit 6800mAh. Discrete, krachtige warmte. Upgrade je kussen met Sit &amp; Heat.\" \/>\n<meta property=\"og:url\" content=\"https:\/\/sitandheat.com\/de\/produkt\/akku-6800-mah\/\" \/>\n<meta property=\"og:site_name\" content=\"Sit &amp; Heat\" \/>\n<meta property=\"article:publisher\" content=\"https:\/\/www.facebook.com\/SitandHeat\" \/>\n<meta property=\"article:modified_time\" content=\"2024-05-23T10:43:27+00:00\" \/>\n<meta property=\"og:image\" content=\"https:\/\/sitandheat.com\/wp-content\/uploads\/2023\/11\/Batterij-6800-mAh-Sit-Heat-V2-1.png\" \/>\n\t<meta property=\"og:image:width\" content=\"800\" \/>\n\t<meta property=\"og:image:height\" content=\"800\" \/>\n\t<meta property=\"og:image:type\" content=\"image\/png\" \/>\n<meta name=\"twitter:card\" content=\"summary_large_image\" \/>\n<meta name=\"twitter:label1\" content=\"Gesch\u00e4tzte Lesezeit\" \/>\n\t<meta name=\"twitter:data1\" content=\"1\u00a0Minute\" \/>\n<script type=\"application\/ld+json\" class=\"yoast-schema-graph\">{\"@context\":\"https:\\\/\\\/schema.org\",\"@graph\":[{\"@type\":\"WebPage\",\"@id\":\"https:\\\/\\\/sitandheat.com\\\/product\\\/batterij-6800-mah\\\/\",\"url\":\"https:\\\/\\\/sitandheat.com\\\/product\\\/batterij-6800-mah\\\/\",\"name\":\"Sit & Heat | Batterij 6800mAh\",\"isPartOf\":{\"@id\":\"https:\\\/\\\/sitandheat.com\\\/#website\"},\"primaryImageOfPage\":{\"@id\":\"https:\\\/\\\/sitandheat.com\\\/product\\\/batterij-6800-mah\\\/#primaryimage\"},\"image\":{\"@id\":\"https:\\\/\\\/sitandheat.com\\\/product\\\/batterij-6800-mah\\\/#primaryimage\"},\"thumbnailUrl\":\"https:\\\/\\\/sitandheat.com\\\/wp-content\\\/uploads\\\/2023\\\/11\\\/Batterij-6800-mAh-Sit-Heat-V2-1.png\",\"datePublished\":\"2023-11-14T10:55:55+00:00\",\"dateModified\":\"2024-05-23T10:43:27+00:00\",\"description\":\"Geniet van langdurig comfort met Sit & Heat's batterij met hoge capaciteit 6800mAh. Discrete, krachtige warmte. Upgrade je kussen met Sit & Heat.\",\"breadcrumb\":{\"@id\":\"https:\\\/\\\/sitandheat.com\\\/product\\\/batterij-6800-mah\\\/#breadcrumb\"},\"inLanguage\":\"de\",\"potentialAction\":[{\"@type\":\"ReadAction\",\"target\":[\"https:\\\/\\\/sitandheat.com\\\/product\\\/batterij-6800-mah\\\/\"]}]},{\"@type\":\"ImageObject\",\"inLanguage\":\"de\",\"@id\":\"https:\\\/\\\/sitandheat.com\\\/product\\\/batterij-6800-mah\\\/#primaryimage\",\"url\":\"https:\\\/\\\/sitandheat.com\\\/wp-content\\\/uploads\\\/2023\\\/11\\\/Batterij-6800-mAh-Sit-Heat-V2-1.png\",\"contentUrl\":\"https:\\\/\\\/sitandheat.com\\\/wp-content\\\/uploads\\\/2023\\\/11\\\/Batterij-6800-mAh-Sit-Heat-V2-1.png\",\"width\":800,\"height\":800,\"caption\":\"Batterij 6800 mAh by Sit & Heat V2\"},{\"@type\":\"BreadcrumbList\",\"@id\":\"https:\\\/\\\/sitandheat.com\\\/product\\\/batterij-6800-mah\\\/#breadcrumb\",\"itemListElement\":[{\"@type\":\"ListItem\",\"position\":1,\"name\":\"Home\",\"item\":\"https:\\\/\\\/sitandheat.com\\\/\"},{\"@type\":\"ListItem\",\"position\":2,\"name\":\"Shop\",\"item\":\"https:\\\/\\\/sitandheat.com\\\/shop\\\/\"},{\"@type\":\"ListItem\",\"position\":3,\"name\":\"Batterij 6800 mAh\"}]},{\"@type\":\"WebSite\",\"@id\":\"https:\\\/\\\/sitandheat.com\\\/#website\",\"url\":\"https:\\\/\\\/sitandheat.com\\\/\",\"name\":\"Sit &amp; Heat\",\"description\":\"Slimme warmtekussens in jouw stijl\",\"publisher\":{\"@id\":\"https:\\\/\\\/sitandheat.com\\\/#organization\"},\"potentialAction\":[{\"@type\":\"SearchAction\",\"target\":{\"@type\":\"EntryPoint\",\"urlTemplate\":\"https:\\\/\\\/sitandheat.com\\\/?s={search_term_string}\"},\"query-input\":{\"@type\":\"PropertyValueSpecification\",\"valueRequired\":true,\"valueName\":\"search_term_string\"}}],\"inLanguage\":\"de\"},{\"@type\":\"Organization\",\"@id\":\"https:\\\/\\\/sitandheat.com\\\/#organization\",\"name\":\"Sit &amp; Heat\",\"url\":\"https:\\\/\\\/sitandheat.com\\\/\",\"logo\":{\"@type\":\"ImageObject\",\"inLanguage\":\"de\",\"@id\":\"https:\\\/\\\/sitandheat.com\\\/#\\\/schema\\\/logo\\\/image\\\/\",\"url\":\"https:\\\/\\\/sitandheat.com\\\/wp-content\\\/uploads\\\/2023\\\/11\\\/SH_LogoWit-1.svg\",\"contentUrl\":\"https:\\\/\\\/sitandheat.com\\\/wp-content\\\/uploads\\\/2023\\\/11\\\/SH_LogoWit-1.svg\",\"width\":\"1024\",\"height\":\"1024\",\"caption\":\"Sit &amp; Heat\"},\"image\":{\"@id\":\"https:\\\/\\\/sitandheat.com\\\/#\\\/schema\\\/logo\\\/image\\\/\"},\"sameAs\":[\"https:\\\/\\\/www.facebook.com\\\/SitandHeat\"]}]}<\/script>\n<!-- \/ Yoast SEO plugin. -->","yoast_head_json":{"title":"Sit &amp; Heat | Akku 6800mAh","description":"Genie\u00dfen Sie lang anhaltenden Komfort mit dem leistungsstarken 6800-mAh-Akku von Sit &amp; Heat. Diskrete, starke W\u00e4rme. Erweitern Sie Ihr Kopfkissen mit Sit &amp; Heat.","robots":{"index":"index","follow":"follow","max-snippet":"max-snippet:-1","max-image-preview":"max-image-preview:large","max-video-preview":"max-video-preview:-1"},"canonical":"https:\/\/sitandheat.com\/de\/produkt\/akku-6800-mah\/","og_locale":"de_DE","og_type":"article","og_title":"Sit & Heat | Batterij 6800mAh","og_description":"Geniet van langdurig comfort met Sit & Heat's batterij met hoge capaciteit 6800mAh. Discrete, krachtige warmte. Upgrade je kussen met Sit & Heat.","og_url":"https:\/\/sitandheat.com\/de\/produkt\/akku-6800-mah\/","og_site_name":"Sit &amp; Heat","article_publisher":"https:\/\/www.facebook.com\/SitandHeat","article_modified_time":"2024-05-23T10:43:27+00:00","og_image":[{"width":800,"height":800,"url":"https:\/\/sitandheat.com\/wp-content\/uploads\/2023\/11\/Batterij-6800-mAh-Sit-Heat-V2-1.png","type":"image\/png"}],"twitter_card":"summary_large_image","twitter_misc":{"Gesch\u00e4tzte Lesezeit":"1\u00a0Minute"},"schema":{"@context":"https:\/\/schema.org","@graph":[{"@type":"WebPage","@id":"https:\/\/sitandheat.com\/product\/batterij-6800-mah\/","url":"https:\/\/sitandheat.com\/product\/batterij-6800-mah\/","name":"Sit &amp; Heat | Akku 6800mAh","isPartOf":{"@id":"https:\/\/sitandheat.com\/#website"},"primaryImageOfPage":{"@id":"https:\/\/sitandheat.com\/product\/batterij-6800-mah\/#primaryimage"},"image":{"@id":"https:\/\/sitandheat.com\/product\/batterij-6800-mah\/#primaryimage"},"thumbnailUrl":"https:\/\/sitandheat.com\/wp-content\/uploads\/2023\/11\/Batterij-6800-mAh-Sit-Heat-V2-1.png","datePublished":"2023-11-14T10:55:55+00:00","dateModified":"2024-05-23T10:43:27+00:00","description":"Genie\u00dfen Sie lang anhaltenden Komfort mit dem leistungsstarken 6800-mAh-Akku von Sit &amp; Heat. Diskrete, starke W\u00e4rme. Erweitern Sie Ihr Kopfkissen mit Sit &amp; Heat.","breadcrumb":{"@id":"https:\/\/sitandheat.com\/product\/batterij-6800-mah\/#breadcrumb"},"inLanguage":"de","potentialAction":[{"@type":"ReadAction","target":["https:\/\/sitandheat.com\/product\/batterij-6800-mah\/"]}]},{"@type":"ImageObject","inLanguage":"de","@id":"https:\/\/sitandheat.com\/product\/batterij-6800-mah\/#primaryimage","url":"https:\/\/sitandheat.com\/wp-content\/uploads\/2023\/11\/Batterij-6800-mAh-Sit-Heat-V2-1.png","contentUrl":"https:\/\/sitandheat.com\/wp-content\/uploads\/2023\/11\/Batterij-6800-mAh-Sit-Heat-V2-1.png","width":800,"height":800,"caption":"Batterij 6800 mAh by Sit & Heat V2"},{"@type":"BreadcrumbList","@id":"https:\/\/sitandheat.com\/product\/batterij-6800-mah\/#breadcrumb","itemListElement":[{"@type":"ListItem","position":1,"name":"Home","item":"https:\/\/sitandheat.com\/"},{"@type":"ListItem","position":2,"name":"Shop","item":"https:\/\/sitandheat.com\/shop\/"},{"@type":"ListItem","position":3,"name":"Batterij 6800 mAh"}]},{"@type":"WebSite","@id":"https:\/\/sitandheat.com\/#website","url":"https:\/\/sitandheat.com\/","name":"Sitzen &amp; W\u00e4rmen","description":"Intelligente W\u00e4rmekissen in Ihrem Stil","publisher":{"@id":"https:\/\/sitandheat.com\/#organization"},"potentialAction":[{"@type":"SearchAction","target":{"@type":"EntryPoint","urlTemplate":"https:\/\/sitandheat.com\/?s={search_term_string}"},"query-input":{"@type":"PropertyValueSpecification","valueRequired":true,"valueName":"search_term_string"}}],"inLanguage":"de"},{"@type":"Organization","@id":"https:\/\/sitandheat.com\/#organization","name":"Sitzen &amp; W\u00e4rmen","url":"https:\/\/sitandheat.com\/","logo":{"@type":"ImageObject","inLanguage":"de","@id":"https:\/\/sitandheat.com\/#\/schema\/logo\/image\/","url":"https:\/\/sitandheat.com\/wp-content\/uploads\/2023\/11\/SH_LogoWit-1.svg","contentUrl":"https:\/\/sitandheat.com\/wp-content\/uploads\/2023\/11\/SH_LogoWit-1.svg","width":"1024","height":"1024","caption":"Sit &amp; Heat"},"image":{"@id":"https:\/\/sitandheat.com\/#\/schema\/logo\/image\/"},"sameAs":["https:\/\/www.facebook.com\/SitandHeat"]}]}},"jetpack_sharing_enabled":true,"_links":{"self":[{"href":"https:\/\/sitandheat.com\/de\/wp-json\/wp\/v2\/product\/9780","targetHints":{"allow":["GET"]}}],"collection":[{"href":"https:\/\/sitandheat.com\/de\/wp-json\/wp\/v2\/product"}],"about":[{"href":"https:\/\/sitandheat.com\/de\/wp-json\/wp\/v2\/types\/product"}],"replies":[{"embeddable":true,"href":"https:\/\/sitandheat.com\/de\/wp-json\/wp\/v2\/comments?post=9780"}],"wp:featuredmedia":[{"embeddable":true,"href":"https:\/\/sitandheat.com\/de\/wp-json\/wp\/v2\/media\/13574"}],"wp:attachment":[{"href":"https:\/\/sitandheat.com\/de\/wp-json\/wp\/v2\/media?parent=9780"}],"wp:term":[{"taxonomy":"product_brand","embeddable":true,"href":"https:\/\/sitandheat.com\/de\/wp-json\/wp\/v2\/product_brand?post=9780"},{"taxonomy":"product_cat","embeddable":true,"href":"https:\/\/sitandheat.com\/de\/wp-json\/wp\/v2\/product_cat?post=9780"},{"taxonomy":"product_tag","embeddable":true,"href":"https:\/\/sitandheat.com\/de\/wp-json\/wp\/v2\/product_tag?post=9780"}],"curies":[{"name":"wp","href":"https:\/\/api.w.org\/{rel}","templated":true}]}}