{"id":9718,"date":"2023-11-13T13:49:12","date_gmt":"2023-11-13T13:49:12","guid":{"rendered":"https:\/\/sitandheat.com\/?post_type=product&#038;p=9718"},"modified":"2024-01-19T09:44:20","modified_gmt":"2024-01-19T09:44:20","slug":"powerbank-10-000-mah","status":"publish","type":"product","link":"https:\/\/sitandheat.com\/de\/product\/powerbank-10-000-mah\/","title":{"rendered":"Powerbank 10.000 mAh"},"content":{"rendered":"<p>Ein Power-Duo zum Warmwerden: unsere Powerbank und unser Plump-Kissen. Dank ihres geringen Gewichts und ihres schlanken Designs werden Sie die Powerbank kaum bemerken. Praktisch: Die Powerbank hat zwei USB-Ausg\u00e4nge, die nicht nur dich, sondern auch dein Handy gleichzeitig aufladen.<\/p>","protected":false},"excerpt":{"rendered":"<p>Die Powerbank ist ideal f\u00fcr unsere Pl\u00fcschkissen. Sie laden sie einfach mit einem USB-Kabel auf.<\/p>","protected":false},"featured_media":10527,"comment_status":"open","ping_status":"closed","template":"","meta":{"_acf_changed":false,"content-type":"","inline_featured_image":false},"product_brand":[],"product_cat":[31],"product_tag":[46],"class_list":{"0":"post-9718","1":"product","2":"type-product","3":"status-publish","4":"has-post-thumbnail","6":"product_cat-power","7":"product_tag-vandaag-besteld-morgen-in-huis","9":"first","10":"instock","11":"taxable","12":"shipping-taxable","13":"purchasable","14":"product-type-simple"},"acf":[],"yoast_head":"<!-- This site is optimized with the Yoast SEO plugin v27.3 - https:\/\/yoast.com\/product\/yoast-seo-wordpress\/ -->\n<title>Sit &amp; Heat Powerbank 10.000 mAh<\/title>\n<meta name=\"description\" content=\"Houd apparaten opgeladen met de Sit &amp; Heat Power Bank 10000mAh. Betrouwbare energie voor verwarmingskussens of apparaten. Blijf voorzien van stroom met Sit &amp; Heat.\" \/>\n<meta name=\"robots\" content=\"index, follow, max-snippet:-1, max-image-preview:large, max-video-preview:-1\" \/>\n<link rel=\"canonical\" href=\"https:\/\/sitandheat.com\/de\/produkt\/powerbank-10-000-mah\/\" \/>\n<meta property=\"og:locale\" content=\"de_DE\" \/>\n<meta property=\"og:type\" content=\"article\" \/>\n<meta property=\"og:title\" content=\"Sit &amp; Heat Powerbank 10.000 mAh\" \/>\n<meta property=\"og:description\" content=\"Houd apparaten opgeladen met de Sit &amp; Heat Power Bank 10000mAh. Betrouwbare energie voor verwarmingskussens of apparaten. Blijf voorzien van stroom met Sit &amp; Heat.\" \/>\n<meta property=\"og:url\" content=\"https:\/\/sitandheat.com\/de\/produkt\/powerbank-10-000-mah\/\" \/>\n<meta property=\"og:site_name\" content=\"Sit &amp; Heat\" \/>\n<meta property=\"article:publisher\" content=\"https:\/\/www.facebook.com\/SitandHeat\" \/>\n<meta property=\"article:modified_time\" content=\"2024-01-19T09:44:20+00:00\" \/>\n<meta property=\"og:image\" content=\"https:\/\/sitandheat.com\/wp-content\/uploads\/2023\/11\/Powerbank_Main_Featured.webp\" \/>\n\t<meta property=\"og:image:width\" content=\"800\" \/>\n\t<meta property=\"og:image:height\" content=\"1200\" \/>\n\t<meta property=\"og:image:type\" content=\"image\/webp\" \/>\n<meta name=\"twitter:card\" content=\"summary_large_image\" \/>\n<meta name=\"twitter:label1\" content=\"Gesch\u00e4tzte Lesezeit\" \/>\n\t<meta name=\"twitter:data1\" content=\"1\u00a0Minute\" \/>\n<script type=\"application\/ld+json\" class=\"yoast-schema-graph\">{\"@context\":\"https:\\\/\\\/schema.org\",\"@graph\":[{\"@type\":\"WebPage\",\"@id\":\"https:\\\/\\\/sitandheat.com\\\/product\\\/powerbank-10-000-mah\\\/\",\"url\":\"https:\\\/\\\/sitandheat.com\\\/product\\\/powerbank-10-000-mah\\\/\",\"name\":\"Sit & Heat Powerbank 10.000 mAh\",\"isPartOf\":{\"@id\":\"https:\\\/\\\/sitandheat.com\\\/#website\"},\"primaryImageOfPage\":{\"@id\":\"https:\\\/\\\/sitandheat.com\\\/product\\\/powerbank-10-000-mah\\\/#primaryimage\"},\"image\":{\"@id\":\"https:\\\/\\\/sitandheat.com\\\/product\\\/powerbank-10-000-mah\\\/#primaryimage\"},\"thumbnailUrl\":\"https:\\\/\\\/sitandheat.com\\\/wp-content\\\/uploads\\\/2023\\\/11\\\/Powerbank_Main_Featured.webp\",\"datePublished\":\"2023-11-13T13:49:12+00:00\",\"dateModified\":\"2024-01-19T09:44:20+00:00\",\"description\":\"Houd apparaten opgeladen met de Sit & Heat Power Bank 10000mAh. Betrouwbare energie voor verwarmingskussens of apparaten. Blijf voorzien van stroom met Sit & Heat.\",\"breadcrumb\":{\"@id\":\"https:\\\/\\\/sitandheat.com\\\/product\\\/powerbank-10-000-mah\\\/#breadcrumb\"},\"inLanguage\":\"de\",\"potentialAction\":[{\"@type\":\"ReadAction\",\"target\":[\"https:\\\/\\\/sitandheat.com\\\/product\\\/powerbank-10-000-mah\\\/\"]}]},{\"@type\":\"ImageObject\",\"inLanguage\":\"de\",\"@id\":\"https:\\\/\\\/sitandheat.com\\\/product\\\/powerbank-10-000-mah\\\/#primaryimage\",\"url\":\"https:\\\/\\\/sitandheat.com\\\/wp-content\\\/uploads\\\/2023\\\/11\\\/Powerbank_Main_Featured.webp\",\"contentUrl\":\"https:\\\/\\\/sitandheat.com\\\/wp-content\\\/uploads\\\/2023\\\/11\\\/Powerbank_Main_Featured.webp\",\"width\":800,\"height\":1200},{\"@type\":\"BreadcrumbList\",\"@id\":\"https:\\\/\\\/sitandheat.com\\\/product\\\/powerbank-10-000-mah\\\/#breadcrumb\",\"itemListElement\":[{\"@type\":\"ListItem\",\"position\":1,\"name\":\"Home\",\"item\":\"https:\\\/\\\/sitandheat.com\\\/\"},{\"@type\":\"ListItem\",\"position\":2,\"name\":\"Shop\",\"item\":\"https:\\\/\\\/sitandheat.com\\\/shop\\\/\"},{\"@type\":\"ListItem\",\"position\":3,\"name\":\"Powerbank 10.000 mAh\"}]},{\"@type\":\"WebSite\",\"@id\":\"https:\\\/\\\/sitandheat.com\\\/#website\",\"url\":\"https:\\\/\\\/sitandheat.com\\\/\",\"name\":\"Sit &amp; Heat\",\"description\":\"Slimme warmtekussens in jouw stijl\",\"publisher\":{\"@id\":\"https:\\\/\\\/sitandheat.com\\\/#organization\"},\"potentialAction\":[{\"@type\":\"SearchAction\",\"target\":{\"@type\":\"EntryPoint\",\"urlTemplate\":\"https:\\\/\\\/sitandheat.com\\\/?s={search_term_string}\"},\"query-input\":{\"@type\":\"PropertyValueSpecification\",\"valueRequired\":true,\"valueName\":\"search_term_string\"}}],\"inLanguage\":\"de\"},{\"@type\":\"Organization\",\"@id\":\"https:\\\/\\\/sitandheat.com\\\/#organization\",\"name\":\"Sit &amp; Heat\",\"url\":\"https:\\\/\\\/sitandheat.com\\\/\",\"logo\":{\"@type\":\"ImageObject\",\"inLanguage\":\"de\",\"@id\":\"https:\\\/\\\/sitandheat.com\\\/#\\\/schema\\\/logo\\\/image\\\/\",\"url\":\"https:\\\/\\\/sitandheat.com\\\/wp-content\\\/uploads\\\/2023\\\/11\\\/SH_LogoWit-1.svg\",\"contentUrl\":\"https:\\\/\\\/sitandheat.com\\\/wp-content\\\/uploads\\\/2023\\\/11\\\/SH_LogoWit-1.svg\",\"width\":\"1024\",\"height\":\"1024\",\"caption\":\"Sit &amp; Heat\"},\"image\":{\"@id\":\"https:\\\/\\\/sitandheat.com\\\/#\\\/schema\\\/logo\\\/image\\\/\"},\"sameAs\":[\"https:\\\/\\\/www.facebook.com\\\/SitandHeat\"]}]}<\/script>\n<!-- \/ Yoast SEO plugin. -->","yoast_head_json":{"title":"Sit &amp; Heat Powerbank 10.000 mAh","description":"Halten Sie Ihre Ger\u00e4te mit der Sit &amp; Heat Power Bank 10000mAh geladen. Zuverl\u00e4ssige Energie f\u00fcr Heizkissen oder Ger\u00e4te. Bleiben Sie unter Strom mit Sit &amp; Heat.","robots":{"index":"index","follow":"follow","max-snippet":"max-snippet:-1","max-image-preview":"max-image-preview:large","max-video-preview":"max-video-preview:-1"},"canonical":"https:\/\/sitandheat.com\/de\/produkt\/powerbank-10-000-mah\/","og_locale":"de_DE","og_type":"article","og_title":"Sit & Heat Powerbank 10.000 mAh","og_description":"Houd apparaten opgeladen met de Sit & Heat Power Bank 10000mAh. Betrouwbare energie voor verwarmingskussens of apparaten. Blijf voorzien van stroom met Sit & Heat.","og_url":"https:\/\/sitandheat.com\/de\/produkt\/powerbank-10-000-mah\/","og_site_name":"Sit &amp; Heat","article_publisher":"https:\/\/www.facebook.com\/SitandHeat","article_modified_time":"2024-01-19T09:44:20+00:00","og_image":[{"width":800,"height":1200,"url":"https:\/\/sitandheat.com\/wp-content\/uploads\/2023\/11\/Powerbank_Main_Featured.webp","type":"image\/webp"}],"twitter_card":"summary_large_image","twitter_misc":{"Gesch\u00e4tzte Lesezeit":"1\u00a0Minute"},"schema":{"@context":"https:\/\/schema.org","@graph":[{"@type":"WebPage","@id":"https:\/\/sitandheat.com\/product\/powerbank-10-000-mah\/","url":"https:\/\/sitandheat.com\/product\/powerbank-10-000-mah\/","name":"Sit &amp; Heat Powerbank 10.000 mAh","isPartOf":{"@id":"https:\/\/sitandheat.com\/#website"},"primaryImageOfPage":{"@id":"https:\/\/sitandheat.com\/product\/powerbank-10-000-mah\/#primaryimage"},"image":{"@id":"https:\/\/sitandheat.com\/product\/powerbank-10-000-mah\/#primaryimage"},"thumbnailUrl":"https:\/\/sitandheat.com\/wp-content\/uploads\/2023\/11\/Powerbank_Main_Featured.webp","datePublished":"2023-11-13T13:49:12+00:00","dateModified":"2024-01-19T09:44:20+00:00","description":"Halten Sie Ihre Ger\u00e4te mit der Sit &amp; Heat Power Bank 10000mAh geladen. Zuverl\u00e4ssige Energie f\u00fcr Heizkissen oder Ger\u00e4te. Bleiben Sie unter Strom mit Sit &amp; Heat.","breadcrumb":{"@id":"https:\/\/sitandheat.com\/product\/powerbank-10-000-mah\/#breadcrumb"},"inLanguage":"de","potentialAction":[{"@type":"ReadAction","target":["https:\/\/sitandheat.com\/product\/powerbank-10-000-mah\/"]}]},{"@type":"ImageObject","inLanguage":"de","@id":"https:\/\/sitandheat.com\/product\/powerbank-10-000-mah\/#primaryimage","url":"https:\/\/sitandheat.com\/wp-content\/uploads\/2023\/11\/Powerbank_Main_Featured.webp","contentUrl":"https:\/\/sitandheat.com\/wp-content\/uploads\/2023\/11\/Powerbank_Main_Featured.webp","width":800,"height":1200},{"@type":"BreadcrumbList","@id":"https:\/\/sitandheat.com\/product\/powerbank-10-000-mah\/#breadcrumb","itemListElement":[{"@type":"ListItem","position":1,"name":"Home","item":"https:\/\/sitandheat.com\/"},{"@type":"ListItem","position":2,"name":"Shop","item":"https:\/\/sitandheat.com\/shop\/"},{"@type":"ListItem","position":3,"name":"Powerbank 10.000 mAh"}]},{"@type":"WebSite","@id":"https:\/\/sitandheat.com\/#website","url":"https:\/\/sitandheat.com\/","name":"Sitzen &amp; W\u00e4rmen","description":"Intelligente W\u00e4rmekissen in Ihrem Stil","publisher":{"@id":"https:\/\/sitandheat.com\/#organization"},"potentialAction":[{"@type":"SearchAction","target":{"@type":"EntryPoint","urlTemplate":"https:\/\/sitandheat.com\/?s={search_term_string}"},"query-input":{"@type":"PropertyValueSpecification","valueRequired":true,"valueName":"search_term_string"}}],"inLanguage":"de"},{"@type":"Organization","@id":"https:\/\/sitandheat.com\/#organization","name":"Sitzen &amp; W\u00e4rmen","url":"https:\/\/sitandheat.com\/","logo":{"@type":"ImageObject","inLanguage":"de","@id":"https:\/\/sitandheat.com\/#\/schema\/logo\/image\/","url":"https:\/\/sitandheat.com\/wp-content\/uploads\/2023\/11\/SH_LogoWit-1.svg","contentUrl":"https:\/\/sitandheat.com\/wp-content\/uploads\/2023\/11\/SH_LogoWit-1.svg","width":"1024","height":"1024","caption":"Sit &amp; Heat"},"image":{"@id":"https:\/\/sitandheat.com\/#\/schema\/logo\/image\/"},"sameAs":["https:\/\/www.facebook.com\/SitandHeat"]}]}},"jetpack_sharing_enabled":true,"_links":{"self":[{"href":"https:\/\/sitandheat.com\/de\/wp-json\/wp\/v2\/product\/9718","targetHints":{"allow":["GET"]}}],"collection":[{"href":"https:\/\/sitandheat.com\/de\/wp-json\/wp\/v2\/product"}],"about":[{"href":"https:\/\/sitandheat.com\/de\/wp-json\/wp\/v2\/types\/product"}],"replies":[{"embeddable":true,"href":"https:\/\/sitandheat.com\/de\/wp-json\/wp\/v2\/comments?post=9718"}],"wp:featuredmedia":[{"embeddable":true,"href":"https:\/\/sitandheat.com\/de\/wp-json\/wp\/v2\/media\/10527"}],"wp:attachment":[{"href":"https:\/\/sitandheat.com\/de\/wp-json\/wp\/v2\/media?parent=9718"}],"wp:term":[{"taxonomy":"product_brand","embeddable":true,"href":"https:\/\/sitandheat.com\/de\/wp-json\/wp\/v2\/product_brand?post=9718"},{"taxonomy":"product_cat","embeddable":true,"href":"https:\/\/sitandheat.com\/de\/wp-json\/wp\/v2\/product_cat?post=9718"},{"taxonomy":"product_tag","embeddable":true,"href":"https:\/\/sitandheat.com\/de\/wp-json\/wp\/v2\/product_tag?post=9718"}],"curies":[{"name":"wp","href":"https:\/\/api.w.org\/{rel}","templated":true}]}}