{"id":9715,"date":"2023-11-13T10:29:51","date_gmt":"2023-11-13T10:29:51","guid":{"rendered":"https:\/\/sitandheat.com\/?post_type=product&#038;p=9715"},"modified":"2025-11-23T23:15:46","modified_gmt":"2025-11-23T23:15:46","slug":"lounge","status":"publish","type":"product","link":"https:\/\/sitandheat.com\/de\/product\/lounge\/","title":{"rendered":"Aufenthaltsraum"},"content":{"rendered":"<p>Umweltbewusste Kissen, hinter denen wir fest stehen. Dieses bequeme Kissen h\u00e4lt Ihren ganzen K\u00f6rper warm, dank seiner beheizten R\u00fccken- und Sitzfl\u00e4che. Einmal an das Stromnetz angeschlossen, m\u00fcssen Sie sich nicht mehr darum k\u00fcmmern: Das Sit &amp; Heat-Kissen erw\u00e4rmt sich nur, wenn sich jemand darauf setzt. Sobald der Sitz wieder frei ist, schaltet sich die Heizung nach zwei Minuten automatisch ab. Gut f\u00fcr den Planeten und den Geldbeutel.<\/p>","protected":false},"excerpt":{"rendered":"<p>Machen Sie es sich auf der Lounge bequem: Dieses Sofakissen bietet bis zu drei beheizte Sitzpl\u00e4tze. Das Kissen besteht aus einer beheizten R\u00fccken- und Sitzfl\u00e4che und wird nach Ma\u00df gefertigt.<\/p>","protected":false},"featured_media":13283,"comment_status":"open","ping_status":"closed","template":"","meta":{"_acf_changed":false,"content-type":"","inline_featured_image":false},"product_brand":[],"product_cat":[30],"product_tag":[52,50],"class_list":{"0":"post-9715","1":"product","2":"type-product","3":"status-publish","4":"has-post-thumbnail","6":"product_cat-outdoor","7":"product_tag-horeca","8":"product_tag-op-maat-gemaakt","10":"first","11":"instock","12":"featured","13":"taxable","14":"shipping-taxable","15":"purchasable","16":"product-type-simple"},"acf":[],"yoast_head":"<!-- This site is optimized with the Yoast SEO plugin v27.4 - https:\/\/yoast.com\/product\/yoast-seo-wordpress\/ -->\n<title>Sit &amp; Heat | Verwarmd Lounge kussen<\/title>\n<meta name=\"description\" content=\"Geniet duurzaam met het Sit &amp; Heat Lounge kussen. Comfort op maat en duurzaamheid voor buiten. Personaliseer uw loungervaring met Sit &amp; Heat.\" \/>\n<meta name=\"robots\" content=\"index, follow, max-snippet:-1, max-image-preview:large, max-video-preview:-1\" \/>\n<link rel=\"canonical\" href=\"https:\/\/sitandheat.com\/de\/produkt\/lounge\/\" \/>\n<meta property=\"og:locale\" content=\"de_DE\" \/>\n<meta property=\"og:type\" content=\"article\" \/>\n<meta property=\"og:title\" content=\"Sit &amp; Heat | Verwarmd Lounge kussen\" \/>\n<meta property=\"og:description\" content=\"Geniet duurzaam met het Sit &amp; Heat Lounge kussen. Comfort op maat en duurzaamheid voor buiten. Personaliseer uw loungervaring met Sit &amp; Heat.\" \/>\n<meta property=\"og:url\" content=\"https:\/\/sitandheat.com\/de\/produkt\/lounge\/\" \/>\n<meta property=\"og:site_name\" content=\"Sit &amp; Heat\" \/>\n<meta property=\"article:publisher\" content=\"https:\/\/www.facebook.com\/SitandHeat\" \/>\n<meta property=\"article:modified_time\" content=\"2025-11-23T23:15:46+00:00\" \/>\n<meta property=\"og:image\" content=\"https:\/\/sitandheat.com\/wp-content\/uploads\/2023\/11\/Lounge2.jpg\" \/>\n\t<meta property=\"og:image:width\" content=\"800\" \/>\n\t<meta property=\"og:image:height\" content=\"800\" \/>\n\t<meta property=\"og:image:type\" content=\"image\/jpeg\" \/>\n<meta name=\"twitter:card\" content=\"summary_large_image\" \/>\n<meta name=\"twitter:label1\" content=\"Gesch\u00e4tzte Lesezeit\" \/>\n\t<meta name=\"twitter:data1\" content=\"1\u00a0Minute\" \/>\n<script type=\"application\/ld+json\" class=\"yoast-schema-graph\">{\"@context\":\"https:\\\/\\\/schema.org\",\"@graph\":[{\"@type\":\"WebPage\",\"@id\":\"https:\\\/\\\/sitandheat.com\\\/product\\\/lounge\\\/\",\"url\":\"https:\\\/\\\/sitandheat.com\\\/product\\\/lounge\\\/\",\"name\":\"Sit & Heat | Verwarmd Lounge kussen\",\"isPartOf\":{\"@id\":\"https:\\\/\\\/sitandheat.com\\\/#website\"},\"primaryImageOfPage\":{\"@id\":\"https:\\\/\\\/sitandheat.com\\\/product\\\/lounge\\\/#primaryimage\"},\"image\":{\"@id\":\"https:\\\/\\\/sitandheat.com\\\/product\\\/lounge\\\/#primaryimage\"},\"thumbnailUrl\":\"https:\\\/\\\/sitandheat.com\\\/wp-content\\\/uploads\\\/2023\\\/11\\\/Lounge2.jpg\",\"datePublished\":\"2023-11-13T10:29:51+00:00\",\"dateModified\":\"2025-11-23T23:15:46+00:00\",\"description\":\"Geniet duurzaam met het Sit & Heat Lounge kussen. Comfort op maat en duurzaamheid voor buiten. Personaliseer uw loungervaring met Sit & Heat.\",\"breadcrumb\":{\"@id\":\"https:\\\/\\\/sitandheat.com\\\/product\\\/lounge\\\/#breadcrumb\"},\"inLanguage\":\"de\",\"potentialAction\":[{\"@type\":\"ReadAction\",\"target\":[\"https:\\\/\\\/sitandheat.com\\\/product\\\/lounge\\\/\"]}]},{\"@type\":\"ImageObject\",\"inLanguage\":\"de\",\"@id\":\"https:\\\/\\\/sitandheat.com\\\/product\\\/lounge\\\/#primaryimage\",\"url\":\"https:\\\/\\\/sitandheat.com\\\/wp-content\\\/uploads\\\/2023\\\/11\\\/Lounge2.jpg\",\"contentUrl\":\"https:\\\/\\\/sitandheat.com\\\/wp-content\\\/uploads\\\/2023\\\/11\\\/Lounge2.jpg\",\"width\":800,\"height\":800,\"caption\":\"Heated Lounge Cushion from Sit & Heat\"},{\"@type\":\"BreadcrumbList\",\"@id\":\"https:\\\/\\\/sitandheat.com\\\/product\\\/lounge\\\/#breadcrumb\",\"itemListElement\":[{\"@type\":\"ListItem\",\"position\":1,\"name\":\"Home\",\"item\":\"https:\\\/\\\/sitandheat.com\\\/\"},{\"@type\":\"ListItem\",\"position\":2,\"name\":\"Shop\",\"item\":\"https:\\\/\\\/sitandheat.com\\\/shop\\\/\"},{\"@type\":\"ListItem\",\"position\":3,\"name\":\"Lounge\"}]},{\"@type\":\"WebSite\",\"@id\":\"https:\\\/\\\/sitandheat.com\\\/#website\",\"url\":\"https:\\\/\\\/sitandheat.com\\\/\",\"name\":\"Sit &amp; Heat\",\"description\":\"Slimme warmtekussens in jouw stijl\",\"publisher\":{\"@id\":\"https:\\\/\\\/sitandheat.com\\\/#organization\"},\"potentialAction\":[{\"@type\":\"SearchAction\",\"target\":{\"@type\":\"EntryPoint\",\"urlTemplate\":\"https:\\\/\\\/sitandheat.com\\\/?s={search_term_string}\"},\"query-input\":{\"@type\":\"PropertyValueSpecification\",\"valueRequired\":true,\"valueName\":\"search_term_string\"}}],\"inLanguage\":\"de\"},{\"@type\":\"Organization\",\"@id\":\"https:\\\/\\\/sitandheat.com\\\/#organization\",\"name\":\"Sit &amp; Heat\",\"url\":\"https:\\\/\\\/sitandheat.com\\\/\",\"logo\":{\"@type\":\"ImageObject\",\"inLanguage\":\"de\",\"@id\":\"https:\\\/\\\/sitandheat.com\\\/#\\\/schema\\\/logo\\\/image\\\/\",\"url\":\"https:\\\/\\\/sitandheat.com\\\/wp-content\\\/uploads\\\/2023\\\/11\\\/SH_LogoWit-1.svg\",\"contentUrl\":\"https:\\\/\\\/sitandheat.com\\\/wp-content\\\/uploads\\\/2023\\\/11\\\/SH_LogoWit-1.svg\",\"width\":\"1024\",\"height\":\"1024\",\"caption\":\"Sit &amp; Heat\"},\"image\":{\"@id\":\"https:\\\/\\\/sitandheat.com\\\/#\\\/schema\\\/logo\\\/image\\\/\"},\"sameAs\":[\"https:\\\/\\\/www.facebook.com\\\/SitandHeat\"]}]}<\/script>\n<!-- \/ Yoast SEO plugin. -->","yoast_head_json":{"title":"Sit &amp; Heat | Beheiztes Lounge-Kissen","description":"Nachhaltig genie\u00dfen mit dem Sit &amp; Heat Lounge-Kissen. Ma\u00dfgeschneiderter Komfort und Haltbarkeit im Freien. Personalisieren Sie Ihr Lounge-Erlebnis mit Sit &amp; Heat.","robots":{"index":"index","follow":"follow","max-snippet":"max-snippet:-1","max-image-preview":"max-image-preview:large","max-video-preview":"max-video-preview:-1"},"canonical":"https:\/\/sitandheat.com\/de\/produkt\/lounge\/","og_locale":"de_DE","og_type":"article","og_title":"Sit & Heat | Verwarmd Lounge kussen","og_description":"Geniet duurzaam met het Sit & Heat Lounge kussen. Comfort op maat en duurzaamheid voor buiten. Personaliseer uw loungervaring met Sit & Heat.","og_url":"https:\/\/sitandheat.com\/de\/produkt\/lounge\/","og_site_name":"Sit &amp; Heat","article_publisher":"https:\/\/www.facebook.com\/SitandHeat","article_modified_time":"2025-11-23T23:15:46+00:00","og_image":[{"width":800,"height":800,"url":"https:\/\/sitandheat.com\/wp-content\/uploads\/2023\/11\/Lounge2.jpg","type":"image\/jpeg"}],"twitter_card":"summary_large_image","twitter_misc":{"Gesch\u00e4tzte Lesezeit":"1\u00a0Minute"},"schema":{"@context":"https:\/\/schema.org","@graph":[{"@type":"WebPage","@id":"https:\/\/sitandheat.com\/product\/lounge\/","url":"https:\/\/sitandheat.com\/product\/lounge\/","name":"Sit &amp; Heat | Beheiztes Lounge-Kissen","isPartOf":{"@id":"https:\/\/sitandheat.com\/#website"},"primaryImageOfPage":{"@id":"https:\/\/sitandheat.com\/product\/lounge\/#primaryimage"},"image":{"@id":"https:\/\/sitandheat.com\/product\/lounge\/#primaryimage"},"thumbnailUrl":"https:\/\/sitandheat.com\/wp-content\/uploads\/2023\/11\/Lounge2.jpg","datePublished":"2023-11-13T10:29:51+00:00","dateModified":"2025-11-23T23:15:46+00:00","description":"Nachhaltig genie\u00dfen mit dem Sit &amp; Heat Lounge-Kissen. Ma\u00dfgeschneiderter Komfort und Haltbarkeit im Freien. Personalisieren Sie Ihr Lounge-Erlebnis mit Sit &amp; Heat.","breadcrumb":{"@id":"https:\/\/sitandheat.com\/product\/lounge\/#breadcrumb"},"inLanguage":"de","potentialAction":[{"@type":"ReadAction","target":["https:\/\/sitandheat.com\/product\/lounge\/"]}]},{"@type":"ImageObject","inLanguage":"de","@id":"https:\/\/sitandheat.com\/product\/lounge\/#primaryimage","url":"https:\/\/sitandheat.com\/wp-content\/uploads\/2023\/11\/Lounge2.jpg","contentUrl":"https:\/\/sitandheat.com\/wp-content\/uploads\/2023\/11\/Lounge2.jpg","width":800,"height":800,"caption":"Heated Lounge Cushion from Sit & Heat"},{"@type":"BreadcrumbList","@id":"https:\/\/sitandheat.com\/product\/lounge\/#breadcrumb","itemListElement":[{"@type":"ListItem","position":1,"name":"Home","item":"https:\/\/sitandheat.com\/"},{"@type":"ListItem","position":2,"name":"Shop","item":"https:\/\/sitandheat.com\/shop\/"},{"@type":"ListItem","position":3,"name":"Lounge"}]},{"@type":"WebSite","@id":"https:\/\/sitandheat.com\/#website","url":"https:\/\/sitandheat.com\/","name":"Sitzen &amp; W\u00e4rmen","description":"Intelligente W\u00e4rmekissen in Ihrem Stil","publisher":{"@id":"https:\/\/sitandheat.com\/#organization"},"potentialAction":[{"@type":"SearchAction","target":{"@type":"EntryPoint","urlTemplate":"https:\/\/sitandheat.com\/?s={search_term_string}"},"query-input":{"@type":"PropertyValueSpecification","valueRequired":true,"valueName":"search_term_string"}}],"inLanguage":"de"},{"@type":"Organization","@id":"https:\/\/sitandheat.com\/#organization","name":"Sitzen &amp; W\u00e4rmen","url":"https:\/\/sitandheat.com\/","logo":{"@type":"ImageObject","inLanguage":"de","@id":"https:\/\/sitandheat.com\/#\/schema\/logo\/image\/","url":"https:\/\/sitandheat.com\/wp-content\/uploads\/2023\/11\/SH_LogoWit-1.svg","contentUrl":"https:\/\/sitandheat.com\/wp-content\/uploads\/2023\/11\/SH_LogoWit-1.svg","width":"1024","height":"1024","caption":"Sit &amp; Heat"},"image":{"@id":"https:\/\/sitandheat.com\/#\/schema\/logo\/image\/"},"sameAs":["https:\/\/www.facebook.com\/SitandHeat"]}]}},"jetpack_sharing_enabled":true,"_links":{"self":[{"href":"https:\/\/sitandheat.com\/de\/wp-json\/wp\/v2\/product\/9715","targetHints":{"allow":["GET"]}}],"collection":[{"href":"https:\/\/sitandheat.com\/de\/wp-json\/wp\/v2\/product"}],"about":[{"href":"https:\/\/sitandheat.com\/de\/wp-json\/wp\/v2\/types\/product"}],"replies":[{"embeddable":true,"href":"https:\/\/sitandheat.com\/de\/wp-json\/wp\/v2\/comments?post=9715"}],"wp:featuredmedia":[{"embeddable":true,"href":"https:\/\/sitandheat.com\/de\/wp-json\/wp\/v2\/media\/13283"}],"wp:attachment":[{"href":"https:\/\/sitandheat.com\/de\/wp-json\/wp\/v2\/media?parent=9715"}],"wp:term":[{"taxonomy":"product_brand","embeddable":true,"href":"https:\/\/sitandheat.com\/de\/wp-json\/wp\/v2\/product_brand?post=9715"},{"taxonomy":"product_cat","embeddable":true,"href":"https:\/\/sitandheat.com\/de\/wp-json\/wp\/v2\/product_cat?post=9715"},{"taxonomy":"product_tag","embeddable":true,"href":"https:\/\/sitandheat.com\/de\/wp-json\/wp\/v2\/product_tag?post=9715"}],"curies":[{"name":"wp","href":"https:\/\/api.w.org\/{rel}","templated":true}]}}