{"id":514,"date":"2023-11-09T10:20:16","date_gmt":"2023-11-09T10:20:16","guid":{"rendered":"https:\/\/sitandheat.com\/?post_type=product&#038;p=514"},"modified":"2026-04-14T11:40:29","modified_gmt":"2026-04-14T11:40:29","slug":"warmekissen-teddy-rechteckig","status":"publish","type":"product","link":"https:\/\/sitandheat.com\/de\/product\/warmtekussen-teddy-rectangle\/","title":{"rendered":"Teddy 60x40 cm"},"content":{"rendered":"<p>Mit dem Stoff deines Lieblingsteddys. Dieses Kissen ist wie geschaffen zum Kuscheln. Mit seinem weichen Stoff und seiner rechteckigen Form geh\u00f6rt es in Ihr Zuhause, um sich zu entspannen. Inklusive Batterie.<\/p>","protected":false},"excerpt":{"rendered":"<p>Unser Teddy Rectangle W\u00e4rmekissen ist so weich wie nur m\u00f6glich. Mit seiner rechteckigen Form und seinem bequemen Design werden Sie seine W\u00e4rme nicht mehr loslassen wollen. Inklusive Batterie.<\/p>","protected":false},"featured_media":10261,"comment_status":"open","ping_status":"closed","template":"","meta":{"_acf_changed":false,"content-type":"","inline_featured_image":false},"product_brand":[],"product_cat":[29],"product_tag":[53,46],"class_list":{"0":"post-514","1":"product","2":"type-product","3":"status-publish","4":"has-post-thumbnail","6":"product_cat-indoor","7":"product_tag-thuis","8":"product_tag-vandaag-besteld-morgen-in-huis","10":"first","11":"instock","12":"featured","13":"taxable","14":"shipping-taxable","15":"purchasable","16":"product-type-variable","17":"has-default-attributes"},"acf":[],"yoast_head":"<!-- This site is optimized with the Yoast SEO plugin v27.4 - https:\/\/yoast.com\/product\/yoast-seo-wordpress\/ -->\n<title>Sit &amp; Heat | Klassiek Verwarmd Stoelkussen - Teddy<\/title>\n<meta name=\"description\" content=\"Kruip lekker onderuit met het Teddy verwarmingskussen van Sit &amp; Heat. Zachte, oplaadbare en snoerloze warmte. Ontdek de knusheid met Sit &amp; Heat.\" \/>\n<meta name=\"robots\" content=\"index, follow, max-snippet:-1, max-image-preview:large, max-video-preview:-1\" \/>\n<link rel=\"canonical\" href=\"https:\/\/sitandheat.com\/de\/produkt\/warmekissen-teddy-rechteckig\/\" \/>\n<meta property=\"og:locale\" content=\"de_DE\" \/>\n<meta property=\"og:type\" content=\"article\" \/>\n<meta property=\"og:title\" content=\"Sit &amp; Heat | Klassiek Verwarmd Stoelkussen - Teddy\" \/>\n<meta property=\"og:description\" content=\"Kruip lekker onderuit met het Teddy verwarmingskussen van Sit &amp; Heat. Zachte, oplaadbare en snoerloze warmte. Ontdek de knusheid met Sit &amp; Heat.\" \/>\n<meta property=\"og:url\" content=\"https:\/\/sitandheat.com\/de\/produkt\/warmekissen-teddy-rechteckig\/\" \/>\n<meta property=\"og:site_name\" content=\"Sit &amp; Heat\" \/>\n<meta property=\"article:publisher\" content=\"https:\/\/www.facebook.com\/SitandHeat\" \/>\n<meta property=\"article:modified_time\" content=\"2026-04-14T11:40:29+00:00\" \/>\n<meta property=\"og:image\" content=\"https:\/\/sitandheat.com\/wp-content\/uploads\/2023\/11\/HQ_Teddy_Voorkant_6040_Roze.webp\" \/>\n\t<meta property=\"og:image:width\" content=\"1200\" \/>\n\t<meta property=\"og:image:height\" content=\"1200\" \/>\n\t<meta property=\"og:image:type\" content=\"image\/webp\" \/>\n<meta name=\"twitter:card\" content=\"summary_large_image\" \/>\n<meta name=\"twitter:label1\" content=\"Gesch\u00e4tzte Lesezeit\" \/>\n\t<meta name=\"twitter:data1\" content=\"1\u00a0Minute\" \/>\n<script type=\"application\/ld+json\" class=\"yoast-schema-graph\">{\"@context\":\"https:\\\/\\\/schema.org\",\"@graph\":[{\"@type\":\"WebPage\",\"@id\":\"https:\\\/\\\/sitandheat.com\\\/product\\\/warmtekussen-teddy-rectangle\\\/\",\"url\":\"https:\\\/\\\/sitandheat.com\\\/product\\\/warmtekussen-teddy-rectangle\\\/\",\"name\":\"Sit & Heat | Klassiek Verwarmd Stoelkussen - Teddy\",\"isPartOf\":{\"@id\":\"https:\\\/\\\/sitandheat.com\\\/#website\"},\"primaryImageOfPage\":{\"@id\":\"https:\\\/\\\/sitandheat.com\\\/product\\\/warmtekussen-teddy-rectangle\\\/#primaryimage\"},\"image\":{\"@id\":\"https:\\\/\\\/sitandheat.com\\\/product\\\/warmtekussen-teddy-rectangle\\\/#primaryimage\"},\"thumbnailUrl\":\"https:\\\/\\\/sitandheat.com\\\/wp-content\\\/uploads\\\/2023\\\/11\\\/HQ_Teddy_Voorkant_6040_Roze.webp\",\"datePublished\":\"2023-11-09T10:20:16+00:00\",\"dateModified\":\"2026-04-14T11:40:29+00:00\",\"description\":\"Kruip lekker onderuit met het Teddy verwarmingskussen van Sit & Heat. Zachte, oplaadbare en snoerloze warmte. Ontdek de knusheid met Sit & Heat.\",\"breadcrumb\":{\"@id\":\"https:\\\/\\\/sitandheat.com\\\/product\\\/warmtekussen-teddy-rectangle\\\/#breadcrumb\"},\"inLanguage\":\"de\",\"potentialAction\":[{\"@type\":\"ReadAction\",\"target\":[\"https:\\\/\\\/sitandheat.com\\\/product\\\/warmtekussen-teddy-rectangle\\\/\"]}]},{\"@type\":\"ImageObject\",\"inLanguage\":\"de\",\"@id\":\"https:\\\/\\\/sitandheat.com\\\/product\\\/warmtekussen-teddy-rectangle\\\/#primaryimage\",\"url\":\"https:\\\/\\\/sitandheat.com\\\/wp-content\\\/uploads\\\/2023\\\/11\\\/HQ_Teddy_Voorkant_6040_Roze.webp\",\"contentUrl\":\"https:\\\/\\\/sitandheat.com\\\/wp-content\\\/uploads\\\/2023\\\/11\\\/HQ_Teddy_Voorkant_6040_Roze.webp\",\"width\":1200,\"height\":1200,\"caption\":\"Teddy Heated Cushion from Sit & Heat\"},{\"@type\":\"BreadcrumbList\",\"@id\":\"https:\\\/\\\/sitandheat.com\\\/product\\\/warmtekussen-teddy-rectangle\\\/#breadcrumb\",\"itemListElement\":[{\"@type\":\"ListItem\",\"position\":1,\"name\":\"Home\",\"item\":\"https:\\\/\\\/sitandheat.com\\\/\"},{\"@type\":\"ListItem\",\"position\":2,\"name\":\"Shop\",\"item\":\"https:\\\/\\\/sitandheat.com\\\/shop\\\/\"},{\"@type\":\"ListItem\",\"position\":3,\"name\":\"Teddy 60x40 cm\"}]},{\"@type\":\"WebSite\",\"@id\":\"https:\\\/\\\/sitandheat.com\\\/#website\",\"url\":\"https:\\\/\\\/sitandheat.com\\\/\",\"name\":\"Sit &amp; Heat\",\"description\":\"Slimme warmtekussens in jouw stijl\",\"publisher\":{\"@id\":\"https:\\\/\\\/sitandheat.com\\\/#organization\"},\"potentialAction\":[{\"@type\":\"SearchAction\",\"target\":{\"@type\":\"EntryPoint\",\"urlTemplate\":\"https:\\\/\\\/sitandheat.com\\\/?s={search_term_string}\"},\"query-input\":{\"@type\":\"PropertyValueSpecification\",\"valueRequired\":true,\"valueName\":\"search_term_string\"}}],\"inLanguage\":\"de\"},{\"@type\":\"Organization\",\"@id\":\"https:\\\/\\\/sitandheat.com\\\/#organization\",\"name\":\"Sit &amp; Heat\",\"url\":\"https:\\\/\\\/sitandheat.com\\\/\",\"logo\":{\"@type\":\"ImageObject\",\"inLanguage\":\"de\",\"@id\":\"https:\\\/\\\/sitandheat.com\\\/#\\\/schema\\\/logo\\\/image\\\/\",\"url\":\"https:\\\/\\\/sitandheat.com\\\/wp-content\\\/uploads\\\/2023\\\/11\\\/SH_LogoWit-1.svg\",\"contentUrl\":\"https:\\\/\\\/sitandheat.com\\\/wp-content\\\/uploads\\\/2023\\\/11\\\/SH_LogoWit-1.svg\",\"width\":\"1024\",\"height\":\"1024\",\"caption\":\"Sit &amp; Heat\"},\"image\":{\"@id\":\"https:\\\/\\\/sitandheat.com\\\/#\\\/schema\\\/logo\\\/image\\\/\"},\"sameAs\":[\"https:\\\/\\\/www.facebook.com\\\/SitandHeat\"]}]}<\/script>\n<!-- \/ Yoast SEO plugin. -->","yoast_head_json":{"title":"Sit &amp; Heat | Classic Beheiztes Stuhlkissen - Teddy","description":"Kuscheln Sie sich ein mit dem Teddy-Heizkissen von Sit &amp; Heat. Sanfte, wiederaufladbare und kabellose W\u00e4rme. Entdecken Sie Gem\u00fctlichkeit mit Sit &amp; Heat.","robots":{"index":"index","follow":"follow","max-snippet":"max-snippet:-1","max-image-preview":"max-image-preview:large","max-video-preview":"max-video-preview:-1"},"canonical":"https:\/\/sitandheat.com\/de\/produkt\/warmekissen-teddy-rechteckig\/","og_locale":"de_DE","og_type":"article","og_title":"Sit & Heat | Klassiek Verwarmd Stoelkussen - Teddy","og_description":"Kruip lekker onderuit met het Teddy verwarmingskussen van Sit & Heat. Zachte, oplaadbare en snoerloze warmte. Ontdek de knusheid met Sit & Heat.","og_url":"https:\/\/sitandheat.com\/de\/produkt\/warmekissen-teddy-rechteckig\/","og_site_name":"Sit &amp; Heat","article_publisher":"https:\/\/www.facebook.com\/SitandHeat","article_modified_time":"2026-04-14T11:40:29+00:00","og_image":[{"width":1200,"height":1200,"url":"https:\/\/sitandheat.com\/wp-content\/uploads\/2023\/11\/HQ_Teddy_Voorkant_6040_Roze.webp","type":"image\/webp"}],"twitter_card":"summary_large_image","twitter_misc":{"Gesch\u00e4tzte Lesezeit":"1\u00a0Minute"},"schema":{"@context":"https:\/\/schema.org","@graph":[{"@type":"WebPage","@id":"https:\/\/sitandheat.com\/product\/warmtekussen-teddy-rectangle\/","url":"https:\/\/sitandheat.com\/product\/warmtekussen-teddy-rectangle\/","name":"Sit &amp; Heat | Classic Beheiztes Stuhlkissen - Teddy","isPartOf":{"@id":"https:\/\/sitandheat.com\/#website"},"primaryImageOfPage":{"@id":"https:\/\/sitandheat.com\/product\/warmtekussen-teddy-rectangle\/#primaryimage"},"image":{"@id":"https:\/\/sitandheat.com\/product\/warmtekussen-teddy-rectangle\/#primaryimage"},"thumbnailUrl":"https:\/\/sitandheat.com\/wp-content\/uploads\/2023\/11\/HQ_Teddy_Voorkant_6040_Roze.webp","datePublished":"2023-11-09T10:20:16+00:00","dateModified":"2026-04-14T11:40:29+00:00","description":"Kuscheln Sie sich ein mit dem Teddy-Heizkissen von Sit &amp; Heat. Sanfte, wiederaufladbare und kabellose W\u00e4rme. Entdecken Sie Gem\u00fctlichkeit mit Sit &amp; Heat.","breadcrumb":{"@id":"https:\/\/sitandheat.com\/product\/warmtekussen-teddy-rectangle\/#breadcrumb"},"inLanguage":"de","potentialAction":[{"@type":"ReadAction","target":["https:\/\/sitandheat.com\/product\/warmtekussen-teddy-rectangle\/"]}]},{"@type":"ImageObject","inLanguage":"de","@id":"https:\/\/sitandheat.com\/product\/warmtekussen-teddy-rectangle\/#primaryimage","url":"https:\/\/sitandheat.com\/wp-content\/uploads\/2023\/11\/HQ_Teddy_Voorkant_6040_Roze.webp","contentUrl":"https:\/\/sitandheat.com\/wp-content\/uploads\/2023\/11\/HQ_Teddy_Voorkant_6040_Roze.webp","width":1200,"height":1200,"caption":"Teddy Heated Cushion from Sit & Heat"},{"@type":"BreadcrumbList","@id":"https:\/\/sitandheat.com\/product\/warmtekussen-teddy-rectangle\/#breadcrumb","itemListElement":[{"@type":"ListItem","position":1,"name":"Home","item":"https:\/\/sitandheat.com\/"},{"@type":"ListItem","position":2,"name":"Shop","item":"https:\/\/sitandheat.com\/shop\/"},{"@type":"ListItem","position":3,"name":"Teddy 60x40 cm"}]},{"@type":"WebSite","@id":"https:\/\/sitandheat.com\/#website","url":"https:\/\/sitandheat.com\/","name":"Sitzen &amp; W\u00e4rmen","description":"Intelligente W\u00e4rmekissen in Ihrem Stil","publisher":{"@id":"https:\/\/sitandheat.com\/#organization"},"potentialAction":[{"@type":"SearchAction","target":{"@type":"EntryPoint","urlTemplate":"https:\/\/sitandheat.com\/?s={search_term_string}"},"query-input":{"@type":"PropertyValueSpecification","valueRequired":true,"valueName":"search_term_string"}}],"inLanguage":"de"},{"@type":"Organization","@id":"https:\/\/sitandheat.com\/#organization","name":"Sitzen &amp; W\u00e4rmen","url":"https:\/\/sitandheat.com\/","logo":{"@type":"ImageObject","inLanguage":"de","@id":"https:\/\/sitandheat.com\/#\/schema\/logo\/image\/","url":"https:\/\/sitandheat.com\/wp-content\/uploads\/2023\/11\/SH_LogoWit-1.svg","contentUrl":"https:\/\/sitandheat.com\/wp-content\/uploads\/2023\/11\/SH_LogoWit-1.svg","width":"1024","height":"1024","caption":"Sit &amp; Heat"},"image":{"@id":"https:\/\/sitandheat.com\/#\/schema\/logo\/image\/"},"sameAs":["https:\/\/www.facebook.com\/SitandHeat"]}]}},"jetpack_sharing_enabled":true,"_links":{"self":[{"href":"https:\/\/sitandheat.com\/de\/wp-json\/wp\/v2\/product\/514","targetHints":{"allow":["GET"]}}],"collection":[{"href":"https:\/\/sitandheat.com\/de\/wp-json\/wp\/v2\/product"}],"about":[{"href":"https:\/\/sitandheat.com\/de\/wp-json\/wp\/v2\/types\/product"}],"replies":[{"embeddable":true,"href":"https:\/\/sitandheat.com\/de\/wp-json\/wp\/v2\/comments?post=514"}],"wp:featuredmedia":[{"embeddable":true,"href":"https:\/\/sitandheat.com\/de\/wp-json\/wp\/v2\/media\/10261"}],"wp:attachment":[{"href":"https:\/\/sitandheat.com\/de\/wp-json\/wp\/v2\/media?parent=514"}],"wp:term":[{"taxonomy":"product_brand","embeddable":true,"href":"https:\/\/sitandheat.com\/de\/wp-json\/wp\/v2\/product_brand?post=514"},{"taxonomy":"product_cat","embeddable":true,"href":"https:\/\/sitandheat.com\/de\/wp-json\/wp\/v2\/product_cat?post=514"},{"taxonomy":"product_tag","embeddable":true,"href":"https:\/\/sitandheat.com\/de\/wp-json\/wp\/v2\/product_tag?post=514"}],"curies":[{"name":"wp","href":"https:\/\/api.w.org\/{rel}","templated":true}]}}