{"id":10387,"date":"2023-12-21T14:52:42","date_gmt":"2023-12-21T14:52:42","guid":{"rendered":"https:\/\/sitandheat.com\/?page_id=10387"},"modified":"2023-12-21T14:55:58","modified_gmt":"2023-12-21T14:55:58","slug":"nachhaltige-terrassenheizung-eindhoven","status":"publish","type":"page","link":"https:\/\/sitandheat.com\/de\/verduurzaming-terrasverwarming-eindhoven\/","title":{"rendered":"Terrassenheizung nachhaltiger gestalten Eindhoven"},"content":{"rendered":"","protected":false},"excerpt":{"rendered":"","protected":false},"author":9,"featured_media":10389,"parent":0,"menu_order":0,"comment_status":"closed","ping_status":"closed","template":"","meta":{"_acf_changed":false,"content-type":"","inline_featured_image":false,"footnotes":""},"class_list":["post-10387","page","type-page","status-publish","has-post-thumbnail","hentry"],"acf":[],"yoast_head":"<!-- This site is optimized with the Yoast SEO plugin v27.3 - https:\/\/yoast.com\/product\/yoast-seo-wordpress\/ -->\n<title>Verduurzaming terrasverwarming Eindhoven - Sit &amp; Heat<\/title>\n<meta name=\"description\" content=\"Eindhoven werkt aan een duurzame toekomst. Claim hier jouw subsidie voor 8 gratis warmtekussens op jouw terras.\" \/>\n<meta name=\"robots\" content=\"index, follow, max-snippet:-1, max-image-preview:large, max-video-preview:-1\" \/>\n<link rel=\"canonical\" href=\"https:\/\/sitandheat.com\/de\/nachhaltige-terrassenheizung-eindhoven\/\" \/>\n<meta property=\"og:locale\" content=\"de_DE\" \/>\n<meta property=\"og:type\" content=\"article\" \/>\n<meta property=\"og:title\" content=\"Verduurzaming terrasverwarming Eindhoven - Sit &amp; Heat\" \/>\n<meta property=\"og:description\" content=\"Eindhoven werkt aan een duurzame toekomst. Claim hier jouw subsidie voor 8 gratis warmtekussens op jouw terras.\" \/>\n<meta property=\"og:url\" content=\"https:\/\/sitandheat.com\/de\/nachhaltige-terrassenheizung-eindhoven\/\" \/>\n<meta property=\"og:site_name\" content=\"Sit &amp; Heat\" \/>\n<meta property=\"article:publisher\" content=\"https:\/\/www.facebook.com\/SitandHeat\" \/>\n<meta property=\"article:modified_time\" content=\"2023-12-21T14:55:58+00:00\" \/>\n<meta property=\"og:image\" content=\"https:\/\/sitandheat.com\/wp-content\/uploads\/2023\/12\/Headerimage_Eindhoven_Subsidie-1.webp\" \/>\n\t<meta property=\"og:image:width\" content=\"1600\" \/>\n\t<meta property=\"og:image:height\" content=\"800\" \/>\n\t<meta property=\"og:image:type\" content=\"image\/webp\" \/>\n<meta name=\"twitter:card\" content=\"summary_large_image\" \/>\n<meta name=\"twitter:label1\" content=\"Gesch\u00e4tzte Lesezeit\" \/>\n\t<meta name=\"twitter:data1\" content=\"1\u00a0Minute\" \/>\n<script type=\"application\/ld+json\" class=\"yoast-schema-graph\">{\"@context\":\"https:\\\/\\\/schema.org\",\"@graph\":[{\"@type\":\"WebPage\",\"@id\":\"https:\\\/\\\/sitandheat.com\\\/verduurzaming-terrasverwarming-eindhoven\\\/\",\"url\":\"https:\\\/\\\/sitandheat.com\\\/verduurzaming-terrasverwarming-eindhoven\\\/\",\"name\":\"Verduurzaming terrasverwarming Eindhoven - Sit &amp; Heat\",\"isPartOf\":{\"@id\":\"https:\\\/\\\/sitandheat.com\\\/#website\"},\"primaryImageOfPage\":{\"@id\":\"https:\\\/\\\/sitandheat.com\\\/verduurzaming-terrasverwarming-eindhoven\\\/#primaryimage\"},\"image\":{\"@id\":\"https:\\\/\\\/sitandheat.com\\\/verduurzaming-terrasverwarming-eindhoven\\\/#primaryimage\"},\"thumbnailUrl\":\"https:\\\/\\\/sitandheat.com\\\/wp-content\\\/uploads\\\/2023\\\/12\\\/Headerimage_Eindhoven_Subsidie-1.webp\",\"datePublished\":\"2023-12-21T14:52:42+00:00\",\"dateModified\":\"2023-12-21T14:55:58+00:00\",\"description\":\"Eindhoven werkt aan een duurzame toekomst. Claim hier jouw subsidie voor 8 gratis warmtekussens op jouw terras.\",\"breadcrumb\":{\"@id\":\"https:\\\/\\\/sitandheat.com\\\/verduurzaming-terrasverwarming-eindhoven\\\/#breadcrumb\"},\"inLanguage\":\"de\",\"potentialAction\":[{\"@type\":\"ReadAction\",\"target\":[\"https:\\\/\\\/sitandheat.com\\\/verduurzaming-terrasverwarming-eindhoven\\\/\"]}]},{\"@type\":\"ImageObject\",\"inLanguage\":\"de\",\"@id\":\"https:\\\/\\\/sitandheat.com\\\/verduurzaming-terrasverwarming-eindhoven\\\/#primaryimage\",\"url\":\"https:\\\/\\\/sitandheat.com\\\/wp-content\\\/uploads\\\/2023\\\/12\\\/Headerimage_Eindhoven_Subsidie-1.webp\",\"contentUrl\":\"https:\\\/\\\/sitandheat.com\\\/wp-content\\\/uploads\\\/2023\\\/12\\\/Headerimage_Eindhoven_Subsidie-1.webp\",\"width\":1600,\"height\":800},{\"@type\":\"BreadcrumbList\",\"@id\":\"https:\\\/\\\/sitandheat.com\\\/verduurzaming-terrasverwarming-eindhoven\\\/#breadcrumb\",\"itemListElement\":[{\"@type\":\"ListItem\",\"position\":1,\"name\":\"Home\",\"item\":\"https:\\\/\\\/sitandheat.com\\\/\"},{\"@type\":\"ListItem\",\"position\":2,\"name\":\"Verduurzaming terrasverwarming Eindhoven\"}]},{\"@type\":\"WebSite\",\"@id\":\"https:\\\/\\\/sitandheat.com\\\/#website\",\"url\":\"https:\\\/\\\/sitandheat.com\\\/\",\"name\":\"Sit &amp; Heat\",\"description\":\"Slimme warmtekussens in jouw stijl\",\"publisher\":{\"@id\":\"https:\\\/\\\/sitandheat.com\\\/#organization\"},\"potentialAction\":[{\"@type\":\"SearchAction\",\"target\":{\"@type\":\"EntryPoint\",\"urlTemplate\":\"https:\\\/\\\/sitandheat.com\\\/?s={search_term_string}\"},\"query-input\":{\"@type\":\"PropertyValueSpecification\",\"valueRequired\":true,\"valueName\":\"search_term_string\"}}],\"inLanguage\":\"de\"},{\"@type\":\"Organization\",\"@id\":\"https:\\\/\\\/sitandheat.com\\\/#organization\",\"name\":\"Sit &amp; Heat\",\"url\":\"https:\\\/\\\/sitandheat.com\\\/\",\"logo\":{\"@type\":\"ImageObject\",\"inLanguage\":\"de\",\"@id\":\"https:\\\/\\\/sitandheat.com\\\/#\\\/schema\\\/logo\\\/image\\\/\",\"url\":\"https:\\\/\\\/sitandheat.com\\\/wp-content\\\/uploads\\\/2023\\\/11\\\/SH_LogoWit-1.svg\",\"contentUrl\":\"https:\\\/\\\/sitandheat.com\\\/wp-content\\\/uploads\\\/2023\\\/11\\\/SH_LogoWit-1.svg\",\"width\":\"1024\",\"height\":\"1024\",\"caption\":\"Sit &amp; Heat\"},\"image\":{\"@id\":\"https:\\\/\\\/sitandheat.com\\\/#\\\/schema\\\/logo\\\/image\\\/\"},\"sameAs\":[\"https:\\\/\\\/www.facebook.com\\\/SitandHeat\"]}]}<\/script>\n<!-- \/ Yoast SEO plugin. -->","yoast_head_json":{"title":"Terrassenheizung Eindhoven nachhaltiger gestalten - Sit &amp; Heat","description":"Eindhoven arbeitet an einer nachhaltigen Zukunft. Fordern Sie hier Ihren Zuschuss f\u00fcr 8 kostenlose W\u00e4rmekissen f\u00fcr Ihre Terrasse an.","robots":{"index":"index","follow":"follow","max-snippet":"max-snippet:-1","max-image-preview":"max-image-preview:large","max-video-preview":"max-video-preview:-1"},"canonical":"https:\/\/sitandheat.com\/de\/nachhaltige-terrassenheizung-eindhoven\/","og_locale":"de_DE","og_type":"article","og_title":"Verduurzaming terrasverwarming Eindhoven - Sit &amp; Heat","og_description":"Eindhoven werkt aan een duurzame toekomst. Claim hier jouw subsidie voor 8 gratis warmtekussens op jouw terras.","og_url":"https:\/\/sitandheat.com\/de\/nachhaltige-terrassenheizung-eindhoven\/","og_site_name":"Sit &amp; Heat","article_publisher":"https:\/\/www.facebook.com\/SitandHeat","article_modified_time":"2023-12-21T14:55:58+00:00","og_image":[{"width":1600,"height":800,"url":"https:\/\/sitandheat.com\/wp-content\/uploads\/2023\/12\/Headerimage_Eindhoven_Subsidie-1.webp","type":"image\/webp"}],"twitter_card":"summary_large_image","twitter_misc":{"Gesch\u00e4tzte Lesezeit":"1\u00a0Minute"},"schema":{"@context":"https:\/\/schema.org","@graph":[{"@type":"WebPage","@id":"https:\/\/sitandheat.com\/verduurzaming-terrasverwarming-eindhoven\/","url":"https:\/\/sitandheat.com\/verduurzaming-terrasverwarming-eindhoven\/","name":"Terrassenheizung Eindhoven nachhaltiger gestalten - Sit &amp; Heat","isPartOf":{"@id":"https:\/\/sitandheat.com\/#website"},"primaryImageOfPage":{"@id":"https:\/\/sitandheat.com\/verduurzaming-terrasverwarming-eindhoven\/#primaryimage"},"image":{"@id":"https:\/\/sitandheat.com\/verduurzaming-terrasverwarming-eindhoven\/#primaryimage"},"thumbnailUrl":"https:\/\/sitandheat.com\/wp-content\/uploads\/2023\/12\/Headerimage_Eindhoven_Subsidie-1.webp","datePublished":"2023-12-21T14:52:42+00:00","dateModified":"2023-12-21T14:55:58+00:00","description":"Eindhoven arbeitet an einer nachhaltigen Zukunft. Fordern Sie hier Ihren Zuschuss f\u00fcr 8 kostenlose W\u00e4rmekissen f\u00fcr Ihre Terrasse an.","breadcrumb":{"@id":"https:\/\/sitandheat.com\/verduurzaming-terrasverwarming-eindhoven\/#breadcrumb"},"inLanguage":"de","potentialAction":[{"@type":"ReadAction","target":["https:\/\/sitandheat.com\/verduurzaming-terrasverwarming-eindhoven\/"]}]},{"@type":"ImageObject","inLanguage":"de","@id":"https:\/\/sitandheat.com\/verduurzaming-terrasverwarming-eindhoven\/#primaryimage","url":"https:\/\/sitandheat.com\/wp-content\/uploads\/2023\/12\/Headerimage_Eindhoven_Subsidie-1.webp","contentUrl":"https:\/\/sitandheat.com\/wp-content\/uploads\/2023\/12\/Headerimage_Eindhoven_Subsidie-1.webp","width":1600,"height":800},{"@type":"BreadcrumbList","@id":"https:\/\/sitandheat.com\/verduurzaming-terrasverwarming-eindhoven\/#breadcrumb","itemListElement":[{"@type":"ListItem","position":1,"name":"Home","item":"https:\/\/sitandheat.com\/"},{"@type":"ListItem","position":2,"name":"Verduurzaming terrasverwarming Eindhoven"}]},{"@type":"WebSite","@id":"https:\/\/sitandheat.com\/#website","url":"https:\/\/sitandheat.com\/","name":"Sitzen &amp; W\u00e4rmen","description":"Intelligente W\u00e4rmekissen in Ihrem Stil","publisher":{"@id":"https:\/\/sitandheat.com\/#organization"},"potentialAction":[{"@type":"SearchAction","target":{"@type":"EntryPoint","urlTemplate":"https:\/\/sitandheat.com\/?s={search_term_string}"},"query-input":{"@type":"PropertyValueSpecification","valueRequired":true,"valueName":"search_term_string"}}],"inLanguage":"de"},{"@type":"Organization","@id":"https:\/\/sitandheat.com\/#organization","name":"Sitzen &amp; W\u00e4rmen","url":"https:\/\/sitandheat.com\/","logo":{"@type":"ImageObject","inLanguage":"de","@id":"https:\/\/sitandheat.com\/#\/schema\/logo\/image\/","url":"https:\/\/sitandheat.com\/wp-content\/uploads\/2023\/11\/SH_LogoWit-1.svg","contentUrl":"https:\/\/sitandheat.com\/wp-content\/uploads\/2023\/11\/SH_LogoWit-1.svg","width":"1024","height":"1024","caption":"Sit &amp; Heat"},"image":{"@id":"https:\/\/sitandheat.com\/#\/schema\/logo\/image\/"},"sameAs":["https:\/\/www.facebook.com\/SitandHeat"]}]}},"jetpack_sharing_enabled":true,"_links":{"self":[{"href":"https:\/\/sitandheat.com\/de\/wp-json\/wp\/v2\/pages\/10387","targetHints":{"allow":["GET"]}}],"collection":[{"href":"https:\/\/sitandheat.com\/de\/wp-json\/wp\/v2\/pages"}],"about":[{"href":"https:\/\/sitandheat.com\/de\/wp-json\/wp\/v2\/types\/page"}],"author":[{"embeddable":true,"href":"https:\/\/sitandheat.com\/de\/wp-json\/wp\/v2\/users\/9"}],"replies":[{"embeddable":true,"href":"https:\/\/sitandheat.com\/de\/wp-json\/wp\/v2\/comments?post=10387"}],"version-history":[{"count":1,"href":"https:\/\/sitandheat.com\/de\/wp-json\/wp\/v2\/pages\/10387\/revisions"}],"predecessor-version":[{"id":10388,"href":"https:\/\/sitandheat.com\/de\/wp-json\/wp\/v2\/pages\/10387\/revisions\/10388"}],"wp:featuredmedia":[{"embeddable":true,"href":"https:\/\/sitandheat.com\/de\/wp-json\/wp\/v2\/media\/10389"}],"wp:attachment":[{"href":"https:\/\/sitandheat.com\/de\/wp-json\/wp\/v2\/media?parent=10387"}],"curies":[{"name":"wp","href":"https:\/\/api.w.org\/{rel}","templated":true}]}}